{"id":5099,"date":"2022-07-07T10:17:24","date_gmt":"2022-07-07T08:17:24","guid":{"rendered":"https:\/\/www.fipro.si\/fipro-light-500-raw\/"},"modified":"2025-09-30T12:13:40","modified_gmt":"2025-09-30T10:13:40","slug":"fipro-light-500-raw","status":"publish","type":"page","link":"https:\/\/fipro.si\/sl\/fipro-light-500-raw\/","title":{"rendered":"FIPRO-Light-500-raw"},"content":{"rendered":"<div class='flex_column av-1x0fl0-3707e33d202da67c5ea9dfaa26e4fdf2 av_one_full  avia-builder-el-0  el_before_av_hr  avia-builder-el-first  first flex_column_div '     ><style type=\"text\/css\" data-created_by=\"avia_inline_auto\" id=\"style-css-av-l5atov6l-5d7f54d2af52640ff23075b89eb94e2a\">\n.avia-image-container.av-l5atov6l-5d7f54d2af52640ff23075b89eb94e2a img.avia_image{\nbox-shadow:none;\n}\n.avia-image-container.av-l5atov6l-5d7f54d2af52640ff23075b89eb94e2a .av-image-caption-overlay-center{\ncolor:#ffffff;\n}\n<\/style>\n<div  class='avia-image-container av-l5atov6l-5d7f54d2af52640ff23075b89eb94e2a av-styling- avia-align-center  avia-builder-el-1  avia-builder-el-no-sibling '   itemprop=\"image\" itemscope=\"itemscope\" itemtype=\"https:\/\/schema.org\/ImageObject\" ><div class=\"avia-image-container-inner\"><div class=\"avia-image-overlay-wrap\"><img decoding=\"async\" class='wp-image-4875 avia-img-lazy-loading-not-4875 avia_image ' src=\"https:\/\/fipro.si\/wp-content\/uploads\/2022\/07\/FIPRO-Light500-raw-board.jpg\" alt='' title='FIPRO-Light500-raw-board'  height=\"1000\" width=\"2000\"  itemprop=\"thumbnailUrl\" srcset=\"https:\/\/fipro.si\/wp-content\/uploads\/2022\/07\/FIPRO-Light500-raw-board.jpg 2000w, https:\/\/fipro.si\/wp-content\/uploads\/2022\/07\/FIPRO-Light500-raw-board-300x150.jpg 300w, https:\/\/fipro.si\/wp-content\/uploads\/2022\/07\/FIPRO-Light500-raw-board-1030x515.jpg 1030w, https:\/\/fipro.si\/wp-content\/uploads\/2022\/07\/FIPRO-Light500-raw-board-768x384.jpg 768w, https:\/\/fipro.si\/wp-content\/uploads\/2022\/07\/FIPRO-Light500-raw-board-1536x768.jpg 1536w, https:\/\/fipro.si\/wp-content\/uploads\/2022\/07\/FIPRO-Light500-raw-board-1500x750.jpg 1500w, https:\/\/fipro.si\/wp-content\/uploads\/2022\/07\/FIPRO-Light500-raw-board-705x353.jpg 705w\" sizes=\"(max-width: 2000px) 100vw, 2000px\" \/><\/div><\/div><\/div><\/div>\n\n<style type=\"text\/css\" data-created_by=\"avia_inline_auto\" id=\"style-css-av-l59nd17z-97ea2fce58b2e049f1743ef40bd3a171\">\n#top .hr.av-l59nd17z-97ea2fce58b2e049f1743ef40bd3a171{\nmargin-top:45px;\nmargin-bottom:30px;\n}\n.hr.av-l59nd17z-97ea2fce58b2e049f1743ef40bd3a171 .hr-inner{\nwidth:105px;\nborder-color:#007fbf;\n}\n<\/style>\n<div  class='hr av-l59nd17z-97ea2fce58b2e049f1743ef40bd3a171 hr-custom  avia-builder-el-2  el_after_av_one_full  el_before_av_heading  hr-left hr-icon-no'><span class='hr-inner inner-border-av-border-fat'><span class=\"hr-inner-style\"><\/span><\/span><\/div>\n\n<style type=\"text\/css\" data-created_by=\"avia_inline_auto\" id=\"style-css-av-l59nx6j6-c4664720c9f092ca68d807b416cd7b68\">\n#top .av-special-heading.av-l59nx6j6-c4664720c9f092ca68d807b416cd7b68{\npadding-bottom:10px;\n}\nbody .av-special-heading.av-l59nx6j6-c4664720c9f092ca68d807b416cd7b68 .av-special-heading-tag .heading-char{\nfont-size:25px;\n}\n.av-special-heading.av-l59nx6j6-c4664720c9f092ca68d807b416cd7b68 .av-subheading{\nfont-size:15px;\n}\n<\/style>\n<div  class='av-special-heading av-l59nx6j6-c4664720c9f092ca68d807b416cd7b68 av-special-heading-h1 blockquote modern-quote  avia-builder-el-3  el_after_av_hr  el_before_av_hr '><h1 class='av-special-heading-tag'  itemprop=\"headline\"  >FIPRO\u00ae Light 500<\/h1><div class='av-subheading av-subheading_below'><p>Vrsta plo\u0161\u010de: Svetlo neobdelana plo\u0161\u010da: lahka, neobdelana<\/p>\n<\/div><div class=\"special-heading-border\"><div class=\"special-heading-inner-border\"><\/div><\/div><\/div>\n\n<style type=\"text\/css\" data-created_by=\"avia_inline_auto\" id=\"style-css-av-36odma-ebad84d65fc7318099ab2b1f62c689e8\">\n#top .hr.hr-invisible.av-36odma-ebad84d65fc7318099ab2b1f62c689e8{\nheight:5px;\n}\n<\/style>\n<div  class='hr av-36odma-ebad84d65fc7318099ab2b1f62c689e8 hr-invisible  avia-builder-el-4  el_after_av_heading  el_before_av_one_half '><span class='hr-inner '><span class=\"hr-inner-style\"><\/span><\/span><\/div>\n<div class='flex_column av-4xxgxe-3d319dca1a375cfb36d5ae92f7b813ad av_one_half  avia-builder-el-5  el_after_av_hr  el_before_av_one_half  first no_margin flex_column_div '     ><p><section  class='av_textblock_section av-l59jx24y-ccdbe60c2ee247d6f8e84c0aba42bc3c'  itemscope=\"itemscope\" itemtype=\"https:\/\/schema.org\/CreativeWork\" ><div class='avia_textblock'  itemprop=\"text\" ><p><strong>OPIS IZDELKA:<\/strong><\/p>\n<p><strong>FIPRO\u00ae Light 500<\/strong> je negorljiva plo\u0161\u010da z gladko povr\u0161ino in v velikih velikostih. Za obdelavo je \u0161e posebej enostaven in \u010dist. Povr\u0161ino <strong>FIPRO\u00ae Light 500<\/strong> lahko prekrijete s \u0161tevilnimi zaklju\u010dnimi materiali.<\/p>\n<\/div><\/section><br \/>\n\n<style type=\"text\/css\" data-created_by=\"avia_inline_auto\" id=\"style-css-av-l59nfi1j-8c931f62d143a390bc4301ff1a64c8dc\">\n#top .hr.hr-invisible.av-l59nfi1j-8c931f62d143a390bc4301ff1a64c8dc{\nheight:25px;\n}\n<\/style>\n<div  class='hr av-l59nfi1j-8c931f62d143a390bc4301ff1a64c8dc hr-invisible  avia-builder-el-7  el_after_av_textblock  el_before_av_textblock '><span class='hr-inner '><span class=\"hr-inner-style\"><\/span><\/span><\/div><br \/>\n<section  class='av_textblock_section av-l59koq3a-4de258fafd8306e60cd6d367aad76c13'  itemscope=\"itemscope\" itemtype=\"https:\/\/schema.org\/CreativeWork\" ><div class='avia_textblock'  itemprop=\"text\" ><p><strong>PODRO\u010cJA UPORABE:<\/strong><\/p>\n<p><strong>FIPRO\u00ae Light 500<\/strong> negorljive lahke protipo\u017earne plo\u0161\u010de se uporabljajo za <strong>konstrukcije razreda C<\/strong>: pregrade, stropi, obloge, plavajo\u010da tla, vrata in pohi\u0161tvo za ladje in plo\u0161\u010dadi na morju.<\/p>\n<\/div><\/section><\/p><\/div>\n\n<style type=\"text\/css\" data-created_by=\"avia_inline_auto\" id=\"style-css-av-7o4hqa-0ad61be9f77b0dcb9e1f977481cff2ad\">\n.flex_column.av-7o4hqa-0ad61be9f77b0dcb9e1f977481cff2ad{\nbackground-color:#353535;\n}\n<\/style>\n<div class='flex_column av-7o4hqa-0ad61be9f77b0dcb9e1f977481cff2ad av_one_half  avia-builder-el-9  el_after_av_one_half  el_before_av_one_half  no_margin flex_column_div '     ><section  class='av_textblock_section av-6hqn6a-8e2a5003d2af9754a7631efc2188635a'  itemscope=\"itemscope\" itemtype=\"https:\/\/schema.org\/CreativeWork\" ><div class='avia_textblock'  itemprop=\"text\" ><p style=\"padding-left: 80px;\"><strong><span style=\"color: #ffffff;\">NA VOLJO NA ZAHTEVO:<\/span><\/strong><\/p>\n<ul>\n<li style=\"list-style-type: none;\">\n<ul>\n<li><span style=\"color: #ffffff;\">Surove plo\u0161\u010de, razrezane na posebne velikosti<\/span><\/li>\n<li><span style=\"color: #ffffff;\">Povr\u0161inska obdelava z laminati<\/span><\/li>\n<li><span style=\"color: #ffffff;\">Lepljene plo\u0161\u010de, razrezane po velikosti<\/span><\/li>\n<\/ul>\n<\/li>\n<\/ul>\n<ul>\n<li style=\"list-style-type: none;\">\n<ul>\n<li><span style=\"color: #ffffff;\">CERTIFIKATI<\/span><\/li>\n<\/ul>\n<\/li>\n<\/ul>\n<\/div><\/section><\/div>\n<div class='flex_column_table av-42cfaa-747957b86adedde0422ca4c575152ac5 sc-av_one_half av-equal-height-column-flextable'><div class='flex_column av-42cfaa-747957b86adedde0422ca4c575152ac5 av_one_half  avia-builder-el-11  el_after_av_one_half  el_before_av_one_half  first no_margin flex_column_table_cell av-equal-height-column av-align-top column-top-margin'     ><div  class='avia-buttonrow-wrap av-l59s12vv-8b03481223cc868b73b2e54ccd17bda8 avia-buttonrow-left  avia-builder-el-12  avia-builder-el-no-sibling '>\n\n<style type=\"text\/css\" data-created_by=\"avia_inline_auto\" id=\"style-css-av-l59ryhuj-8602761c594fd28f2a885f4acd2586d7\">\n#top #wrap_all .avia-button.av-l59ryhuj-8602761c594fd28f2a885f4acd2586d7{\nbackground-color:#007fbe;\nborder-color:#007fbe;\nborder-style:none;\n-webkit-transition:all 0.4s ease-in-out;\n-moz-transition:all 0.4s ease-in-out;\n-ms-transition:all 0.4s ease-in-out;\n-o-transition:all 0.4s ease-in-out;\ntransition:all 0.4s ease-in-out;\nmargin-bottom:5px;\nmargin-right:5px;\n}\n#top #wrap_all .avia-button.av-l59ryhuj-8602761c594fd28f2a885f4acd2586d7:hover{\nbackground-color:#389dcc;\ncolor:white;\n-webkit-transition:all 0.4s ease-in-out;\n-moz-transition:all 0.4s ease-in-out;\n-ms-transition:all 0.4s ease-in-out;\n-o-transition:all 0.4s ease-in-out;\ntransition:all 0.4s ease-in-out;\n}\n<\/style>\n<a href='https:\/\/fipro.si\/contact\/'  class='avia-button av-l59ryhuj-8602761c594fd28f2a885f4acd2586d7 avia-icon_select-yes-left-icon avia-size-medium avia-font-color-theme-color'  ><span class='avia_button_icon avia_button_icon_left ' aria-hidden='true' data-av_icon='\ue8b7' data-av_iconfont='entypo-fontello'><\/span><span class='avia_iconbox_title' > Pi\u0161ite nam<\/span><\/a>\n\n<style type=\"text\/css\" data-created_by=\"avia_inline_auto\" id=\"style-css-av-l59rzi3i-f322daf99fcb5566f3008a352df51d95\">\n#top #wrap_all .avia-button.av-l59rzi3i-f322daf99fcb5566f3008a352df51d95{\nbackground-color:#007fbe;\nborder-color:#007fbe;\nborder-style:none;\n-webkit-transition:all 0.4s ease-in-out;\n-moz-transition:all 0.4s ease-in-out;\n-ms-transition:all 0.4s ease-in-out;\n-o-transition:all 0.4s ease-in-out;\ntransition:all 0.4s ease-in-out;\nmargin-bottom:5px;\nmargin-right:5px;\n}\n#top #wrap_all .avia-button.av-l59rzi3i-f322daf99fcb5566f3008a352df51d95:hover{\nbackground-color:#389dcc;\ncolor:white;\n-webkit-transition:all 0.4s ease-in-out;\n-moz-transition:all 0.4s ease-in-out;\n-ms-transition:all 0.4s ease-in-out;\n-o-transition:all 0.4s ease-in-out;\ntransition:all 0.4s ease-in-out;\n}\n<\/style>\n<a href='https:\/\/www.fipro.si\/wp-content\/uploads\/2022\/07\/TDS-FIPRO-LIGHT-500-08-2020.pdf'  class='avia-button av-l59rzi3i-f322daf99fcb5566f3008a352df51d95 avia-icon_select-yes-left-icon avia-size-medium avia-font-color-theme-color'  ><span class='avia_button_icon avia_button_icon_left ' aria-hidden='true' data-av_icon='\ue82d' data-av_iconfont='entypo-fontello'><\/span><span class='avia_iconbox_title' > Prenesite podatkovni list FIPRO\u00ae Light 500<\/span><\/a>\n<\/div><\/div>\n<div class='flex_column av-7wppe-950e016ea9347368397c69d9efcc5466 av_one_half  avia-builder-el-13  el_after_av_one_half  el_before_av_hr  no_margin flex_column_table_cell av-equal-height-column av-align-top column-top-margin'     ><div  class='avia-buttonrow-wrap av-l59sfisl-2ddc4bc63e2f129df08cee1e872f5199 avia-buttonrow-right  avia-builder-el-14  avia-builder-el-no-sibling '>\n\n<style type=\"text\/css\" data-created_by=\"avia_inline_auto\" id=\"style-css-av-l59sef16-f0cb1f6d650705963268c9ac5287b182\">\n#top #wrap_all .avia-button.av-l59sef16-f0cb1f6d650705963268c9ac5287b182{\nbackground-color:#389dcc;\nborder-color:#389dcc;\nborder-style:none;\n-webkit-transition:all 0.4s ease-in-out;\n-moz-transition:all 0.4s ease-in-out;\n-ms-transition:all 0.4s ease-in-out;\n-o-transition:all 0.4s ease-in-out;\ntransition:all 0.4s ease-in-out;\nmargin-bottom:5px;\nmargin-left:5px;\n}\n#top #wrap_all .avia-button.av-l59sef16-f0cb1f6d650705963268c9ac5287b182:hover{\nbackground-color:#017fbe;\ncolor:white;\n-webkit-transition:all 0.4s ease-in-out;\n-moz-transition:all 0.4s ease-in-out;\n-ms-transition:all 0.4s ease-in-out;\n-o-transition:all 0.4s ease-in-out;\ntransition:all 0.4s ease-in-out;\n}\n<\/style>\n<a href='https:\/\/fipro.si\/fipro-raw\/'  class='avia-button av-l59sef16-f0cb1f6d650705963268c9ac5287b182 avia-icon_select-yes-left-icon avia-size-medium avia-font-color-theme-color'  ><span class='avia_button_icon avia_button_icon_left ' aria-hidden='true' data-av_icon='\ue871' data-av_iconfont='entypo-fontello'><\/span><span class='avia_iconbox_title' >FIPRO\u00ae<\/span><\/a>\n\n<style type=\"text\/css\" data-created_by=\"avia_inline_auto\" id=\"style-css-av-l59sef16-3-bd4cbbb05bff86dd59b679e344000411\">\n#top #wrap_all .avia-button.av-l59sef16-3-bd4cbbb05bff86dd59b679e344000411{\nbackground-color:#389dcc;\nborder-color:#389dcc;\nborder-style:none;\n-webkit-transition:all 0.4s ease-in-out;\n-moz-transition:all 0.4s ease-in-out;\n-ms-transition:all 0.4s ease-in-out;\n-o-transition:all 0.4s ease-in-out;\ntransition:all 0.4s ease-in-out;\nmargin-bottom:5px;\nmargin-left:5px;\n}\n#top #wrap_all .avia-button.av-l59sef16-3-bd4cbbb05bff86dd59b679e344000411:hover{\nbackground-color:#017fbe;\ncolor:white;\n-webkit-transition:all 0.4s ease-in-out;\n-moz-transition:all 0.4s ease-in-out;\n-ms-transition:all 0.4s ease-in-out;\n-o-transition:all 0.4s ease-in-out;\ntransition:all 0.4s ease-in-out;\n}\n<\/style>\n<a href='https:\/\/fipro.si\/fipro-ms-raw\/'  class='avia-button av-l59sef16-3-bd4cbbb05bff86dd59b679e344000411 avia-icon_select-yes-left-icon avia-size-medium avia-font-color-theme-color'  ><span class='avia_button_icon avia_button_icon_left ' aria-hidden='true' data-av_icon='\ue871' data-av_iconfont='entypo-fontello'><\/span><span class='avia_iconbox_title' >FIPRO\u00ae MS<\/span><\/a>\n<\/div><\/div><\/div><!--close column table wrapper. Autoclose: 1 -->\n\n<style type=\"text\/css\" data-created_by=\"avia_inline_auto\" id=\"style-css-av-34i59e-7c014dd8d52f2ebcf4c354c9cc2a49f9\">\n#top .hr.hr-invisible.av-34i59e-7c014dd8d52f2ebcf4c354c9cc2a49f9{\nheight:25px;\n}\n<\/style>\n<div  class='hr av-34i59e-7c014dd8d52f2ebcf4c354c9cc2a49f9 hr-invisible  avia-builder-el-15  el_after_av_one_half  el_before_av_heading '><span class='hr-inner '><span class=\"hr-inner-style\"><\/span><\/span><\/div>\n\n<style type=\"text\/css\" data-created_by=\"avia_inline_auto\" id=\"style-css-av-l59p495z-4074203dd201760d0a68c35e29a017fc\">\n#top .av-special-heading.av-l59p495z-4074203dd201760d0a68c35e29a017fc{\npadding-bottom:10px;\n}\nbody .av-special-heading.av-l59p495z-4074203dd201760d0a68c35e29a017fc .av-special-heading-tag .heading-char{\nfont-size:25px;\n}\n.av-special-heading.av-l59p495z-4074203dd201760d0a68c35e29a017fc .av-subheading{\nfont-size:15px;\n}\n<\/style>\n<div  class='av-special-heading av-l59p495z-4074203dd201760d0a68c35e29a017fc av-special-heading-h3 blockquote modern-quote  avia-builder-el-16  el_after_av_hr  el_before_av_table '><h3 class='av-special-heading-tag'  itemprop=\"headline\"  > Tehni\u010dna specifikacija*<\/h3><div class=\"special-heading-border\"><div class=\"special-heading-inner-border\"><\/div><\/div><\/div>\n<div class='avia-data-table-wrap av-1prdnpe-619df3f7e4b0afdf645577693bc16c8f avia_responsive_table avia-table-1'><table  class='avia-table avia-data-table avia_pricing_default  avia-builder-el-17  el_after_av_heading  el_before_av_textblock '  itemscope=\"itemscope\" itemtype=\"https:\/\/schema.org\/Table\" ><tbody><tr class=''><td class=''>Odziv na ogenj (IMO Res. MSC 307(88) FTP(2010) <\/td><td class=''>Nevnetljivi<br \/>\n<\/td><\/tr><tr class=''><td class=''>Gostota<\/td><td class=''>500 kg\/m\u00b3 (\u00b1 10 %)<br \/>\n<\/td><\/tr><tr class=''><td class=''>Standardna dimenzija (mm) ali na zahtevo <\/td><td class=''>2440 x 1220 | 2500 x 1250 | 2800 x 1250 | 3100 x 1250<br \/>\n<\/td><\/tr><tr class=''><td class=''>Toleranca pri dimenziji<\/td><td class=''>\u00b1 1,0 mm<br \/>\n<\/td><\/tr><tr class=''><td class=''>Standardna debelina (mm) ali na zahtevo <\/td><td class=''>10, 12, 16, 19, 25, 30, 35, 40, 50<br \/>\n<\/td><\/tr><tr class=''><td class=''>Toleranca debeline<\/td><td class=''>\u00b1 0,3 mm<br \/>\n<\/td><\/tr><tr class=''><td class=''>Upogibna trdnost (EN 12809 Var.B) <\/td><td class=''>1,5 MPa<br \/>\n<\/td><\/tr><tr class=''><td class=''>Natezna trdnost (EN 319) <\/td><td class=''>0,2 MPa<br \/>\n<\/td><\/tr><tr class=''><td class=''>Ostanek vlage (franko tovarna) (EN 322) <\/td><td class=''>2 &#8211; 7 %<br \/>\n<\/td><\/tr><\/tbody><\/table><\/div>\n<section  class='av_textblock_section av-l59p583y-260bd07e356ce7d55dc6b46b830db29c'  itemscope=\"itemscope\" itemtype=\"https:\/\/schema.org\/CreativeWork\" ><div class='avia_textblock'  itemprop=\"text\" ><p><small><em>* Prikazane vrednosti so vedno odvisne od dolo\u010dene gostote in zagotavljajo najmanj\u0161e ali povpre\u010dne vrednosti proizvodnje. Varnostni list in priro\u010dnik sta na voljo na zahtevo. Vsi tehni\u010dni podatki se lahko spremenijo in dopolnijo.<br \/>\n<\/em><\/small><\/p>\n<\/div><\/section>\n\n<style type=\"text\/css\" data-created_by=\"avia_inline_auto\" id=\"style-css-av-2va9gj6-09db46c76fcd9994d5da1c7415521dd5\">\n#top .hr.hr-invisible.av-2va9gj6-09db46c76fcd9994d5da1c7415521dd5{\nheight:25px;\n}\n<\/style>\n<div  class='hr av-2va9gj6-09db46c76fcd9994d5da1c7415521dd5 hr-invisible  avia-builder-el-19  el_after_av_textblock  el_before_av_heading '><span class='hr-inner '><span class=\"hr-inner-style\"><\/span><\/span><\/div>\n\n<style type=\"text\/css\" data-created_by=\"avia_inline_auto\" id=\"style-css-av-l5aule5x-71181f11c0ba6f1c3e37d88948f17b55\">\n#top .av-special-heading.av-l5aule5x-71181f11c0ba6f1c3e37d88948f17b55{\npadding-bottom:10px;\n}\nbody .av-special-heading.av-l5aule5x-71181f11c0ba6f1c3e37d88948f17b55 .av-special-heading-tag .heading-char{\nfont-size:25px;\n}\n.av-special-heading.av-l5aule5x-71181f11c0ba6f1c3e37d88948f17b55 .av-subheading{\nfont-size:15px;\n}\n<\/style>\n<div  class='av-special-heading av-l5aule5x-71181f11c0ba6f1c3e37d88948f17b55 av-special-heading-h3 blockquote modern-quote  avia-builder-el-20  el_after_av_hr  el_before_av_table '><h3 class='av-special-heading-tag'  itemprop=\"headline\"  >Seznam pakiranja in te\u017ee<\/h3><div class=\"special-heading-border\"><div class=\"special-heading-inner-border\"><\/div><\/div><\/div>\n<div class='avia-data-table-wrap av-2u0qnma-4c69d51ce2e939999794b190f4327216 avia_responsive_table avia-table-2'><table  class='avia-table avia-data-table avia_pricing_default  avia-builder-el-21  el_after_av_heading  el_before_av_hr '  itemscope=\"itemscope\" itemtype=\"https:\/\/schema.org\/Table\" ><tbody><tr class='avia-heading-row'><th class=''>Debelina (mm)<\/th><th class=''>Te\u017ea <sup>kg\/m2<\/sup><\/th><th class=''>Deske \/ paleta<\/th><\/tr><tr class=''><td class=''>10<\/td><td class=''>5.0<\/td><td class=''>95<\/td><\/tr><tr class=''><td class=''>12<\/td><td class=''>6.0<\/td><td class=''>79<\/td><\/tr><tr class=''><td class=''>16<\/td><td class=''>8.0<\/td><td class=''>60<\/td><\/tr><tr class=''><td class=''>19<\/td><td class=''>9.5<\/td><td class=''>50<\/td><\/tr><tr class=''><td class=''>25<\/td><td class=''>12.5<\/td><td class=''>38<\/td><\/tr><tr class=''><td class=''>30<\/td><td class=''>15.0<\/td><td class=''>32<\/td><\/tr><tr class=''><td class=''>35<\/td><td class=''>17.5<\/td><td class=''>27<\/td><\/tr><tr class=''><td class=''>40<\/td><td class=''>20.0<\/td><td class=''>24<\/td><\/tr><tr class=''><td class=''>50 <\/td><td class=''>25.0<\/td><td class=''>19<\/td><\/tr><\/tbody><\/table><\/div><style type='text\/css'>.avia-table-2 td:nth-of-type(1):before { content: 'Debelina (mm)'; } .avia-table-2 td:nth-of-type(2):before { content: 'Te\u017ea kg\/m2'; } .avia-table-2 td:nth-of-type(3):before { content: 'Deske \/ paleta'; } <\/style>\n\n<style type=\"text\/css\" data-created_by=\"avia_inline_auto\" id=\"style-css-av-2sbtxu-48ad5fe7b4d18e4de15b0b07e35b86ce\">\n#top .hr.hr-invisible.av-2sbtxu-48ad5fe7b4d18e4de15b0b07e35b86ce{\nheight:25px;\n}\n<\/style>\n<div  class='hr av-2sbtxu-48ad5fe7b4d18e4de15b0b07e35b86ce hr-invisible  avia-builder-el-22  el_after_av_table  avia-builder-el-last '><span class='hr-inner '><span class=\"hr-inner-style\"><\/span><\/span><\/div>\n","protected":false},"excerpt":{"rendered":"","protected":false},"author":1,"featured_media":0,"parent":0,"menu_order":0,"comment_status":"closed","ping_status":"closed","template":"","meta":{"om_disable_all_campaigns":false,"_monsterinsights_skip_tracking":false,"_monsterinsights_sitenote_active":false,"_monsterinsights_sitenote_note":"","_monsterinsights_sitenote_category":0,"footnotes":""},"class_list":["post-5099","page","type-page","status-publish","hentry"],"aioseo_notices":[],"_links":{"self":[{"href":"https:\/\/fipro.si\/sl\/wp-json\/wp\/v2\/pages\/5099"}],"collection":[{"href":"https:\/\/fipro.si\/sl\/wp-json\/wp\/v2\/pages"}],"about":[{"href":"https:\/\/fipro.si\/sl\/wp-json\/wp\/v2\/types\/page"}],"author":[{"embeddable":true,"href":"https:\/\/fipro.si\/sl\/wp-json\/wp\/v2\/users\/1"}],"replies":[{"embeddable":true,"href":"https:\/\/fipro.si\/sl\/wp-json\/wp\/v2\/comments?post=5099"}],"version-history":[{"count":5,"href":"https:\/\/fipro.si\/sl\/wp-json\/wp\/v2\/pages\/5099\/revisions"}],"predecessor-version":[{"id":5972,"href":"https:\/\/fipro.si\/sl\/wp-json\/wp\/v2\/pages\/5099\/revisions\/5972"}],"wp:attachment":[{"href":"https:\/\/fipro.si\/sl\/wp-json\/wp\/v2\/media?parent=5099"}],"curies":[{"name":"wp","href":"https:\/\/api.w.org\/{rel}","templated":true}]}}