{"id":5178,"date":"2022-07-13T17:19:14","date_gmt":"2022-07-13T15:19:14","guid":{"rendered":"https:\/\/www.fipro.si\/fipro-constructions_bulkheads_steelspline\/"},"modified":"2023-11-16T09:41:38","modified_gmt":"2023-11-16T08:41:38","slug":"fipro-constructions_bulkheads_steelspline","status":"publish","type":"page","link":"https:\/\/fipro.si\/sl\/fipro-constructions_bulkheads_steelspline\/","title":{"rendered":"FIPRO-Constructions_Bulkheads_SteelSpline"},"content":{"rendered":"\n<style type=\"text\/css\" data-created_by=\"avia_inline_auto\" id=\"style-css-av-l5ksurrg-1bc9b76f1a37083e5a6f939ae5494620\">\n#top .hr.hr-invisible.av-l5ksurrg-1bc9b76f1a37083e5a6f939ae5494620{\nheight:10px;\n}\n<\/style>\n<div  class='hr av-l5ksurrg-1bc9b76f1a37083e5a6f939ae5494620 hr-invisible  avia-builder-el-0  el_before_av_heading  avia-builder-el-first '><span class='hr-inner '><span class=\"hr-inner-style\"><\/span><\/span><\/div>\n\n<style type=\"text\/css\" data-created_by=\"avia_inline_auto\" id=\"style-css-av-l5ksuf09-5aa63b7f94f94f55570608ce6254c1bc\">\n#top .av-special-heading.av-l5ksuf09-5aa63b7f94f94f55570608ce6254c1bc{\npadding-bottom:10px;\n}\nbody .av-special-heading.av-l5ksuf09-5aa63b7f94f94f55570608ce6254c1bc .av-special-heading-tag .heading-char{\nfont-size:25px;\n}\n.av-special-heading.av-l5ksuf09-5aa63b7f94f94f55570608ce6254c1bc .av-subheading{\nfont-size:15px;\n}\n<\/style>\n<div  class='av-special-heading av-l5ksuf09-5aa63b7f94f94f55570608ce6254c1bc av-special-heading-h3 blockquote modern-quote  avia-builder-el-1  el_after_av_hr  el_before_av_hr '><h3 class='av-special-heading-tag'  itemprop=\"headline\"  >Odobrene konstrukcije<\/h3><div class=\"special-heading-border\"><div class=\"special-heading-inner-border\"><\/div><\/div><\/div>\n\n<style type=\"text\/css\" data-created_by=\"avia_inline_auto\" id=\"style-css-av-l59nd17z-97ea2fce58b2e049f1743ef40bd3a171\">\n#top .hr.av-l59nd17z-97ea2fce58b2e049f1743ef40bd3a171{\nmargin-top:45px;\nmargin-bottom:30px;\n}\n.hr.av-l59nd17z-97ea2fce58b2e049f1743ef40bd3a171 .hr-inner{\nwidth:105px;\nborder-color:#007fbf;\n}\n<\/style>\n<div  class='hr av-l59nd17z-97ea2fce58b2e049f1743ef40bd3a171 hr-custom  avia-builder-el-2  el_after_av_heading  el_before_av_heading  hr-left hr-icon-no'><span class='hr-inner inner-border-av-border-fat'><span class=\"hr-inner-style\"><\/span><\/span><\/div>\n\n<style type=\"text\/css\" data-created_by=\"avia_inline_auto\" id=\"style-css-av-l59nx6j6-3ed800baefe4d09761cc7d20815bf1f8\">\n#top .av-special-heading.av-l59nx6j6-3ed800baefe4d09761cc7d20815bf1f8{\npadding-bottom:10px;\n}\nbody .av-special-heading.av-l59nx6j6-3ed800baefe4d09761cc7d20815bf1f8 .av-special-heading-tag .heading-char{\nfont-size:25px;\n}\n.av-special-heading.av-l59nx6j6-3ed800baefe4d09761cc7d20815bf1f8 .av-subheading{\nfont-size:15px;\n}\n<\/style>\n<div  class='av-special-heading av-l59nx6j6-3ed800baefe4d09761cc7d20815bf1f8 av-special-heading-h1 blockquote modern-quote  avia-builder-el-3  el_after_av_hr  el_before_av_hr '><h1 class='av-special-heading-tag'  itemprop=\"headline\"  >BULKHEADS<\/h1><div class='av-subheading av-subheading_below'><p>Steel Spline Joint<\/p>\n<\/div><div class=\"special-heading-border\"><div class=\"special-heading-inner-border\"><\/div><\/div><\/div>\n\n<style type=\"text\/css\" data-created_by=\"avia_inline_auto\" id=\"style-css-av-29jeeu-520f854f1349f8c33db2534837929f63\">\n#top .hr.hr-invisible.av-29jeeu-520f854f1349f8c33db2534837929f63{\nheight:50px;\n}\n<\/style>\n<div  class='hr av-29jeeu-520f854f1349f8c33db2534837929f63 hr-invisible  avia-builder-el-4  el_after_av_heading  el_before_av_one_third '><span class='hr-inner '><span class=\"hr-inner-style\"><\/span><\/span><\/div>\n<div class='flex_column av-3ku2pi-30a9ec859c879cfdc67f2b33927c0c18 av_one_third  avia-builder-el-5  el_after_av_hr  el_before_av_heading  first flex_column_div '     ><p>\n<style type=\"text\/css\" data-created_by=\"avia_inline_auto\" id=\"style-css-av-l5gipadw-92f128161b92a5b90ccd66b6162933bb\">\n.avia-image-container.av-l5gipadw-92f128161b92a5b90ccd66b6162933bb img.avia_image{\nbox-shadow:none;\n}\n.avia-image-container.av-l5gipadw-92f128161b92a5b90ccd66b6162933bb .av-image-caption-overlay-center{\ncolor:#ffffff;\n}\n<\/style>\n<div  class='avia-image-container av-l5gipadw-92f128161b92a5b90ccd66b6162933bb av-styling- avia-align-center  avia-builder-el-6  el_before_av_textblock  avia-builder-el-first '   itemprop=\"image\" itemscope=\"itemscope\" itemtype=\"https:\/\/schema.org\/ImageObject\" ><div class=\"avia-image-container-inner\"><div class=\"avia-image-overlay-wrap\"><img decoding=\"async\" class='wp-image-4913 avia-img-lazy-loading-not-4913 avia_image ' src=\"https:\/\/fipro.si\/wp-content\/uploads\/2022\/07\/FIPRO-Steel-Spline-Joint2.jpg\" alt='' title='FIPRO-Steel-Spline-Joint2'  height=\"1500\" width=\"2000\"  itemprop=\"thumbnailUrl\" srcset=\"https:\/\/fipro.si\/wp-content\/uploads\/2022\/07\/FIPRO-Steel-Spline-Joint2.jpg 2000w, https:\/\/fipro.si\/wp-content\/uploads\/2022\/07\/FIPRO-Steel-Spline-Joint2-300x225.jpg 300w, https:\/\/fipro.si\/wp-content\/uploads\/2022\/07\/FIPRO-Steel-Spline-Joint2-1030x773.jpg 1030w, https:\/\/fipro.si\/wp-content\/uploads\/2022\/07\/FIPRO-Steel-Spline-Joint2-768x576.jpg 768w, https:\/\/fipro.si\/wp-content\/uploads\/2022\/07\/FIPRO-Steel-Spline-Joint2-1536x1152.jpg 1536w, https:\/\/fipro.si\/wp-content\/uploads\/2022\/07\/FIPRO-Steel-Spline-Joint2-1500x1125.jpg 1500w, https:\/\/fipro.si\/wp-content\/uploads\/2022\/07\/FIPRO-Steel-Spline-Joint2-705x529.jpg 705w\" sizes=\"(max-width: 2000px) 100vw, 2000px\" \/><\/div><\/div><\/div><br \/>\n\n<style type=\"text\/css\" data-created_by=\"avia_inline_auto\" id=\"style-css-av-l5jt3knq-42da7a7958a843cfe66059e3f1ffaa8d\">\n#top .av_textblock_section.av-l5jt3knq-42da7a7958a843cfe66059e3f1ffaa8d .avia_textblock{\nfont-size:12px;\n}\n<\/style>\n<section  class='av_textblock_section av-l5jt3knq-42da7a7958a843cfe66059e3f1ffaa8d'  itemscope=\"itemscope\" itemtype=\"https:\/\/schema.org\/CreativeWork\" ><div class='avia_textblock'  itemprop=\"text\" ><p>Jekleni vijak<\/p>\n<\/div><\/section><\/p><\/div>\n\n<style type=\"text\/css\" data-created_by=\"avia_inline_auto\" id=\"style-css-av-l5js5s9v-d58166252424af2293c5712f49e3ec80\">\n#top .av-special-heading.av-l5js5s9v-d58166252424af2293c5712f49e3ec80{\npadding-bottom:0;\nfont-size:25px;\n}\nbody .av-special-heading.av-l5js5s9v-d58166252424af2293c5712f49e3ec80 .av-special-heading-tag .heading-char{\nfont-size:25px;\n}\n#top #wrap_all .av-special-heading.av-l5js5s9v-d58166252424af2293c5712f49e3ec80 .av-special-heading-tag{\nfont-size:25px;\n}\n.av-special-heading.av-l5js5s9v-d58166252424af2293c5712f49e3ec80 .av-subheading{\nfont-size:15px;\n}\n\n@media only screen and (min-width: 480px) and (max-width: 767px){ \n#top #wrap_all .av-special-heading.av-l5js5s9v-d58166252424af2293c5712f49e3ec80 .av-special-heading-tag{\nfont-size:0.8em;\n}\n}\n\n@media only screen and (max-width: 479px){ \n#top #wrap_all .av-special-heading.av-l5js5s9v-d58166252424af2293c5712f49e3ec80 .av-special-heading-tag{\nfont-size:0.8em;\n}\n}\n<\/style>\n<div  class='av-special-heading av-l5js5s9v-d58166252424af2293c5712f49e3ec80 av-special-heading-h3 blockquote modern-quote  avia-builder-el-8  el_after_av_one_third  el_before_av_one_third  av-inherit-size'><h3 class='av-special-heading-tag'  itemprop=\"headline\"  >Zahteva: Razred B-0<\/h3><div class=\"special-heading-border\"><div class=\"special-heading-inner-border\"><\/div><\/div><\/div>\n<div class='flex_column_table av-7mtzj8-a19f6cccbd6ce14c6a5ac482deffc04b sc-av_one_third av-equal-height-column-flextable'>\n<style type=\"text\/css\" data-created_by=\"avia_inline_auto\" id=\"style-css-av-7mtzj8-a19f6cccbd6ce14c6a5ac482deffc04b\">\n#top .flex_column_table.av-equal-height-column-flextable.av-7mtzj8-a19f6cccbd6ce14c6a5ac482deffc04b{\nmargin-top:-10px;\nmargin-bottom:-10px;\n}\n<\/style>\n<div class='flex_column av-7mtzj8-a19f6cccbd6ce14c6a5ac482deffc04b av_one_third  avia-builder-el-9  el_after_av_heading  el_before_av_one_third  first flex_column_table_cell av-equal-height-column av-align-top '     ><section  class='av_textblock_section av-l5jshna7-bc2d5c38579d4e3cf2c8f49f3475c719'  itemscope=\"itemscope\" itemtype=\"https:\/\/schema.org\/CreativeWork\" ><div class='avia_textblock'  itemprop=\"text\" ><p><strong>Material:<\/strong> <sup>FIPRO\u00ae<\/sup><br \/>\n<strong>Debelina<\/strong>: 16 mm<br \/>\n<strong>Stik:<\/strong> jekleni vijak<br \/>\n<strong>Konstrukcija<\/strong>: prostostoje\u010da<br \/>\n<strong>Zmanj\u0161anje hru<\/strong> pa: 29 dB (ocenjena vrednost)<\/p>\n<p><strong>Odobrilo:<\/strong><br \/>\nBureau Veritas<br \/>\nMED EC<br \/>\nUSCG<br \/>\nPromet v Kanadi<\/p>\n<\/div><\/section><\/div>\n<div class='av-flex-placeholder'><\/div>\n<style type=\"text\/css\" data-created_by=\"avia_inline_auto\" id=\"style-css-av-3sc4xi-9c403ba411ed942c00dd6b549766ab61\">\n#top .flex_column_table.av-equal-height-column-flextable.av-3sc4xi-9c403ba411ed942c00dd6b549766ab61{\nmargin-top:0px;\nmargin-bottom:0px;\n}\n<\/style>\n<div class='flex_column av-3sc4xi-9c403ba411ed942c00dd6b549766ab61 av_one_third  avia-builder-el-11  el_after_av_one_third  el_before_av_one_third  flex_column_table_cell av-equal-height-column av-align-top '     ><section  class='av_textblock_section av-2wenra-9afa8dec0bbcc5153828faa6042829fa'  itemscope=\"itemscope\" itemtype=\"https:\/\/schema.org\/CreativeWork\" ><div class='avia_textblock'  itemprop=\"text\" ><p><strong>Material:<\/strong> <sup>FIPRO\u00aeMS<\/sup><br \/>\n<strong>Debelina<\/strong>: 16 mm<br \/>\n<strong>Stik:<\/strong> jekleni vijak<br \/>\n<strong>Konstrukcija<\/strong>: prostostoje\u010da<br \/>\n<strong>Zmanj\u0161anje hru<\/strong> pa: 29 dB (ocenjena vrednost)<\/p>\n<p><strong>Odobrilo:<\/strong><br \/>\nBureau Veritas<br \/>\nMED EC<br \/>\nUSCG<br \/>\nPromet v Kanadi<\/p>\n<\/div><\/section><\/div>\n<div class='av-flex-placeholder'><\/div>\n<style type=\"text\/css\" data-created_by=\"avia_inline_auto\" id=\"style-css-av-3l5ndi-cceec6093d80664c0ebadaf6eabc294a\">\n#top .flex_column_table.av-equal-height-column-flextable.av-3l5ndi-cceec6093d80664c0ebadaf6eabc294a{\nmargin-top:0px;\nmargin-bottom:0px;\n}\n<\/style>\n<div class='flex_column av-3l5ndi-cceec6093d80664c0ebadaf6eabc294a av_one_third  avia-builder-el-13  el_after_av_one_third  el_before_av_hr  flex_column_table_cell av-equal-height-column av-align-top '     ><\/div><\/div><!--close column table wrapper. Autoclose: 1 -->\n\n<style type=\"text\/css\" data-created_by=\"avia_inline_auto\" id=\"style-css-av-7ovxpi-d17baa99cc5d7d98b7efd43ed27c7951\">\n#top .hr.hr-invisible.av-7ovxpi-d17baa99cc5d7d98b7efd43ed27c7951{\nheight:25px;\n}\n<\/style>\n<div  class='hr av-7ovxpi-d17baa99cc5d7d98b7efd43ed27c7951 hr-invisible  avia-builder-el-14  el_after_av_one_third  el_before_av_heading '><span class='hr-inner '><span class=\"hr-inner-style\"><\/span><\/span><\/div>\n\n<style type=\"text\/css\" data-created_by=\"avia_inline_auto\" id=\"style-css-av-l5jsjb4b-bac3a20b17414894f2a2d92e8ca5e6da\">\n#top .av-special-heading.av-l5jsjb4b-bac3a20b17414894f2a2d92e8ca5e6da{\npadding-bottom:0;\nfont-size:25px;\n}\nbody .av-special-heading.av-l5jsjb4b-bac3a20b17414894f2a2d92e8ca5e6da .av-special-heading-tag .heading-char{\nfont-size:25px;\n}\n#top #wrap_all .av-special-heading.av-l5jsjb4b-bac3a20b17414894f2a2d92e8ca5e6da .av-special-heading-tag{\nfont-size:25px;\n}\n.av-special-heading.av-l5jsjb4b-bac3a20b17414894f2a2d92e8ca5e6da .av-subheading{\nfont-size:15px;\n}\n\n@media only screen and (min-width: 480px) and (max-width: 767px){ \n#top #wrap_all .av-special-heading.av-l5jsjb4b-bac3a20b17414894f2a2d92e8ca5e6da .av-special-heading-tag{\nfont-size:0.8em;\n}\n}\n\n@media only screen and (max-width: 479px){ \n#top #wrap_all .av-special-heading.av-l5jsjb4b-bac3a20b17414894f2a2d92e8ca5e6da .av-special-heading-tag{\nfont-size:0.8em;\n}\n}\n<\/style>\n<div  class='av-special-heading av-l5jsjb4b-bac3a20b17414894f2a2d92e8ca5e6da av-special-heading-h3 blockquote modern-quote  avia-builder-el-15  el_after_av_hr  el_before_av_one_third  av-inherit-size'><h3 class='av-special-heading-tag'  itemprop=\"headline\"  >Zahteva: Razred B-15<\/h3><div class=\"special-heading-border\"><div class=\"special-heading-inner-border\"><\/div><\/div><\/div>\n<div class='flex_column_table av-4jv086-f17719d75051af78d8782723023a8cbf sc-av_one_third av-equal-height-column-flextable'>\n<style type=\"text\/css\" data-created_by=\"avia_inline_auto\" id=\"style-css-av-4jv086-f17719d75051af78d8782723023a8cbf\">\n#top .flex_column_table.av-equal-height-column-flextable.av-4jv086-f17719d75051af78d8782723023a8cbf{\nmargin-top:-10px;\nmargin-bottom:-10px;\n}\n<\/style>\n<div class='flex_column av-4jv086-f17719d75051af78d8782723023a8cbf av_one_third  avia-builder-el-16  el_after_av_heading  el_before_av_one_third  first flex_column_table_cell av-equal-height-column av-align-top '     ><section  class='av_textblock_section av-l5jsk7bx-c6f11571ef19052a5c64de3060834c28'  itemscope=\"itemscope\" itemtype=\"https:\/\/schema.org\/CreativeWork\" ><div class='avia_textblock'  itemprop=\"text\" ><p><strong>Material:<\/strong> <sup>FIPRO\u00ae<\/sup><br \/>\n<strong>Debelina<\/strong>: 19 mm<br \/>\n<strong>Stik:<\/strong> jekleni vijak<br \/>\n<strong>Konstrukcija<\/strong>: prostostoje\u010da<br \/>\n<strong>Zmanj\u0161anje hrupa:<\/strong> 32 dB (ocenjena vrednost)<\/p>\n<p><strong>Odobrilo:<\/strong><br \/>\nBureau Veritas<br \/>\nMED EC<br \/>\nUSCG<br \/>\nPromet v Kanadi<br \/>\nLloydov ladijski register<br \/>\nGermanischer Lloyd<\/p>\n<\/div><\/section><\/div>\n<div class='av-flex-placeholder'><\/div>\n<style type=\"text\/css\" data-created_by=\"avia_inline_auto\" id=\"style-css-av-2q2tli-db43a30365b6eba13977ee70625297e8\">\n#top .flex_column_table.av-equal-height-column-flextable.av-2q2tli-db43a30365b6eba13977ee70625297e8{\nmargin-top:0px;\nmargin-bottom:0px;\n}\n<\/style>\n<div class='flex_column av-2q2tli-db43a30365b6eba13977ee70625297e8 av_one_third  avia-builder-el-18  el_after_av_one_third  el_before_av_one_third  flex_column_table_cell av-equal-height-column av-align-top '     ><section  class='av_textblock_section av-l5jski2b-a1772a50d5b9abd64471527ce6ce77e4'  itemscope=\"itemscope\" itemtype=\"https:\/\/schema.org\/CreativeWork\" ><div class='avia_textblock'  itemprop=\"text\" ><p><strong>Material:<\/strong> <sup>FIPRO\u00ae<\/sup> MS<br \/>\n<strong>Debelina<\/strong>: 19 mm<br \/>\n<strong>Stik:<\/strong> jekleni vijak<br \/>\n<strong>Konstrukcija<\/strong>: prostostoje\u010da<br \/>\n<strong>Zmanj\u0161anje hrupa:<\/strong> 32 dB (ocenjena vrednost)<\/p>\n<p><strong>Odobrilo:<\/strong><br \/>\nBureau Veritas<br \/>\nMED EC<br \/>\nUSCG<br \/>\nPromet v Kanadi<br \/>\nLloydov ladijski register<br \/>\nGermanischer Lloyd<\/p>\n<\/div><\/section><\/div>\n<div class='av-flex-placeholder'><\/div>\n<style type=\"text\/css\" data-created_by=\"avia_inline_auto\" id=\"style-css-av-2u0a6u-3312a4edc8b94d5fab92213c6e8d85ad\">\n#top .flex_column_table.av-equal-height-column-flextable.av-2u0a6u-3312a4edc8b94d5fab92213c6e8d85ad{\nmargin-top:0px;\nmargin-bottom:0px;\n}\n<\/style>\n<div class='flex_column av-2u0a6u-3312a4edc8b94d5fab92213c6e8d85ad av_one_third  avia-builder-el-20  el_after_av_one_third  el_before_av_hr  flex_column_table_cell av-equal-height-column av-align-top '     ><\/div><\/div><!--close column table wrapper. Autoclose: 1 -->\n<div  class='hr av-2drsiu-68cdba9891bf1d7ea5fe8a0977e6eb6d hr-full  avia-builder-el-21  el_after_av_one_third  el_before_av_textblock  hr-no-shadow'><span class='hr-inner '><span class=\"hr-inner-style\"><\/span><\/span><\/div>\n<section  class='av_textblock_section av-4385l2-eb6d3902e7d83c86540f3b5fe4188886'  itemscope=\"itemscope\" itemtype=\"https:\/\/schema.org\/CreativeWork\" ><div class='avia_textblock'  itemprop=\"text\" ><p>Ve\u010d razdelkov za spajanje si oglejte v poglavju <a href=\"https:\/\/www.fipro.si\/sl\/?page_id=5129\">Profili<\/a>.<\/p>\n<\/div><\/section>\n\n<style type=\"text\/css\" data-created_by=\"avia_inline_auto\" id=\"style-css-av-l5kwtv93-c7cbecf697b20d215973ef28671d807c\">\n#top .hr.hr-invisible.av-l5kwtv93-c7cbecf697b20d215973ef28671d807c{\nheight:10px;\n}\n<\/style>\n<div  class='hr av-l5kwtv93-c7cbecf697b20d215973ef28671d807c hr-invisible  avia-builder-el-23  el_after_av_textblock  el_before_av_textblock '><span class='hr-inner '><span class=\"hr-inner-style\"><\/span><\/span><\/div>\n\n<style type=\"text\/css\" data-created_by=\"avia_inline_auto\" id=\"style-css-av-2b7uc6-dff64c07853f54dff742a767be47638e\">\n#top .av_textblock_section.av-2b7uc6-dff64c07853f54dff742a767be47638e .avia_textblock{\nfont-size:15px;\n}\n<\/style>\n<section  class='av_textblock_section av-2b7uc6-dff64c07853f54dff742a767be47638e'  itemscope=\"itemscope\" itemtype=\"https:\/\/schema.org\/CreativeWork\" ><div class='avia_textblock'  itemprop=\"text\" ><p>Negorljivost je ena od zahtev za uporabo notranjih gradbenih plo\u0161\u010d v ladjedelni\u0161tvu. To se preverja v skladu z Resolucijo IMO A799 (19). FIPRO\u00ae je uspe\u0161no opravil vse teste in je s strani organov za pomorsko varnost in klasifikacijskih podjetij odobren kot &#8220;negorljiv gradbeni material&#8221;.<br \/>\nS sistemom FIPRO\u00ae so bili opravljeni obse\u017eni preskusi pregrad in oblog. Izbor odobrenih modelov najdete v naslednjih predstavitvah. Potrdila so na voljo na zahtevo.<\/p>\n<\/div><\/section>\n","protected":false},"excerpt":{"rendered":"","protected":false},"author":1,"featured_media":0,"parent":0,"menu_order":0,"comment_status":"closed","ping_status":"closed","template":"","meta":{"om_disable_all_campaigns":false,"_monsterinsights_skip_tracking":false,"_monsterinsights_sitenote_active":false,"_monsterinsights_sitenote_note":"","_monsterinsights_sitenote_category":0,"footnotes":""},"class_list":["post-5178","page","type-page","status-publish","hentry"],"aioseo_notices":[],"_links":{"self":[{"href":"https:\/\/fipro.si\/sl\/wp-json\/wp\/v2\/pages\/5178"}],"collection":[{"href":"https:\/\/fipro.si\/sl\/wp-json\/wp\/v2\/pages"}],"about":[{"href":"https:\/\/fipro.si\/sl\/wp-json\/wp\/v2\/types\/page"}],"author":[{"embeddable":true,"href":"https:\/\/fipro.si\/sl\/wp-json\/wp\/v2\/users\/1"}],"replies":[{"embeddable":true,"href":"https:\/\/fipro.si\/sl\/wp-json\/wp\/v2\/comments?post=5178"}],"version-history":[{"count":3,"href":"https:\/\/fipro.si\/sl\/wp-json\/wp\/v2\/pages\/5178\/revisions"}],"predecessor-version":[{"id":5181,"href":"https:\/\/fipro.si\/sl\/wp-json\/wp\/v2\/pages\/5178\/revisions\/5181"}],"wp:attachment":[{"href":"https:\/\/fipro.si\/sl\/wp-json\/wp\/v2\/media?parent=5178"}],"curies":[{"name":"wp","href":"https:\/\/api.w.org\/{rel}","templated":true}]}}