{"id":5182,"date":"2022-07-14T14:06:07","date_gmt":"2022-07-14T12:06:07","guid":{"rendered":"https:\/\/www.fipro.si\/fipro-constructions_floating-floor\/"},"modified":"2023-11-16T09:41:39","modified_gmt":"2023-11-16T08:41:39","slug":"fipro-constructions_floating-floor","status":"publish","type":"page","link":"https:\/\/fipro.si\/sl\/fipro-constructions_floating-floor\/","title":{"rendered":"FIPRO-Constructions_Floating Floor"},"content":{"rendered":"\n<style type=\"text\/css\" data-created_by=\"avia_inline_auto\" id=\"style-css-av-l5ksrmtu-ac919fa4abc1a1d132984b74a3444a5c\">\n#top .hr.hr-invisible.av-l5ksrmtu-ac919fa4abc1a1d132984b74a3444a5c{\nheight:10px;\n}\n<\/style>\n<div  class='hr av-l5ksrmtu-ac919fa4abc1a1d132984b74a3444a5c hr-invisible  avia-builder-el-0  el_before_av_heading  avia-builder-el-first '><span class='hr-inner '><span class=\"hr-inner-style\"><\/span><\/span><\/div>\n\n<style type=\"text\/css\" data-created_by=\"avia_inline_auto\" id=\"style-css-av-l5ksm4qi-a937acc3c9a2669abebb18c4e838b321\">\n#top .av-special-heading.av-l5ksm4qi-a937acc3c9a2669abebb18c4e838b321{\npadding-bottom:10px;\n}\nbody .av-special-heading.av-l5ksm4qi-a937acc3c9a2669abebb18c4e838b321 .av-special-heading-tag .heading-char{\nfont-size:25px;\n}\n.av-special-heading.av-l5ksm4qi-a937acc3c9a2669abebb18c4e838b321 .av-subheading{\nfont-size:15px;\n}\n<\/style>\n<div  class='av-special-heading av-l5ksm4qi-a937acc3c9a2669abebb18c4e838b321 av-special-heading-h3 blockquote modern-quote  avia-builder-el-1  el_after_av_hr  el_before_av_hr '><h3 class='av-special-heading-tag'  itemprop=\"headline\"  >Odobrene konstrukcije<\/h3><div class=\"special-heading-border\"><div class=\"special-heading-inner-border\"><\/div><\/div><\/div>\n\n<style type=\"text\/css\" data-created_by=\"avia_inline_auto\" id=\"style-css-av-2z7m3e-d43a3bd95f297f016b9384bc91e946e5\">\n#top .hr.av-2z7m3e-d43a3bd95f297f016b9384bc91e946e5{\nmargin-top:45px;\nmargin-bottom:30px;\n}\n.hr.av-2z7m3e-d43a3bd95f297f016b9384bc91e946e5 .hr-inner{\nwidth:105px;\nborder-color:#007fbf;\n}\n<\/style>\n<div  class='hr av-2z7m3e-d43a3bd95f297f016b9384bc91e946e5 hr-custom  avia-builder-el-2  el_after_av_heading  el_before_av_heading  hr-left hr-icon-no'><span class='hr-inner inner-border-av-border-fat'><span class=\"hr-inner-style\"><\/span><\/span><\/div>\n\n<style type=\"text\/css\" data-created_by=\"avia_inline_auto\" id=\"style-css-av-l59nx6j6-96fe6993be8d51825b9015fc2ba257bb\">\n#top .av-special-heading.av-l59nx6j6-96fe6993be8d51825b9015fc2ba257bb{\npadding-bottom:10px;\n}\nbody .av-special-heading.av-l59nx6j6-96fe6993be8d51825b9015fc2ba257bb .av-special-heading-tag .heading-char{\nfont-size:25px;\n}\n.av-special-heading.av-l59nx6j6-96fe6993be8d51825b9015fc2ba257bb .av-subheading{\nfont-size:15px;\n}\n<\/style>\n<div  class='av-special-heading av-l59nx6j6-96fe6993be8d51825b9015fc2ba257bb av-special-heading-h1 blockquote modern-quote  avia-builder-el-3  el_after_av_hr  el_before_av_hr '><h1 class='av-special-heading-tag'  itemprop=\"headline\"  >PLAVAJO\u010cA TLA<\/h1><div class='av-subheading av-subheading_below'><p>Steel Spline Joint<\/p>\n<\/div><div class=\"special-heading-border\"><div class=\"special-heading-inner-border\"><\/div><\/div><\/div>\n\n<style type=\"text\/css\" data-created_by=\"avia_inline_auto\" id=\"style-css-av-l5grcelc-8ecbf4d3491463d3f0e2039f17a1f36f\">\n#top .hr.hr-invisible.av-l5grcelc-8ecbf4d3491463d3f0e2039f17a1f36f{\nheight:50px;\n}\n<\/style>\n<div  class='hr av-l5grcelc-8ecbf4d3491463d3f0e2039f17a1f36f hr-invisible  avia-builder-el-4  el_after_av_heading  el_before_av_one_third '><span class='hr-inner '><span class=\"hr-inner-style\"><\/span><\/span><\/div>\n<div class='flex_column av-3ku2pi-30a9ec859c879cfdc67f2b33927c0c18 av_one_third  avia-builder-el-5  el_after_av_hr  el_before_av_one_third  first flex_column_div '     ><p>\n<style type=\"text\/css\" data-created_by=\"avia_inline_auto\" id=\"style-css-av-l5gipadw-112fa5b630358dc5fad1c8ae1c59af2f\">\n.avia-image-container.av-l5gipadw-112fa5b630358dc5fad1c8ae1c59af2f img.avia_image{\nbox-shadow:none;\n}\n.avia-image-container.av-l5gipadw-112fa5b630358dc5fad1c8ae1c59af2f .av-image-caption-overlay-center{\ncolor:#ffffff;\n}\n<\/style>\n<div  class='avia-image-container av-l5gipadw-112fa5b630358dc5fad1c8ae1c59af2f av-styling- avia-align-center  avia-builder-el-6  el_before_av_textblock  avia-builder-el-first '   itemprop=\"image\" itemscope=\"itemscope\" itemtype=\"https:\/\/schema.org\/ImageObject\" ><div class=\"avia-image-container-inner\"><div class=\"avia-image-overlay-wrap\"><img decoding=\"async\" class='wp-image-4934 avia-img-lazy-loading-not-4934 avia_image ' src=\"https:\/\/fipro.si\/wp-content\/uploads\/2022\/07\/FIPRO-Standard-Joint.jpg\" alt='' title='FIPRO-Standard-Joint'  height=\"1500\" width=\"2000\"  itemprop=\"thumbnailUrl\" srcset=\"https:\/\/fipro.si\/wp-content\/uploads\/2022\/07\/FIPRO-Standard-Joint.jpg 2000w, https:\/\/fipro.si\/wp-content\/uploads\/2022\/07\/FIPRO-Standard-Joint-300x225.jpg 300w, https:\/\/fipro.si\/wp-content\/uploads\/2022\/07\/FIPRO-Standard-Joint-1030x773.jpg 1030w, https:\/\/fipro.si\/wp-content\/uploads\/2022\/07\/FIPRO-Standard-Joint-768x576.jpg 768w, https:\/\/fipro.si\/wp-content\/uploads\/2022\/07\/FIPRO-Standard-Joint-1536x1152.jpg 1536w, https:\/\/fipro.si\/wp-content\/uploads\/2022\/07\/FIPRO-Standard-Joint-1500x1125.jpg 1500w, https:\/\/fipro.si\/wp-content\/uploads\/2022\/07\/FIPRO-Standard-Joint-705x529.jpg 705w\" sizes=\"(max-width: 2000px) 100vw, 2000px\" \/><\/div><\/div><\/div><br \/>\n\n<style type=\"text\/css\" data-created_by=\"avia_inline_auto\" id=\"style-css-av-l5jt3knq-42da7a7958a843cfe66059e3f1ffaa8d\">\n#top .av_textblock_section.av-l5jt3knq-42da7a7958a843cfe66059e3f1ffaa8d .avia_textblock{\nfont-size:12px;\n}\n<\/style>\n<section  class='av_textblock_section av-l5jt3knq-42da7a7958a843cfe66059e3f1ffaa8d'  itemscope=\"itemscope\" itemtype=\"https:\/\/schema.org\/CreativeWork\" ><div class='avia_textblock'  itemprop=\"text\" ><div class=\"page\" title=\"Stran 4\">\n<div class=\"section\">\n<div class=\"layoutArea\">\n<div class=\"column\">\n<div class=\"page\" title=\"Stran 5\">\n<div class=\"section\">\n<div class=\"layoutArea\">\n<div class=\"column\">\n<div class=\"page\" title=\"Stran 7\">\n<div class=\"layoutArea\">\n<div class=\"column\">\n<div class=\"page\" title=\"Stran 8\">\n<div class=\"section\">\n<div class=\"layoutArea\">\n<div class=\"column\">\n<div class=\"page\" title=\"Stran 10\">\n<div class=\"section\">\n<div class=\"layoutArea\">\n<div class=\"column\">\n<p>Standardni spoj<\/p>\n<\/div>\n<\/div>\n<\/div>\n<\/div>\n<\/div>\n<\/div>\n<\/div>\n<\/div>\n<\/div>\n<\/div>\n<\/div>\n<\/div>\n<\/div>\n<\/div>\n<\/div>\n<\/div>\n<\/div>\n<\/div>\n<\/div>\n<\/div><\/section><\/p><\/div>\n<div class='flex_column av-449nwy-0251a3d9626803f4b2e1bca4c34101e2 av_one_third  avia-builder-el-8  el_after_av_one_third  el_before_av_one_third  flex_column_div '     ><p>\n<style type=\"text\/css\" data-created_by=\"avia_inline_auto\" id=\"style-css-av-l5ks7l6l-6f74796023703321dfa48b0c176c5b91\">\n.avia-image-container.av-l5ks7l6l-6f74796023703321dfa48b0c176c5b91 img.avia_image{\nbox-shadow:none;\n}\n.avia-image-container.av-l5ks7l6l-6f74796023703321dfa48b0c176c5b91 .av-image-caption-overlay-center{\ncolor:#ffffff;\n}\n<\/style>\n<div  class='avia-image-container av-l5ks7l6l-6f74796023703321dfa48b0c176c5b91 av-styling- avia-align-center  avia-builder-el-9  el_before_av_textblock  avia-builder-el-first '   itemprop=\"image\" itemscope=\"itemscope\" itemtype=\"https:\/\/schema.org\/ImageObject\" ><div class=\"avia-image-container-inner\"><div class=\"avia-image-overlay-wrap\"><img decoding=\"async\" class='wp-image-4933 avia-img-lazy-loading-not-4933 avia_image ' src=\"https:\/\/fipro.si\/wp-content\/uploads\/2022\/07\/FIPRO-Floor-Side-Connection.jpg\" alt='' title='FIPRO-Floor-Side-Connection'  height=\"1500\" width=\"2000\"  itemprop=\"thumbnailUrl\" srcset=\"https:\/\/fipro.si\/wp-content\/uploads\/2022\/07\/FIPRO-Floor-Side-Connection.jpg 2000w, https:\/\/fipro.si\/wp-content\/uploads\/2022\/07\/FIPRO-Floor-Side-Connection-300x225.jpg 300w, https:\/\/fipro.si\/wp-content\/uploads\/2022\/07\/FIPRO-Floor-Side-Connection-1030x773.jpg 1030w, https:\/\/fipro.si\/wp-content\/uploads\/2022\/07\/FIPRO-Floor-Side-Connection-768x576.jpg 768w, https:\/\/fipro.si\/wp-content\/uploads\/2022\/07\/FIPRO-Floor-Side-Connection-1536x1152.jpg 1536w, https:\/\/fipro.si\/wp-content\/uploads\/2022\/07\/FIPRO-Floor-Side-Connection-1500x1125.jpg 1500w, https:\/\/fipro.si\/wp-content\/uploads\/2022\/07\/FIPRO-Floor-Side-Connection-705x529.jpg 705w\" sizes=\"(max-width: 2000px) 100vw, 2000px\" \/><\/div><\/div><\/div><br \/>\n\n<style type=\"text\/css\" data-created_by=\"avia_inline_auto\" id=\"style-css-av-l5ks7our-44e4cb3918e50d5ed7c5d971f99e4111\">\n#top .av_textblock_section.av-l5ks7our-44e4cb3918e50d5ed7c5d971f99e4111 .avia_textblock{\nfont-size:12px;\n}\n<\/style>\n<section  class='av_textblock_section av-l5ks7our-44e4cb3918e50d5ed7c5d971f99e4111'  itemscope=\"itemscope\" itemtype=\"https:\/\/schema.org\/CreativeWork\" ><div class='avia_textblock'  itemprop=\"text\" ><div class=\"page\" title=\"Stran 4\">\n<div class=\"section\">\n<div class=\"layoutArea\">\n<div class=\"column\">\n<div class=\"page\" title=\"Stran 5\">\n<div class=\"section\">\n<div class=\"layoutArea\">\n<div class=\"column\">\n<div class=\"page\" title=\"Stran 7\">\n<div class=\"layoutArea\">\n<div class=\"column\">\n<div class=\"page\" title=\"Stran 8\">\n<div class=\"section\">\n<div class=\"layoutArea\">\n<div class=\"column\">\n<div class=\"page\" title=\"Stran 10\">\n<div class=\"section\">\n<div class=\"layoutArea\">\n<div class=\"column\">\n<p>Priklju\u010dek na strani tal s tesnilnim kitom in mineralno volno<\/p>\n<\/div>\n<\/div>\n<\/div>\n<\/div>\n<\/div>\n<\/div>\n<\/div>\n<\/div>\n<\/div>\n<\/div>\n<\/div>\n<\/div>\n<\/div>\n<\/div>\n<\/div>\n<\/div>\n<\/div>\n<\/div>\n<\/div>\n<\/div><\/section><\/p><\/div>\n<div class='flex_column av-4vvyq2-7d11701d4e8e682eaf1e591a1a200080 av_one_third  avia-builder-el-11  el_after_av_one_third  el_before_av_one_third  flex_column_div '     ><\/div>\n<div class='flex_column av-bqqx9p-ea93a9988dc4e96c37c0b59704d60747 av_one_third  avia-builder-el-12  el_after_av_one_third  el_before_av_one_third  first flex_column_div column-top-margin'     ><style type=\"text\/css\" data-created_by=\"avia_inline_auto\" id=\"style-css-av-l5js5s9v-85cfffd5184d3b9b5e76c285deabd62e\">\n#top .av-special-heading.av-l5js5s9v-85cfffd5184d3b9b5e76c285deabd62e{\npadding-bottom:0;\nfont-size:25px;\n}\nbody .av-special-heading.av-l5js5s9v-85cfffd5184d3b9b5e76c285deabd62e .av-special-heading-tag .heading-char{\nfont-size:25px;\n}\n#top #wrap_all .av-special-heading.av-l5js5s9v-85cfffd5184d3b9b5e76c285deabd62e .av-special-heading-tag{\nfont-size:25px;\n}\n.av-special-heading.av-l5js5s9v-85cfffd5184d3b9b5e76c285deabd62e .av-subheading{\nfont-size:15px;\n}\n\n@media only screen and (min-width: 480px) and (max-width: 767px){ \n#top #wrap_all .av-special-heading.av-l5js5s9v-85cfffd5184d3b9b5e76c285deabd62e .av-special-heading-tag{\nfont-size:0.8em;\n}\n}\n\n@media only screen and (max-width: 479px){ \n#top #wrap_all .av-special-heading.av-l5js5s9v-85cfffd5184d3b9b5e76c285deabd62e .av-special-heading-tag{\nfont-size:0.8em;\n}\n}\n<\/style>\n<div  class='av-special-heading av-l5js5s9v-85cfffd5184d3b9b5e76c285deabd62e av-special-heading-h3 blockquote modern-quote  avia-builder-el-13  avia-builder-el-no-sibling  av-inherit-size'><h3 class='av-special-heading-tag'  itemprop=\"headline\"  >Zahteva: Razred A-60<\/h3><div class=\"special-heading-border\"><div class=\"special-heading-inner-border\"><\/div><\/div><\/div><\/div>\n<div class='flex_column av-xid3x-5534691bbe39658a99572173f9199721 av_one_third  avia-builder-el-14  el_after_av_one_third  el_before_av_one_third  flex_column_div column-top-margin'     ><\/div>\n<div class='flex_column av-2borze-920d0632d6b5e57d6a5768291f09d40b av_one_third  avia-builder-el-15  el_after_av_one_third  el_before_av_one_third  flex_column_div column-top-margin'     ><\/div>\n<div class='flex_column_table av-7mtzj8-a19f6cccbd6ce14c6a5ac482deffc04b sc-av_one_third av-equal-height-column-flextable'>\n<style type=\"text\/css\" data-created_by=\"avia_inline_auto\" id=\"style-css-av-7mtzj8-a19f6cccbd6ce14c6a5ac482deffc04b\">\n#top .flex_column_table.av-equal-height-column-flextable.av-7mtzj8-a19f6cccbd6ce14c6a5ac482deffc04b{\nmargin-top:-10px;\nmargin-bottom:-10px;\n}\n<\/style>\n<div class='flex_column av-7mtzj8-a19f6cccbd6ce14c6a5ac482deffc04b av_one_third  avia-builder-el-16  el_after_av_one_third  el_before_av_one_third  first flex_column_table_cell av-equal-height-column av-align-top column-top-margin'     ><section  class='av_textblock_section av-l5jshna7-bc2d5c38579d4e3cf2c8f49f3475c719'  itemscope=\"itemscope\" itemtype=\"https:\/\/schema.org\/CreativeWork\" ><div class='avia_textblock'  itemprop=\"text\" ><p><strong>Material:<\/strong> <sup>FIPRO\u00ae<\/sup><br \/>\n<strong>Debelina<\/strong>: 19 mm<br \/>\n<strong>Laminat:<\/strong> Odobreni HPL<br \/>\n<strong>Stik:<\/strong> jekleni vijak<br \/>\n<strong>Izolacija:<\/strong> Izolacija: odobrena mineralna volna 30 mm<br \/>\n<strong>Zmanj\u0161anje hrupa:<\/strong> 50 dB (ocenjena vrednost)<\/p>\n<p><strong>Odobrilo:<\/strong><br \/>\nBureau Veritas<br \/>\nMED EC<br \/>\nUSCG<br \/>\nPromet v Kanadi<br \/>\nLloydov ladijski register<\/p>\n<\/div><\/section><\/div>\n<div class='av-flex-placeholder'><\/div>\n<style type=\"text\/css\" data-created_by=\"avia_inline_auto\" id=\"style-css-av-4jv086-e28543757f7f6c5ebfaa67cb58e99348\">\n#top .flex_column_table.av-equal-height-column-flextable.av-4jv086-e28543757f7f6c5ebfaa67cb58e99348{\nmargin-top:-10px;\nmargin-bottom:-10px;\n}\n<\/style>\n<div class='flex_column av-4jv086-e28543757f7f6c5ebfaa67cb58e99348 av_one_third  avia-builder-el-18  el_after_av_one_third  el_before_av_one_third  flex_column_table_cell av-equal-height-column av-align-top column-top-margin'     ><\/div>\n<div class='av-flex-placeholder'><\/div>\n<style type=\"text\/css\" data-created_by=\"avia_inline_auto\" id=\"style-css-av-299r99-a8bfe6d4fd92be0a4fdf270b20dbe543\">\n#top .flex_column_table.av-equal-height-column-flextable.av-299r99-a8bfe6d4fd92be0a4fdf270b20dbe543{\nmargin-top:-10px;\nmargin-bottom:-10px;\n}\n<\/style>\n<div class='flex_column av-299r99-a8bfe6d4fd92be0a4fdf270b20dbe543 av_one_third  avia-builder-el-19  el_after_av_one_third  el_before_av_hr  flex_column_table_cell av-equal-height-column av-align-top column-top-margin'     ><\/div><\/div><!--close column table wrapper. Autoclose: 1 -->\n<div  class='hr av-2drsiu-68cdba9891bf1d7ea5fe8a0977e6eb6d hr-full  avia-builder-el-20  el_after_av_one_third  el_before_av_textblock  hr-no-shadow'><span class='hr-inner '><span class=\"hr-inner-style\"><\/span><\/span><\/div>\n<section  class='av_textblock_section av-l5ku8mpa-cf354455824022cd9ed4343ee2019ca5'  itemscope=\"itemscope\" itemtype=\"https:\/\/schema.org\/CreativeWork\" ><div class='avia_textblock'  itemprop=\"text\" ><p>Ve\u010d razdelkov za spajanje si oglejte v poglavju <a href=\"https:\/\/www.fipro.si\/sl\/?page_id=5129\">Profili<\/a>.<\/p>\n<\/div><\/section>\n\n<style type=\"text\/css\" data-created_by=\"avia_inline_auto\" id=\"style-css-av-l5kwnjqu-6740b7f4833c58ab3de3489a41e4c45a\">\n#top .hr.hr-invisible.av-l5kwnjqu-6740b7f4833c58ab3de3489a41e4c45a{\nheight:15px;\n}\n<\/style>\n<div  class='hr av-l5kwnjqu-6740b7f4833c58ab3de3489a41e4c45a hr-invisible  avia-builder-el-22  el_after_av_textblock  el_before_av_textblock '><span class='hr-inner '><span class=\"hr-inner-style\"><\/span><\/span><\/div>\n\n<style type=\"text\/css\" data-created_by=\"avia_inline_auto\" id=\"style-css-av-l5kwn78z-45de487fcb8c8ac5dfbed378028e6636\">\n#top .av_textblock_section.av-l5kwn78z-45de487fcb8c8ac5dfbed378028e6636 .avia_textblock{\nfont-size:15px;\n}\n<\/style>\n<section  class='av_textblock_section av-l5kwn78z-45de487fcb8c8ac5dfbed378028e6636'  itemscope=\"itemscope\" itemtype=\"https:\/\/schema.org\/CreativeWork\" ><div class='avia_textblock'  itemprop=\"text\" ><p>Negorljivost je ena od zahtev za uporabo notranjih gradbenih plo\u0161\u010d v ladjedelni\u0161tvu. To se preverja v skladu z Resolucijo IMO A799 (19). FIPRO\u00ae je uspe\u0161no opravil vse teste in je s strani organov za pomorsko varnost in klasifikacijskih podjetij odobren kot &#8220;negorljiv gradbeni material&#8221;.<br \/>\nS sistemom FIPRO\u00ae so bili opravljeni obse\u017eni preskusi pregrad in oblog. Izbor odobrenih modelov najdete v naslednjih predstavitvah. Potrdila so na voljo na zahtevo.<\/p>\n<\/div><\/section>\n","protected":false},"excerpt":{"rendered":"","protected":false},"author":1,"featured_media":0,"parent":0,"menu_order":0,"comment_status":"closed","ping_status":"closed","template":"","meta":{"om_disable_all_campaigns":false,"_monsterinsights_skip_tracking":false,"_monsterinsights_sitenote_active":false,"_monsterinsights_sitenote_note":"","_monsterinsights_sitenote_category":0,"footnotes":""},"class_list":["post-5182","page","type-page","status-publish","hentry"],"aioseo_notices":[],"_links":{"self":[{"href":"https:\/\/fipro.si\/sl\/wp-json\/wp\/v2\/pages\/5182"}],"collection":[{"href":"https:\/\/fipro.si\/sl\/wp-json\/wp\/v2\/pages"}],"about":[{"href":"https:\/\/fipro.si\/sl\/wp-json\/wp\/v2\/types\/page"}],"author":[{"embeddable":true,"href":"https:\/\/fipro.si\/sl\/wp-json\/wp\/v2\/users\/1"}],"replies":[{"embeddable":true,"href":"https:\/\/fipro.si\/sl\/wp-json\/wp\/v2\/comments?post=5182"}],"version-history":[{"count":3,"href":"https:\/\/fipro.si\/sl\/wp-json\/wp\/v2\/pages\/5182\/revisions"}],"predecessor-version":[{"id":5185,"href":"https:\/\/fipro.si\/sl\/wp-json\/wp\/v2\/pages\/5182\/revisions\/5185"}],"wp:attachment":[{"href":"https:\/\/fipro.si\/sl\/wp-json\/wp\/v2\/media?parent=5182"}],"curies":[{"name":"wp","href":"https:\/\/api.w.org\/{rel}","templated":true}]}}