{"id":5186,"date":"2022-11-16T12:31:52","date_gmt":"2022-11-16T11:31:52","guid":{"rendered":"https:\/\/www.fipro.si\/o-podjetju-mineralka\/"},"modified":"2024-12-05T15:54:16","modified_gmt":"2024-12-05T14:54:16","slug":"o-podjetju-mineralka","status":"publish","type":"page","link":"https:\/\/fipro.si\/sl\/o-podjetju-mineralka\/","title":{"rendered":"O podjetju MINERALKA"},"content":{"rendered":"<div id='full_slider_1'  class='avia-fullwidth-slider main_color avia-shadow   avia-builder-el-0  el_before_av_section  avia-builder-el-first   container_wrap sidebar_right'  ><div  class='avia-slideshow av-lajnlc9j-1782c6e867b40773de8833834c20fa9b avia-slideshow-no scaling av_slideshow_full avia-slide-slider av-slideshow-ui av-control-default av-slideshow-manual av-loop-once av-loop-manual-endless av-default-height-applied   avia-slideshow-1' data-slideshow-options=\"{&quot;animation&quot;:&quot;slide&quot;,&quot;autoplay&quot;:false,&quot;loop_autoplay&quot;:&quot;once&quot;,&quot;interval&quot;:5,&quot;loop_manual&quot;:&quot;manual-endless&quot;,&quot;autoplay_stopper&quot;:false,&quot;noNavigation&quot;:false,&quot;bg_slider&quot;:false,&quot;keep_padding&quot;:false,&quot;hoverpause&quot;:false,&quot;show_slide_delay&quot;:0}\"  itemprop=\"image\" itemscope=\"itemscope\" itemtype=\"https:\/\/schema.org\/ImageObject\" ><ul class='avia-slideshow-inner ' style='padding-bottom: 56.277777777778%;'><li  class='avia-slideshow-slide av-lajnlc9j-1782c6e867b40773de8833834c20fa9b__0  av-single-slide slide-1 slide-odd'><div data-rel='slideshow-1' class='avia-slide-wrap '   ><img decoding=\"async\" class=\"wp-image-4983 avia-img-lazy-loading-not-4983\"  src=\"https:\/\/fipro.si\/wp-content\/uploads\/2022\/11\/Mineralka-Drohne.jpg\" width=\"1800\" height=\"1013\" title='Mineralka-Drohne' alt=''  itemprop=\"thumbnailUrl\" srcset=\"https:\/\/fipro.si\/wp-content\/uploads\/2022\/11\/Mineralka-Drohne.jpg 1800w, https:\/\/fipro.si\/wp-content\/uploads\/2022\/11\/Mineralka-Drohne-300x169.jpg 300w, https:\/\/fipro.si\/wp-content\/uploads\/2022\/11\/Mineralka-Drohne-1030x580.jpg 1030w, https:\/\/fipro.si\/wp-content\/uploads\/2022\/11\/Mineralka-Drohne-768x432.jpg 768w, https:\/\/fipro.si\/wp-content\/uploads\/2022\/11\/Mineralka-Drohne-1536x864.jpg 1536w, https:\/\/fipro.si\/wp-content\/uploads\/2022\/11\/Mineralka-Drohne-1500x844.jpg 1500w, https:\/\/fipro.si\/wp-content\/uploads\/2022\/11\/Mineralka-Drohne-705x397.jpg 705w\" sizes=\"(max-width: 1800px) 100vw, 1800px\" \/><\/div><\/li><\/ul><\/div><\/div>\n\n<style type=\"text\/css\" data-created_by=\"avia_inline_auto\" id=\"style-css-av-38te08-54e331471a9abbba2467662e0267bd61\">\n.avia-section.av-38te08-54e331471a9abbba2467662e0267bd61 .av-extra-border-element .av-extra-border-inner{\nbackground-color:#ffffff;\n}\n<\/style>\n<div id='av_section_1'  class='avia-section av-38te08-54e331471a9abbba2467662e0267bd61 main_color avia-section-large avia-no-border-styling  avia-builder-el-1  el_after_av_slideshow_full  el_before_av_horizontal_gallery  avia-bg-style-scroll av-arrow-down-section container_wrap sidebar_right'  ><div class='container av-section-cont-open' ><div class='template-page content  av-content-small alpha units'><div class='post-entry post-entry-type-page post-entry-5186'><div class='entry-content-wrapper clearfix'>\n<div class='flex_column av-31npkh-d5505aacc3a2e2e628479a056b645bb5 av_one_full  avia-builder-el-2  el_before_av_one_half  avia-builder-el-first  first flex_column_div '     ><p>\n<style type=\"text\/css\" data-created_by=\"avia_inline_auto\" id=\"style-css-av-lajk72ok-6899ee8d39c149b74547dab49d5d6ebf\">\n#top .av_textblock_section.av-lajk72ok-6899ee8d39c149b74547dab49d5d6ebf .avia_textblock{\nfont-size:32px;\n}\n<\/style>\n<section  class='av_textblock_section av-lajk72ok-6899ee8d39c149b74547dab49d5d6ebf'  itemscope=\"itemscope\" itemtype=\"https:\/\/schema.org\/CreativeWork\" ><div class='avia_textblock'  itemprop=\"text\" ><p><strong>Smo MINERALKA d.o.o. &#8211; proizvajalec negorljivih plo\u0161\u010d FIPRO\u00ae.<\/strong><\/p>\n<\/div><\/section><br \/>\n<section  class='av_textblock_section av-lajkae31-7a4d813359448c3f71b13b57bfa57aab'  itemscope=\"itemscope\" itemtype=\"https:\/\/schema.org\/CreativeWork\" ><div class='avia_textblock'  itemprop=\"text\" ><p>MINERALKA d.o.o. s sede\u017eem v Sloveniji je \u010dlanica skupine TechnoPhysik Group in h\u010derinsko podjetje podjetja <a href=\"https:\/\/www.techno-physik.com\" target=\"_blank\" rel=\"noopener\">TECHNO PHYSIK Engineering GmbH, Nem\u010dija<\/a>, ki je specializirano za proizvodnjo in distribucijo izolacijskih materialov in protipo\u017earnih izdelkov.<\/p>\n<p>Proizvodnja negorljivih plo\u0161\u010d iz vermikulita se je za\u010dela v osemdesetih letih prej\u0161njega stoletja. Ve\u010d kot 95 % celotne proizvodnje se izvozi po vsem svetu.<\/p>\n<p>MINERALKA d.o.o. Slovenija s podru\u017enico <a href=\"https:\/\/www.thermax.eu\" target=\"_blank\" rel=\"noopener\">MINERALKA Austria GmbH<\/a> z ve\u010d kot 35-letnimi izku\u0161njami in strokovnim znanjem sodi med vodilne proizvajalce izdelkov protipo\u017earne za\u0161\u010dite za notranjo opremo morskih plovil in off-shore ter dekorativno protipo\u017earno za\u0161\u010dito, gradbeni\u0161tvo, gradbene storitve ter industrijski in toplotni in\u017eeniring za visoko temperaturno odporne, negorljive, toplotno izolacijske izdelke za ogrevalno industrijo. Na\u0161i protipo\u017earni izdelki imajo posebne zahteve za vsako optimalno re\u0161itev.<br \/>\nZ na\u0161imi odobrenimi konstrukcijami in materiali FIPRO\u00ae imate na voljo \u0161iroko paleto aplikacij za inovativno protipo\u017earno za\u0161\u010dito.<\/p>\n<p>Izdelke FIPRO\u00ae je testiralo in odobrilo pribli\u017eno 25 razli\u010dnih mednarodnih in\u0161titutov za testiranje, saj so primerni in sprejemljivi za preventivno po\u017earno za\u0161\u010dito, proizvodnjo dima in plinov ter za materiale, ki niso \u0161kodljivi za zdravje. Ti izdelki ne vsebujejo azbesta ali vlaknatih materialov. Zato niso nevarne za zdravje.<\/p>\n<\/div><\/section><\/p><\/div>\n<style type=\"text\/css\" data-created_by=\"avia_inline_auto\" id=\"style-css-av-1wcpd4-2375f1878e75d43699781bb2f23891c8\">\n.flex_column.av-1wcpd4-2375f1878e75d43699781bb2f23891c8{\n-webkit-border-radius:0px 0px 0px 0px;\n-moz-border-radius:0px 0px 0px 0px;\nborder-radius:0px 0px 0px 0px;\npadding:0px 0px 0px 0px;\n}\n<\/style>\n<div class='flex_column av-1wcpd4-2375f1878e75d43699781bb2f23891c8 av_one_half  avia-builder-el-5  el_after_av_one_full  el_before_av_one_half  first flex_column_div av-zero-column-padding column-top-margin'     ><style type=\"text\/css\" data-created_by=\"avia_inline_auto\" id=\"style-css-av-l65131h2-d9fc678e68b314304408fac7e4464fd2\">\n.avia-image-container.av-l65131h2-d9fc678e68b314304408fac7e4464fd2 img.avia_image{\nbox-shadow:none;\n}\n.avia-image-container.av-l65131h2-d9fc678e68b314304408fac7e4464fd2 .av-image-caption-overlay-center{\ncolor:#ffffff;\n}\n<\/style>\n<div  class='avia-image-container av-l65131h2-d9fc678e68b314304408fac7e4464fd2 av-styling- avia-align-center  avia-builder-el-6  avia-builder-el-no-sibling '   itemprop=\"image\" itemscope=\"itemscope\" itemtype=\"https:\/\/schema.org\/ImageObject\" ><div class=\"avia-image-container-inner\"><div class=\"avia-image-overlay-wrap\"><img decoding=\"async\" class='wp-image-4954 avia-img-lazy-loading-not-4954 avia_image ' src=\"https:\/\/fipro.si\/wp-content\/uploads\/2022\/07\/MINERALKA-Logo.png\" alt='' title='MINERALKA-Logo'  height=\"269\" width=\"1200\"  itemprop=\"thumbnailUrl\" srcset=\"https:\/\/fipro.si\/wp-content\/uploads\/2022\/07\/MINERALKA-Logo.png 1200w, https:\/\/fipro.si\/wp-content\/uploads\/2022\/07\/MINERALKA-Logo-300x67.png 300w, https:\/\/fipro.si\/wp-content\/uploads\/2022\/07\/MINERALKA-Logo-1030x231.png 1030w, https:\/\/fipro.si\/wp-content\/uploads\/2022\/07\/MINERALKA-Logo-768x172.png 768w, https:\/\/fipro.si\/wp-content\/uploads\/2022\/07\/MINERALKA-Logo-705x158.png 705w\" sizes=\"(max-width: 1200px) 100vw, 1200px\" \/><\/div><\/div><\/div><\/div>\n<style type=\"text\/css\" data-created_by=\"avia_inline_auto\" id=\"style-css-av-880675-e2498861eadeb771a23cdaf548ef4c9a\">\n.flex_column.av-880675-e2498861eadeb771a23cdaf548ef4c9a{\n-webkit-border-radius:0px 0px 0px 0px;\n-moz-border-radius:0px 0px 0px 0px;\nborder-radius:0px 0px 0px 0px;\npadding:0px 0px 0px 0px;\n}\n<\/style>\n<div class='flex_column av-880675-e2498861eadeb771a23cdaf548ef4c9a av_one_half  avia-builder-el-7  el_after_av_one_half  avia-builder-el-last  flex_column_div av-zero-column-padding column-top-margin'     ><p>\n<style type=\"text\/css\" data-created_by=\"avia_inline_auto\" id=\"style-css-av-46nu01-0f307d5466c55d872c427ba1ee4fd6e5\">\n#top .hr.hr-invisible.av-46nu01-0f307d5466c55d872c427ba1ee4fd6e5{\nheight:50px;\n}\n<\/style>\n<div  class='hr av-46nu01-0f307d5466c55d872c427ba1ee4fd6e5 hr-invisible  avia-builder-el-8  el_before_av_textblock  avia-builder-el-first '><span class='hr-inner '><span class=\"hr-inner-style\"><\/span><\/span><\/div><br \/>\n<section  class='av_textblock_section av-6darkx-fb698fc70d8d52124060058de2d5fccf'  itemscope=\"itemscope\" itemtype=\"https:\/\/schema.org\/CreativeWork\" ><div class='avia_textblock'  itemprop=\"text\" ><h4>KONTAKTNA PRODUKCIJA<\/h4>\n<p>MINERALKA d.o.o.<br \/>\nCesta pod Slivnico 24<br \/>\nSi-1380 Cerknica, Slovenija<br \/>\nTelefon: +386 1709 0000 | +386 1709 0020<br \/>\nFaks: +386 1709 0002 | +386 1709 0022<br \/>\nE-naslov: <a href=\"mailto:info@si.tp-group.com\">info@si.tp-group.com<\/a><\/p>\n<\/div><\/section><br \/>\n\n<style type=\"text\/css\" data-created_by=\"avia_inline_auto\" id=\"style-css-av-2myqcx-7fed1a21dbeaaac50cffdb2cd7e8241d\">\n#top .hr.hr-invisible.av-2myqcx-7fed1a21dbeaaac50cffdb2cd7e8241d{\nheight:50px;\n}\n<\/style>\n<div  class='hr av-2myqcx-7fed1a21dbeaaac50cffdb2cd7e8241d hr-invisible  avia-builder-el-10  el_after_av_textblock  el_before_av_textblock '><span class='hr-inner '><span class=\"hr-inner-style\"><\/span><\/span><\/div><br \/>\n<section  class='av_textblock_section av-1ul7o1-d2b2ed1851193f0f745bdf6befcd0736'  itemscope=\"itemscope\" itemtype=\"https:\/\/schema.org\/CreativeWork\" ><div class='avia_textblock'  itemprop=\"text\" ><h4>KONTAKT PRODAJA<\/h4>\n<p>Kevin Russell Smith<br \/>\nVodja mednarodne prodaje in tr\u017eenja<br \/>\nMobilni telefon: +49 160 9559 56 39<br \/>\nE-naslov: <a href=\"mailto:k.smith@de.tp-group.com\">k.smith@de.tp-group.com<\/a><\/p>\n<\/div><\/section><\/p><\/div>\n<style type=\"text\/css\" data-created_by=\"avia_inline_auto\" id=\"style-css-av-lajo3k5z-5809c5337014bc988a1a0cc6f9c72382\">\n.av-horizontal-gallery.av-lajo3k5z-5809c5337014bc988a1a0cc6f9c72382{\npadding:3.75% 0px;;\n}\n.av-horizontal-gallery.av-lajo3k5z-5809c5337014bc988a1a0cc6f9c72382 .av-horizontal-gallery-inner{\npadding-bottom:25%;\n}\n<\/style>\n<div  class='av-horizontal-gallery av-lajo3k5z-5809c5337014bc988a1a0cc6f9c72382 av-horizontal-gallery-large-gap av-horizontal-gallery-enlarge-effect  avia-builder-el-12  el_after_av_section  el_before_av_hr  av-slideshow-ui av-control-default av-slideshow-manual av-loop-once av-loop-manual-once av-horizontal-gallery-1' data-slideshow-data=\"{&quot;enlarge&quot;:1.3,&quot;animation&quot;:&quot;slide&quot;,&quot;autoplay&quot;:false,&quot;loop_autoplay&quot;:&quot;once&quot;,&quot;interval&quot;:5,&quot;loop_manual&quot;:&quot;manual-once&quot;,&quot;autoplay_stopper&quot;:false,&quot;noNavigation&quot;:false,&quot;bg_slider&quot;:false,&quot;keep_padding&quot;:&quot;&quot;,&quot;hoverpause&quot;:false,&quot;show_slide_delay&quot;:0}\"  itemprop=\"image\" itemscope=\"itemscope\" itemtype=\"https:\/\/schema.org\/ImageObject\" ><div class='avia-slideshow-arrows avia-slideshow-controls' ><a href='#prev' class='prev-slide av-horizontal-gallery-prev' aria-hidden='true' data-av_icon='\ue87c' data-av_iconfont='entypo-fontello'  tabindex='-1'>Previous<\/a><a href='#next' class='next-slide av-horizontal-gallery-next' aria-hidden='true' data-av_icon='\ue87d' data-av_iconfont='entypo-fontello'  tabindex='-1'>Next<\/a><\/div><div class='avia-slideshow-dots avia-slideshow-controls av-horizontal-gallery-dots fade-in'><a href='#1' class='goto-slide active' >1<\/a><a href='#2' class='goto-slide ' >2<\/a><a href='#3' class='goto-slide ' >3<\/a><\/div><div class='av-horizontal-gallery-inner' data-av-height='25'><div class=\"av-horizontal-gallery-slider\"><div class='av-horizontal-gallery-wrap noHover'><img decoding=\"async\" class='wp-image-4984 avia-img-lazy-loading-not-4984 av-horizontal-gallery-img' width=\"1030\" height=\"687\" src=\"https:\/\/fipro.si\/wp-content\/uploads\/2022\/11\/087MINERALKA-1030x687.jpg\" title='087MINERALKA' alt='' srcset=\"https:\/\/fipro.si\/wp-content\/uploads\/2022\/11\/087MINERALKA-1030x687.jpg 1030w, https:\/\/fipro.si\/wp-content\/uploads\/2022\/11\/087MINERALKA-300x200.jpg 300w, https:\/\/fipro.si\/wp-content\/uploads\/2022\/11\/087MINERALKA-768x512.jpg 768w, https:\/\/fipro.si\/wp-content\/uploads\/2022\/11\/087MINERALKA-1536x1024.jpg 1536w, https:\/\/fipro.si\/wp-content\/uploads\/2022\/11\/087MINERALKA-1500x1000.jpg 1500w, https:\/\/fipro.si\/wp-content\/uploads\/2022\/11\/087MINERALKA-705x470.jpg 705w, https:\/\/fipro.si\/wp-content\/uploads\/2022\/11\/087MINERALKA.jpg 1800w\" sizes=\"(max-width: 1030px) 100vw, 1030px\" \/><a href=\"https:\/\/fipro.si\/wp-content\/uploads\/2022\/11\/087MINERALKA-1030x687.jpg\" data-srcset=\"https:\/\/fipro.si\/wp-content\/uploads\/2022\/11\/087MINERALKA-1030x687.jpg 1030w, https:\/\/fipro.si\/wp-content\/uploads\/2022\/11\/087MINERALKA-300x200.jpg 300w, https:\/\/fipro.si\/wp-content\/uploads\/2022\/11\/087MINERALKA-768x512.jpg 768w, https:\/\/fipro.si\/wp-content\/uploads\/2022\/11\/087MINERALKA-1536x1024.jpg 1536w, https:\/\/fipro.si\/wp-content\/uploads\/2022\/11\/087MINERALKA-1500x1000.jpg 1500w, https:\/\/fipro.si\/wp-content\/uploads\/2022\/11\/087MINERALKA-705x470.jpg 705w, https:\/\/fipro.si\/wp-content\/uploads\/2022\/11\/087MINERALKA.jpg 1800w\" data-sizes=\"(max-width: 1030px) 100vw, 1030px\" class='av-horizontal-gallery-link' aria-hidden='true' data-av_icon='\ue869' data-av_iconfont='entypo-fontello' title='087MINERALKA' alt=''><\/a><\/div><div class='av-horizontal-gallery-wrap noHover'><img decoding=\"async\" class='wp-image-4985 avia-img-lazy-loading-not-4985 av-horizontal-gallery-img' width=\"1030\" height=\"687\" src=\"https:\/\/fipro.si\/wp-content\/uploads\/2022\/11\/084MINERALKA-1030x687.jpg\" title='084MINERALKA' alt='' srcset=\"https:\/\/fipro.si\/wp-content\/uploads\/2022\/11\/084MINERALKA-1030x687.jpg 1030w, https:\/\/fipro.si\/wp-content\/uploads\/2022\/11\/084MINERALKA-300x200.jpg 300w, https:\/\/fipro.si\/wp-content\/uploads\/2022\/11\/084MINERALKA-768x512.jpg 768w, https:\/\/fipro.si\/wp-content\/uploads\/2022\/11\/084MINERALKA-1536x1024.jpg 1536w, https:\/\/fipro.si\/wp-content\/uploads\/2022\/11\/084MINERALKA-1500x1000.jpg 1500w, https:\/\/fipro.si\/wp-content\/uploads\/2022\/11\/084MINERALKA-705x470.jpg 705w, https:\/\/fipro.si\/wp-content\/uploads\/2022\/11\/084MINERALKA.jpg 1800w\" sizes=\"(max-width: 1030px) 100vw, 1030px\" \/><a href=\"https:\/\/fipro.si\/wp-content\/uploads\/2022\/11\/084MINERALKA-1030x687.jpg\" data-srcset=\"https:\/\/fipro.si\/wp-content\/uploads\/2022\/11\/084MINERALKA-1030x687.jpg 1030w, https:\/\/fipro.si\/wp-content\/uploads\/2022\/11\/084MINERALKA-300x200.jpg 300w, https:\/\/fipro.si\/wp-content\/uploads\/2022\/11\/084MINERALKA-768x512.jpg 768w, https:\/\/fipro.si\/wp-content\/uploads\/2022\/11\/084MINERALKA-1536x1024.jpg 1536w, https:\/\/fipro.si\/wp-content\/uploads\/2022\/11\/084MINERALKA-1500x1000.jpg 1500w, https:\/\/fipro.si\/wp-content\/uploads\/2022\/11\/084MINERALKA-705x470.jpg 705w, https:\/\/fipro.si\/wp-content\/uploads\/2022\/11\/084MINERALKA.jpg 1800w\" data-sizes=\"(max-width: 1030px) 100vw, 1030px\" class='av-horizontal-gallery-link' aria-hidden='true' data-av_icon='\ue869' data-av_iconfont='entypo-fontello' title='084MINERALKA' alt=''><\/a><\/div><div class='av-horizontal-gallery-wrap noHover'><img decoding=\"async\" class='wp-image-4986 avia-img-lazy-loading-not-4986 av-horizontal-gallery-img' width=\"1030\" height=\"687\" src=\"https:\/\/fipro.si\/wp-content\/uploads\/2022\/11\/092MINERALKA-1030x687.jpg\" title='092MINERALKA' alt='' srcset=\"https:\/\/fipro.si\/wp-content\/uploads\/2022\/11\/092MINERALKA-1030x687.jpg 1030w, https:\/\/fipro.si\/wp-content\/uploads\/2022\/11\/092MINERALKA-300x200.jpg 300w, https:\/\/fipro.si\/wp-content\/uploads\/2022\/11\/092MINERALKA-768x512.jpg 768w, https:\/\/fipro.si\/wp-content\/uploads\/2022\/11\/092MINERALKA-1536x1024.jpg 1536w, https:\/\/fipro.si\/wp-content\/uploads\/2022\/11\/092MINERALKA-1500x1000.jpg 1500w, https:\/\/fipro.si\/wp-content\/uploads\/2022\/11\/092MINERALKA-705x470.jpg 705w, https:\/\/fipro.si\/wp-content\/uploads\/2022\/11\/092MINERALKA.jpg 1800w\" sizes=\"(max-width: 1030px) 100vw, 1030px\" \/><a href=\"https:\/\/fipro.si\/wp-content\/uploads\/2022\/11\/092MINERALKA-1030x687.jpg\" data-srcset=\"https:\/\/fipro.si\/wp-content\/uploads\/2022\/11\/092MINERALKA-1030x687.jpg 1030w, https:\/\/fipro.si\/wp-content\/uploads\/2022\/11\/092MINERALKA-300x200.jpg 300w, https:\/\/fipro.si\/wp-content\/uploads\/2022\/11\/092MINERALKA-768x512.jpg 768w, https:\/\/fipro.si\/wp-content\/uploads\/2022\/11\/092MINERALKA-1536x1024.jpg 1536w, https:\/\/fipro.si\/wp-content\/uploads\/2022\/11\/092MINERALKA-1500x1000.jpg 1500w, https:\/\/fipro.si\/wp-content\/uploads\/2022\/11\/092MINERALKA-705x470.jpg 705w, https:\/\/fipro.si\/wp-content\/uploads\/2022\/11\/092MINERALKA.jpg 1800w\" data-sizes=\"(max-width: 1030px) 100vw, 1030px\" class='av-horizontal-gallery-link' aria-hidden='true' data-av_icon='\ue869' data-av_iconfont='entypo-fontello' title='092MINERALKA' alt=''><\/a><\/div><\/div><\/div><\/div><\/p>\n<div  class='hr av-o3kh-a70d04aca6ec5d6739f6bd1599cdbfb3 hr-default  avia-builder-el-13  el_after_av_horizontal_gallery  el_before_av_timeline  avia-builder-el-first '><span class='hr-inner '><span class=\"hr-inner-style\"><\/span><\/span><\/div>\n<div  id=\"avia-timeline-1\"  class='avia-timeline-container av-lajmukin-4adb63e76cc045a2291f39ba9cd81e42 av-slideshow-ui  avia-builder-el-14  el_after_av_hr  el_before_av_hr ' ><ul class='avia-timeline avia-timeline-vertical av-milestone-placement-alternate avia-timeline- avia_animate_when_almost_visible avia-timeline-animate'>\n<li  class='av-milestone av-lajmrdct-9527c5580f218d8a9a754b1b0a56d9a4 av-animated-generic fade-in av-milestone-valign-baseline av-milestone-odd'><h2 class='av-milestone-date ' id='milestone-1970'><strong>1970<span class='av-milestone-indicator'><\/span><\/strong><\/h2><div class=\"av-milestone-icon-wrap\"><span class='av-milestone-icon milestone_icon avia-font-entypo-fontello'><span class='av-milestone-icon-inner milestone_inner'><i class='milestone-char' aria-hidden='true' data-av_icon='\ue864' data-av_iconfont='entypo-fontello'><\/i><\/span><\/span><\/div><article class='av-milestone-content-wrap'><div class='av-milestone-contentbox'><header class=\"entry-content-header\"><h4 class='av-milestone-title '>Mejnik 1<\/h4><\/header><div class='av-milestone-content'><p>V sedemdesetih letih prej\u0161njega stoletja je MINERALKA zamenjala izdelke iz plo\u0161\u010d, ki so bili do takrat delno izdelani iz azbesta, z zdravju ne\u0161kodljivimi izdelki iz vermikulita. Po dolgem razvojnem obdobju so te izdelke testirali v pribli\u017eno 25 razli\u010dnih mednarodnih in\u0161titutih za testiranje njihove ustreznosti z vidika po\u017earne za\u0161\u010dite ter razvoja dima in plinov (toksi\u010dnosti).<\/p>\n<\/div><\/div><footer class='av-milestone-article-footer entry-footer'><\/footer><\/article><\/li>\n<li  class='av-milestone av-lajmsris-78a863348d0a2141b08a8aa92b3b3c25 av-animated-generic fade-in av-milestone-valign-baseline av-milestone-even'><h2 class='av-milestone-date ' id='milestone-1974'><strong>1974<span class='av-milestone-indicator'><\/span><\/strong><\/h2><article class='av-milestone-content-wrap'><div class='av-milestone-contentbox'><header class=\"entry-content-header\"><h4 class='av-milestone-title '>Mejnik 2<\/h4><\/header><div class='av-milestone-content'><p>Zahteve in preskusi v ladjedelni\u0161ki industriji so mednarodno urejeni. Leta 1974 so bili sklenjeni mednarodni sporazumi &#8220;Za za\u0161\u010dito \u010dlove\u0161kega \u017eivljenja na morju&#8221; v zvezi s preventivno po\u017earno za\u0161\u010dito. Nastali so novi zakoni in pravila pod imenom SOLAS (Safety Of Life At Sea). Dogovorili so se o pogodbah, poenotili predpise in opredelili nove izraze.<\/p>\n<\/div><\/div><footer class='av-milestone-article-footer entry-footer'><\/footer><\/article><div class=\"av-milestone-icon-wrap\"><span class='av-milestone-icon milestone_icon avia-font-entypo-fontello'><span class='av-milestone-icon-inner milestone_inner'><i class='milestone-char' aria-hidden='true' data-av_icon='\ue807' data-av_iconfont='entypo-fontello'><\/i><\/span><\/span><\/div><h2 class='av-milestone-date ' id='milestone-1974'><strong>1974<span class='av-milestone-indicator'><\/span><\/strong><\/h2><\/li>\n<li  class='av-milestone av-lajmtu6m-df6ea54a04037fc0a8f31a608059d115 av-animated-generic fade-in av-milestone-valign-baseline av-milestone-odd'><h2 class='av-milestone-date ' id='milestone-zdaj'><strong>ZDAJ<span class='av-milestone-indicator'><\/span><\/strong><\/h2><div class=\"av-milestone-icon-wrap\"><span class='av-milestone-icon milestone_icon avia-font-entypo-fontello'><span class='av-milestone-icon-inner milestone_inner'><i class='milestone-char' aria-hidden='true' data-av_icon='\ue82b' data-av_iconfont='entypo-fontello'><\/i><\/span><\/span><\/div><article class='av-milestone-content-wrap'><div class='av-milestone-contentbox'><header class=\"entry-content-header\"><h4 class='av-milestone-title '>Zdaj<\/h4><\/header><div class='av-milestone-content'><p>Izdelki iz vermikulita so danes vodilni na trgu na podro\u010dju &#8220;preventivne po\u017earne za\u0161\u010dite v notranji opremi&#8221;. Velika izbira razli\u010dnih povr\u0161in (plo\u0161\u010dice, marmor, laminati [HPL and CPL], opeke, furnir iz trdega lesa, kovinske povr\u0161ine itd.) in njihovo enostavno rokovanje (rezati in obdelovati jih je mogo\u010de enako enostavno kot les) omogo\u010data najbolj privla\u010dne modele.<br \/>\nZ na\u010drtnim razvojem izdelkov nenehno optimiziramo za\u0161\u010dito pred po\u017earom in hrupom. Ponudba izdelkov je raz\u0161irjena, na podro\u010dju dekorativnih izdelkov pa nenehno razvijamo estetsko privla\u010dne re\u0161itve.<\/p>\n<p>Poleg tega so bila v resolucijah IMO (Mednarodne pomorske organizacije) dolo\u010dena priporo\u010dila in predpisi za metode presku\u0161anja in pregledovanja.<br \/>\nV njih so opredeljene kvalifikacije, ki jih morajo na splo\u0161no izpolnjevati materiali in sestavni deli za ladjedelni\u0161tvo. Resolucije IMO so bile nato uporabljene za uporabo teh proizvodov v posebnih aplikacijah, npr. na plo\u0161\u010dadih na morju, potni\u0161kih ladjah, re\u010dnih \u010dolnih in megajahtah.<\/p>\n<\/div><\/div><footer class='av-milestone-article-footer entry-footer'><\/footer><\/article><\/li>\n<\/ul><\/div>\n<div  class='hr av-e1cm8-c525e6532728ffe65d3c61de30597c2d hr-default  avia-builder-el-15  el_after_av_timeline  avia-builder-el-last '><span class='hr-inner '><span class=\"hr-inner-style\"><\/span><\/span><\/div>\n","protected":false},"excerpt":{"rendered":"","protected":false},"author":1,"featured_media":0,"parent":0,"menu_order":0,"comment_status":"closed","ping_status":"closed","template":"","meta":{"om_disable_all_campaigns":false,"_monsterinsights_skip_tracking":false,"_monsterinsights_sitenote_active":false,"_monsterinsights_sitenote_note":"","_monsterinsights_sitenote_category":0,"footnotes":""},"class_list":["post-5186","page","type-page","status-publish","hentry"],"aioseo_notices":[],"_links":{"self":[{"href":"https:\/\/fipro.si\/sl\/wp-json\/wp\/v2\/pages\/5186"}],"collection":[{"href":"https:\/\/fipro.si\/sl\/wp-json\/wp\/v2\/pages"}],"about":[{"href":"https:\/\/fipro.si\/sl\/wp-json\/wp\/v2\/types\/page"}],"author":[{"embeddable":true,"href":"https:\/\/fipro.si\/sl\/wp-json\/wp\/v2\/users\/1"}],"replies":[{"embeddable":true,"href":"https:\/\/fipro.si\/sl\/wp-json\/wp\/v2\/comments?post=5186"}],"version-history":[{"count":5,"href":"https:\/\/fipro.si\/sl\/wp-json\/wp\/v2\/pages\/5186\/revisions"}],"predecessor-version":[{"id":5934,"href":"https:\/\/fipro.si\/sl\/wp-json\/wp\/v2\/pages\/5186\/revisions\/5934"}],"wp:attachment":[{"href":"https:\/\/fipro.si\/sl\/wp-json\/wp\/v2\/media?parent=5186"}],"curies":[{"name":"wp","href":"https:\/\/api.w.org\/{rel}","templated":true}]}}