





{"id":5263,"date":"2022-07-12T15:51:54","date_gmt":"2022-07-12T13:51:54","guid":{"rendered":"https:\/\/www.fipro.si\/localoffice\/"},"modified":"2023-11-16T09:41:56","modified_gmt":"2023-11-16T08:41:56","slug":"localoffice","status":"publish","type":"page","link":"https:\/\/fipro.si\/sl\/localoffice\/","title":{"rendered":"LocalOffice"},"content":{"rendered":"<div class='flex_column av-7ey20-5bdf51a2f320e405bab4fe2a85711c23 av_one_full  avia-builder-el-0  el_before_av_hr  avia-builder-el-first  first flex_column_div '     ><p><section  class='av_textblock_section av-l5i3hise-bac7accdd39e99ef6281df67e1479091'  itemscope=\"itemscope\" itemtype=\"https:\/\/schema.org\/CreativeWork\" ><div class='avia_textblock'  itemprop=\"text\" ><link rel='stylesheet' id='osm-ol3-css-css' href='https:\/\/mineralka.si\/wp-content\/plugins\/osm\/js\/OL\/10.9.0\/ol.css?ver=6.6.5' type='text\/css' media='all' \/>\n<link rel='stylesheet' id='osm-ol3-ext-css-css' href='https:\/\/mineralka.si\/wp-content\/plugins\/osm\/css\/osm_map_v3.css?ver=6.6.5' type='text\/css' media='all' \/>\n<link rel='stylesheet' id='osm-map-css-css' href='https:\/\/mineralka.si\/wp-content\/plugins\/osm\/css\/osm_map.css?ver=6.6.5' type='text\/css' media='all' \/>\n<script type=\"text\/javascript\" src=\"https:\/\/mineralka.si\/wp-includes\/js\/dist\/vendor\/wp-polyfill.min.js?ver=3.15.0\" id=\"wp-polyfill-js\"><\/script>\n<script type=\"text\/javascript\" src=\"https:\/\/mineralka.si\/wp-content\/plugins\/osm\/js\/OL\/10.9.0\/ol.js?ver=10.9.0\" id=\"osm-ol3-library-js\"><\/script>\n<script type=\"text\/javascript\" src=\"https:\/\/mineralka.si\/wp-content\/plugins\/osm\/js\/osm-v3-plugin-lib.js?ver=1.0.0\" id=\"osm-ol3-ext-library-js\"><\/script>\n<script type=\"text\/javascript\" src=\"https:\/\/mineralka.si\/wp-content\/plugins\/osm\/js\/osm-metabox-events.js?ver=1.0.0\" id=\"osm-ol3-metabox-events-js\"><\/script>\n<script type=\"text\/javascript\" src=\"https:\/\/mineralka.si\/wp-includes\/js\/jquery\/jquery.min.js?ver=3.7.1\" id=\"jquery-core-js\"><\/script>\n<script type=\"text\/javascript\" src=\"https:\/\/mineralka.si\/wp-includes\/js\/jquery\/jquery-migrate.min.js?ver=3.4.1\" id=\"jquery-migrate-js\"><\/script>\n<script type=\"text\/javascript\" id=\"osm-map-startup-js-extra\">\n\/* <![CDATA[ *\/\nvar translations = {\"openlayer\":\"open layer\",\"openlayerAtStartup\":\"open layer at startup\",\"generateLink\":\"link to this map with opened layers\",\"shortDescription\":\"short description\",\"generatedShortCode\":\"to get a text control link paste this code in your wordpress editor\",\"closeLayer\":\"close layer\",\"cantGenerateLink\":\"put this string in the existing map short code to control this map\"};\n\/* ]]> *\/\n<\/script>\n<script type=\"text\/javascript\" src=\"https:\/\/mineralka.si\/wp-content\/plugins\/osm\/js\/osm-startup-lib.js?ver=V6.2.5\" id=\"osm-map-startup-js\"><\/script>\n\n        <div id=\"map_ol3js_1\"\n       class=\"osm-map-container undefined\"\n             data-map_name=\"undefined\"\n             data-map=\"map_ol3js_1\"\n             data-autoshow=\"no\"\n             style=\"width:100%;\n                    max-width:100%;\n                    height:450px;\n                    display:block;\n                    overflow:hidden;\n                    border:none;\n                    position: relative;\">\n          <div id=\"map_ol3js_1_popup\" class=\"ol-popup\">\n            <a href=\"#\" id=\"map_ol3js_1_popup-closer\" class=\"ol-popup-closer\"><\/a>\n            <div id=\"map_ol3js_1_popup-content\"><\/div>\n          <\/div>\n        <\/div>\n    <script type=\"text\/javascript\">\n\t\t\t  vectorM['map_ol3js_1'] = [];\n\t        \n        var raster = getTileLayer(\"osm\",\"NoKey\");\t\t\t\n\n\t\t\t  var map_ol3js_1 = new ol.Map({\n\t\t\t\tinteractions: ol.interaction.defaults.defaults({mouseWheelZoom:false}),\n\t\t\t\tlayers: [raster],\n\t\t\t\ttarget: \"map_ol3js_1\",\n\t\t\t\tview: new ol.View({\n\t\t\t\t  center: ol.proj.transform([14.3639,45.7959], \"EPSG:4326\", \"EPSG:3857\"),\n\t\t\t\t  zoom: 17.0\n\t\t\t\t})\n\t\t\t  });\n\t\t\t  addControls2Map(map_ol3js_1,0,0,3,1,5,6,7,1,1);\nosm_addPopupClickhandler(map_ol3js_1,  \"map_ol3js_1\"); \nosm_addMouseHover(map_ol3js_1); <\/script>\n<\/div><\/section><br \/>\n<section  class='av_textblock_section av-l5i9558v-701693e2200f707c80f121a3db1629b8'  itemscope=\"itemscope\" itemtype=\"https:\/\/schema.org\/CreativeWork\" ><div class='avia_textblock'  itemprop=\"text\" ><p>To je lokacija MINERALKA<\/p>\n<\/div><\/section><\/p><\/div>\n<div  class='hr av-l5i95t86-a82e1f979d08dafcd839aa1ba2abf3ce hr-default  avia-builder-el-3  el_after_av_one_full  el_before_av_one_full '><span class='hr-inner '><span class=\"hr-inner-style\"><\/span><\/span><\/div>\n<div class='flex_column av-2k7wzj-d429bb87df41484fd91937a51b4b10a7 av_one_full  avia-builder-el-4  el_after_av_hr  el_before_av_two_fifth  first flex_column_div '     ><style type=\"text\/css\" data-created_by=\"avia_inline_auto\" id=\"style-css-av-33t4t4-7ec8db82689a05d9887c93715a2af956\">\n#top .av-special-heading.av-33t4t4-7ec8db82689a05d9887c93715a2af956{\npadding-bottom:20px;\nfont-size:40px;\n}\nbody .av-special-heading.av-33t4t4-7ec8db82689a05d9887c93715a2af956 .av-special-heading-tag .heading-char{\nfont-size:25px;\n}\n#top #wrap_all .av-special-heading.av-33t4t4-7ec8db82689a05d9887c93715a2af956 .av-special-heading-tag{\nfont-size:40px;\n}\n.av-special-heading.av-33t4t4-7ec8db82689a05d9887c93715a2af956 .av-subheading{\nfont-size:15px;\n}\n\n@media only screen and (min-width: 480px) and (max-width: 767px){ \n#top #wrap_all .av-special-heading.av-33t4t4-7ec8db82689a05d9887c93715a2af956 .av-special-heading-tag{\nfont-size:0.8em;\n}\n}\n\n@media only screen and (max-width: 479px){ \n#top #wrap_all .av-special-heading.av-33t4t4-7ec8db82689a05d9887c93715a2af956 .av-special-heading-tag{\nfont-size:0.8em;\n}\n}\n<\/style>\n<div  class='av-special-heading av-33t4t4-7ec8db82689a05d9887c93715a2af956 av-special-heading-h2 blockquote modern-quote  avia-builder-el-5  avia-builder-el-no-sibling  av-inherit-size'><h2 class='av-special-heading-tag'  itemprop=\"headline\"  >Poi\u0161\u010dite lokalno pisarno<\/h2><div class=\"special-heading-border\"><div class=\"special-heading-inner-border\"><\/div><\/div><\/div><\/div>\n<div class='flex_column av-f235c-a9101c5b3b24f25d6653c12a1728e584 av_two_fifth  avia-builder-el-6  el_after_av_one_full  el_before_av_three_fifth  first flex_column_div column-top-margin'     ><section  class='av_textblock_section av-l5i846gb-9adf6ec7ac36a4c02bb4d569b386de55'  itemscope=\"itemscope\" itemtype=\"https:\/\/schema.org\/CreativeWork\" ><div class='avia_textblock'  itemprop=\"text\" >\n        <div id=\"map_ol3js_2\"\n       class=\"osm-map-container undefined\"\n             data-map_name=\"undefined\"\n             data-map=\"map_ol3js_2\"\n             data-autoshow=\"no\"\n             style=\"width:100%;\n                    max-width:100%;\n                    height:300px;\n                    display:block;\n                    overflow:hidden;\n                    border:none;\n                    position: relative;\">\n          <div id=\"map_ol3js_2_popup\" class=\"ol-popup\">\n            <a href=\"#\" id=\"map_ol3js_2_popup-closer\" class=\"ol-popup-closer\"><\/a>\n            <div id=\"map_ol3js_2_popup-content\"><\/div>\n          <\/div>\n        <\/div>\n    <script type=\"text\/javascript\">\n\t\t\t  vectorM['map_ol3js_2'] = [];\n\t        \n        var raster = getTileLayer(\"osm\",\"NoKey\");\t\t\t\n\n\t\t\t  var map_ol3js_2 = new ol.Map({\n\t\t\t\tinteractions: ol.interaction.defaults.defaults({mouseWheelZoom:false}),\n\t\t\t\tlayers: [raster],\n\t\t\t\ttarget: \"map_ol3js_2\",\n\t\t\t\tview: new ol.View({\n\t\t\t\t  center: ol.proj.transform([14.3639,45.7959], \"EPSG:4326\", \"EPSG:3857\"),\n\t\t\t\t  zoom: 17.0\n\t\t\t\t})\n\t\t\t  });\n\t\t\t  addControls2Map(map_ol3js_2,0,0,3,1,5,6,7,1,1);\nosm_addPopupClickhandler(map_ol3js_2,  \"map_ol3js_2\"); \nosm_addMouseHover(map_ol3js_2); <\/script>\n<\/div><\/section><\/div>\n<div class='flex_column av-45etcv-9429f5e8cd6403745ed6bd17a43fe550 av_three_fifth  avia-builder-el-8  el_after_av_two_fifth  el_before_av_hr  flex_column_div column-top-margin'     ><p>\n<style type=\"text\/css\" data-created_by=\"avia_inline_auto\" id=\"style-css-av-l5i8dzm5-9bfe8d9a4d2c3a8ddc07b26ff97bdb7c\">\n#top .av-special-heading.av-l5i8dzm5-9bfe8d9a4d2c3a8ddc07b26ff97bdb7c{\npadding-bottom:10px;\n}\nbody .av-special-heading.av-l5i8dzm5-9bfe8d9a4d2c3a8ddc07b26ff97bdb7c .av-special-heading-tag .heading-char{\nfont-size:25px;\n}\n.av-special-heading.av-l5i8dzm5-9bfe8d9a4d2c3a8ddc07b26ff97bdb7c .av-subheading{\nfont-size:15px;\n}\n<\/style>\n<div  class='av-special-heading av-l5i8dzm5-9bfe8d9a4d2c3a8ddc07b26ff97bdb7c av-special-heading-h3 blockquote modern-quote  avia-builder-el-9  el_before_av_textblock  avia-builder-el-first '><h3 class='av-special-heading-tag'  itemprop=\"headline\"  >Pisarna \u0161t. 2<\/h3><div class=\"special-heading-border\"><div class=\"special-heading-inner-border\"><\/div><\/div><\/div><br \/>\n<section  class='av_textblock_section av-l5i8fjtc-0763dce20aa466dd4465ff49429016f1'  itemscope=\"itemscope\" itemtype=\"https:\/\/schema.org\/CreativeWork\" ><div class='avia_textblock'  itemprop=\"text\" ><p>2025 N Summit Ave, Suite 120<br \/>\nMilwaukee, WI 53202<\/p>\n<p>T 800.231.6526<\/p>\n<\/div><\/section><\/p><\/div>\n<div  class='hr av-971xc-f4dedba12265d54e927f4472bb08b4f5 hr-default  avia-builder-el-11  el_after_av_three_fifth  el_before_av_two_fifth '><span class='hr-inner '><span class=\"hr-inner-style\"><\/span><\/span><\/div>\n<div class='flex_column av-7ieb73-617b319d005836fa533441fc373a7082 av_two_fifth  avia-builder-el-12  el_after_av_hr  el_before_av_three_fifth  first flex_column_div '     ><section  class='av_textblock_section av-5lklnz-c4221bf5d841061d7e9abb3007faa4a5'  itemscope=\"itemscope\" itemtype=\"https:\/\/schema.org\/CreativeWork\" ><div class='avia_textblock'  itemprop=\"text\" >\n        <div id=\"map_ol3js_3\"\n       class=\"osm-map-container undefined\"\n             data-map_name=\"undefined\"\n             data-map=\"map_ol3js_3\"\n             data-autoshow=\"no\"\n             style=\"width:100%;\n                    max-width:100%;\n                    height:300px;\n                    display:block;\n                    overflow:hidden;\n                    border:none;\n                    position: relative;\">\n          <div id=\"map_ol3js_3_popup\" class=\"ol-popup\">\n            <a href=\"#\" id=\"map_ol3js_3_popup-closer\" class=\"ol-popup-closer\"><\/a>\n            <div id=\"map_ol3js_3_popup-content\"><\/div>\n          <\/div>\n        <\/div>\n    <script type=\"text\/javascript\">\n\t\t\t  vectorM['map_ol3js_3'] = [];\n\t        \n        var raster = getTileLayer(\"osm\",\"NoKey\");\t\t\t\n\n\t\t\t  var map_ol3js_3 = new ol.Map({\n\t\t\t\tinteractions: ol.interaction.defaults.defaults({mouseWheelZoom:false}),\n\t\t\t\tlayers: [raster],\n\t\t\t\ttarget: \"map_ol3js_3\",\n\t\t\t\tview: new ol.View({\n\t\t\t\t  center: ol.proj.transform([14.3639,45.7959], \"EPSG:4326\", \"EPSG:3857\"),\n\t\t\t\t  zoom: 17.0\n\t\t\t\t})\n\t\t\t  });\n\t\t\t  addControls2Map(map_ol3js_3,0,0,3,1,5,6,7,1,1);\nosm_addPopupClickhandler(map_ol3js_3,  \"map_ol3js_3\"); \nosm_addMouseHover(map_ol3js_3); <\/script>\n<\/div><\/section><\/div>\n<div class='flex_column av-155yw-40455fb92c0da96549829146b28ad87d av_three_fifth  avia-builder-el-14  el_after_av_two_fifth  el_before_av_hr  flex_column_div '     ><p>\n<style type=\"text\/css\" data-created_by=\"avia_inline_auto\" id=\"style-css-av-l5i868v9-b5d21d0ba874c9b654f7d29f823b649d\">\n#top .av-special-heading.av-l5i868v9-b5d21d0ba874c9b654f7d29f823b649d{\npadding-bottom:10px;\n}\nbody .av-special-heading.av-l5i868v9-b5d21d0ba874c9b654f7d29f823b649d .av-special-heading-tag .heading-char{\nfont-size:25px;\n}\n.av-special-heading.av-l5i868v9-b5d21d0ba874c9b654f7d29f823b649d .av-subheading{\nfont-size:15px;\n}\n<\/style>\n<div  class='av-special-heading av-l5i868v9-b5d21d0ba874c9b654f7d29f823b649d av-special-heading-h3 blockquote modern-quote  avia-builder-el-15  el_before_av_textblock  avia-builder-el-first '><h3 class='av-special-heading-tag'  itemprop=\"headline\"  >Partner \u0161t. 1<\/h3><div class=\"special-heading-border\"><div class=\"special-heading-inner-border\"><\/div><\/div><\/div><br \/>\n<section  class='av_textblock_section av-l5i878sj-1a82c539545aff0b04c57db3d7cdedbc'  itemscope=\"itemscope\" itemtype=\"https:\/\/schema.org\/CreativeWork\" ><div class='avia_textblock'  itemprop=\"text\" ><p>2025 N Summit Ave, Suite 100<br \/>\nMilwaukee, WI 53202<\/p>\n<p>T 800.231.6526<\/p>\n<\/div><\/section><\/p><\/div>\n<div  class='hr av-1y3vkv-5461f90d425f27d9681898ebb3446824 hr-default  avia-builder-el-17  el_after_av_three_fifth  el_before_av_section  avia-builder-el-last '><span class='hr-inner '><span class=\"hr-inner-style\"><\/span><\/span><\/div>\n<\/div><\/div><\/div><!-- close content main div --><\/div><\/div>\n<style type=\"text\/css\" data-created_by=\"avia_inline_auto\" id=\"style-css-av-1k9eu8-df9037287866afd9d4a8164dbf9ae873\">\n.avia-section.av-1k9eu8-df9037287866afd9d4a8164dbf9ae873{\nbackground-repeat:no-repeat;\nbackground-image:url(https:\/\/mineralka.si\/wp-content\/uploads\/2015\/07\/business-office-work.jpg);\nbackground-position:50% 50%;\nbackground-attachment:fixed;\n}\n.avia-section.av-1k9eu8-df9037287866afd9d4a8164dbf9ae873 .av-section-color-overlay{\nopacity:0.9;\nbackground-color:#35383c;\n}\n<\/style>\n<div id='newsletter'  class='avia-section av-1k9eu8-df9037287866afd9d4a8164dbf9ae873 main_color avia-section-huge avia-no-border-styling  avia-builder-el-18  el_after_av_hr  avia-builder-el-last  avia-full-stretch avia-bg-style-fixed av-section-color-overlay-active container_wrap sidebar_right'  data-section-bg-repeat='stretch'><div class=\"av-section-color-overlay-wrap\"><div class=\"av-section-color-overlay\"><\/div><div class='container av-section-cont-open' ><div class='template-page content  av-content-small alpha units'><div class='post-entry post-entry-type-page post-entry-5263'><div class='entry-content-wrapper clearfix'>\n\n<style type=\"text\/css\" data-created_by=\"avia_inline_auto\" id=\"style-css-av-1dihgw-68f86bcd820f0314b2d0ae0bef869bd1\">\n#top .av-special-heading.av-1dihgw-68f86bcd820f0314b2d0ae0bef869bd1{\npadding-bottom:20px;\ncolor:#ffffff;\nfont-size:40px;\n}\nbody .av-special-heading.av-1dihgw-68f86bcd820f0314b2d0ae0bef869bd1 .av-special-heading-tag .heading-char{\nfont-size:25px;\n}\n#top #wrap_all .av-special-heading.av-1dihgw-68f86bcd820f0314b2d0ae0bef869bd1 .av-special-heading-tag{\nfont-size:40px;\n}\n.av-special-heading.av-1dihgw-68f86bcd820f0314b2d0ae0bef869bd1 .special-heading-inner-border{\nborder-color:#ffffff;\n}\n.av-special-heading.av-1dihgw-68f86bcd820f0314b2d0ae0bef869bd1 .av-subheading{\nfont-size:15px;\n}\n\n@media only screen and (min-width: 480px) and (max-width: 767px){ \n#top #wrap_all .av-special-heading.av-1dihgw-68f86bcd820f0314b2d0ae0bef869bd1 .av-special-heading-tag{\nfont-size:0.8em;\n}\n}\n\n@media only screen and (max-width: 479px){ \n#top #wrap_all .av-special-heading.av-1dihgw-68f86bcd820f0314b2d0ae0bef869bd1 .av-special-heading-tag{\nfont-size:0.8em;\n}\n}\n<\/style>\n<div  class='av-special-heading av-1dihgw-68f86bcd820f0314b2d0ae0bef869bd1 av-special-heading-h1 custom-color-heading blockquote modern-quote modern-centered  avia-builder-el-19  el_before_av_one_fifth  avia-builder-el-first  av-inherit-size'><h1 class='av-special-heading-tag'  itemprop=\"headline\"  >\u017delite ostati v stiku z dogajanjem?<br \/>Prijavite se na na\u0161e novice<\/h1><div class=\"special-heading-border\"><div class=\"special-heading-inner-border\"><\/div><\/div><\/div>\n\n<style type=\"text\/css\" data-created_by=\"avia_inline_auto\" id=\"style-css-av-4j914-38453333945d9c635d5ce23acda244d0\">\n.flex_column.av-4j914-38453333945d9c635d5ce23acda244d0{\n-webkit-border-radius:0px 0px 0px 0px;\n-moz-border-radius:0px 0px 0px 0px;\nborder-radius:0px 0px 0px 0px;\npadding:0px 0px 0px 0px;\n}\n<\/style>\n<div class='flex_column av-4j914-38453333945d9c635d5ce23acda244d0 av_one_fifth  avia-builder-el-20  el_after_av_heading  el_before_av_three_fifth  first flex_column_div av-animated-generic fade-in av-zero-column-padding '     ><\/div>\n<style type=\"text\/css\" data-created_by=\"avia_inline_auto\" id=\"style-css-av-13ilg8-c8dfddfedbbd3208bed16b47ddc4792c\">\n.flex_column.av-13ilg8-c8dfddfedbbd3208bed16b47ddc4792c{\n-webkit-border-radius:0px 0px 0px 0px;\n-moz-border-radius:0px 0px 0px 0px;\nborder-radius:0px 0px 0px 0px;\npadding:0px 0px 0px 0px;\n}\n<\/style>\n<div class='flex_column av-13ilg8-c8dfddfedbbd3208bed16b47ddc4792c av_three_fifth  avia-builder-el-21  el_after_av_one_fifth  el_before_av_one_fifth  flex_column_div av-animated-generic fade-in av-zero-column-padding '     ><p><form action=\"https:\/\/fipro.si\/sl\/localoffice\/\" method=\"post\"  class=\"avia_ajax_form av-form-labels-hidden   avia-builder-el-22  el_before_av_textblock  avia-builder-el-first  av-custom-form-color av-light-form \" data-avia-form-id=\"1\" data-avia-redirect='' ><fieldset><p class='  first_form  form_element form_element_third' id='element_avia_1_1'><label for=\"avia_1_1\">Ime <abbr class=\"required\" title=\"required\">*<\/abbr><\/label> <input name=\"avia_1_1\" class=\"text_input is_empty\" type=\"text\" id=\"avia_1_1\" value=\"\"  placeholder='Ime*'\/><\/p><p class='  form_element form_element_third av-last-visible-form-element' id='element_avia_2_1'><label for=\"avia_2_1\">E-naslov <abbr class=\"required\" title=\"required\">*<\/abbr><\/label> <input name=\"avia_2_1\" class=\"text_input is_email\" type=\"text\" id=\"avia_2_1\" value=\"\"  placeholder='E-naslov*'\/><\/p><p class=\"hidden\"><input type=\"text\" name=\"avia_3_1\" class=\"hidden \" id=\"avia_3_1\" value=\"\" \/><\/p><p class=\"form_element form_element_third modified_width\"><input type=\"hidden\" value=\"1\" name=\"avia_generated_form1\" \/><input type=\"submit\" value=\"Naro\u010dite se na\" class=\"button\"  data-sending-label=\"Sending\"\/><\/p><\/fieldset><\/form><div id=\"ajaxresponse_1\" class=\"ajaxresponse ajaxresponse_1 hidden\"><\/div><br \/>\n\n<style type=\"text\/css\" data-created_by=\"avia_inline_auto\" id=\"style-css-av-cka4g-1667433cc445cdd8bef07eeecc319d3d\">\n#top .av_textblock_section.av-cka4g-1667433cc445cdd8bef07eeecc319d3d .avia_textblock{\ncolor:#cecece;\n}\n<\/style>\n<section  class='av_textblock_section av-cka4g-1667433cc445cdd8bef07eeecc319d3d'  itemscope=\"itemscope\" itemtype=\"https:\/\/schema.org\/CreativeWork\" ><div class='avia_textblock av_inherit_color'  itemprop=\"text\" ><p style=\"text-align: center;\">Cenimo va\u0161o zasebnost. Nikoli vam ne po\u0161iljamo ne\u017eelene po\u0161te ali posredujemo va\u0161ih podatkov tretjim osebam.<\/p>\n<\/div><\/section><\/p><\/div>\n<style type=\"text\/css\" data-created_by=\"avia_inline_auto\" id=\"style-css-av-ay0wg-d6bcd068afd6c0792213e8f5f291c37e\">\n.flex_column.av-ay0wg-d6bcd068afd6c0792213e8f5f291c37e{\n-webkit-border-radius:0px 0px 0px 0px;\n-moz-border-radius:0px 0px 0px 0px;\nborder-radius:0px 0px 0px 0px;\npadding:0px 0px 0px 0px;\n}\n<\/style>\n<div class='flex_column av-ay0wg-d6bcd068afd6c0792213e8f5f291c37e av_one_fifth  avia-builder-el-24  el_after_av_three_fifth  avia-builder-el-last  flex_column_div av-animated-generic fade-in av-zero-column-padding '     ><\/div>\n<\/div><\/div><\/div><!-- close content main div --><\/div><\/div><\/div><div id='after_section_1'  class='main_color av_default_container_wrap container_wrap sidebar_right'  ><div class='container av-section-cont-open' ><div class='template-page content  av-content-small alpha units'><div class='post-entry post-entry-type-page post-entry-5263'><div class='entry-content-wrapper clearfix'>\n","protected":false},"excerpt":{"rendered":"","protected":false},"author":1,"featured_media":0,"parent":0,"menu_order":0,"comment_status":"closed","ping_status":"closed","template":"","meta":{"om_disable_all_campaigns":false,"_monsterinsights_skip_tracking":false,"_monsterinsights_sitenote_active":false,"_monsterinsights_sitenote_note":"","_monsterinsights_sitenote_category":0,"footnotes":""},"class_list":["post-5263","page","type-page","status-publish","hentry"],"aioseo_notices":[],"_links":{"self":[{"href":"https:\/\/fipro.si\/sl\/wp-json\/wp\/v2\/pages\/5263"}],"collection":[{"href":"https:\/\/fipro.si\/sl\/wp-json\/wp\/v2\/pages"}],"about":[{"href":"https:\/\/fipro.si\/sl\/wp-json\/wp\/v2\/types\/page"}],"author":[{"embeddable":true,"href":"https:\/\/fipro.si\/sl\/wp-json\/wp\/v2\/users\/1"}],"replies":[{"embeddable":true,"href":"https:\/\/fipro.si\/sl\/wp-json\/wp\/v2\/comments?post=5263"}],"version-history":[{"count":8,"href":"https:\/\/fipro.si\/sl\/wp-json\/wp\/v2\/pages\/5263\/revisions"}],"predecessor-version":[{"id":5294,"href":"https:\/\/fipro.si\/sl\/wp-json\/wp\/v2\/pages\/5263\/revisions\/5294"}],"wp:attachment":[{"href":"https:\/\/fipro.si\/sl\/wp-json\/wp\/v2\/media?parent=5263"}],"curies":[{"name":"wp","href":"https:\/\/api.w.org\/{rel}","templated":true}]}}