{"id":5270,"date":"2022-07-12T16:43:21","date_gmt":"2022-07-12T14:43:21","guid":{"rendered":"https:\/\/www.fipro.si\/nasi-partnerji\/"},"modified":"2023-11-16T09:41:56","modified_gmt":"2023-11-16T08:41:56","slug":"nasi-partnerji","status":"publish","type":"page","link":"https:\/\/fipro.si\/sl\/nasi-partnerji\/","title":{"rendered":"Na\u0161i partnerji"},"content":{"rendered":"\n<style type=\"text\/css\" data-created_by=\"avia_inline_auto\" id=\"style-css-av-lasbgbv9-36407992023c10132bd4ca733cdfd7d4\">\n#top .hr.hr-invisible.av-lasbgbv9-36407992023c10132bd4ca733cdfd7d4{\nheight:15px;\n}\n<\/style>\n<div  class='hr av-lasbgbv9-36407992023c10132bd4ca733cdfd7d4 hr-invisible  avia-builder-el-0  el_before_av_heading  avia-builder-el-first '><span class='hr-inner '><span class=\"hr-inner-style\"><\/span><\/span><\/div>\n\n<style type=\"text\/css\" data-created_by=\"avia_inline_auto\" id=\"style-css-av-lasbfdjr-6394c3b0b4593c86cef5dafafda19906\">\n#top .av-special-heading.av-lasbfdjr-6394c3b0b4593c86cef5dafafda19906{\npadding-bottom:10px;\n}\nbody .av-special-heading.av-lasbfdjr-6394c3b0b4593c86cef5dafafda19906 .av-special-heading-tag .heading-char{\nfont-size:25px;\n}\n.av-special-heading.av-lasbfdjr-6394c3b0b4593c86cef5dafafda19906 .av-subheading{\nfont-size:15px;\n}\n<\/style>\n<div  class='av-special-heading av-lasbfdjr-6394c3b0b4593c86cef5dafafda19906 av-special-heading-h3 blockquote modern-quote  avia-builder-el-1  el_after_av_hr  el_before_av_hr '><h3 class='av-special-heading-tag'  itemprop=\"headline\"  >Poi\u0161\u010dite na\u0161e<\/h3><div class=\"special-heading-border\"><div class=\"special-heading-inner-border\"><\/div><\/div><\/div>\n\n<style type=\"text\/css\" data-created_by=\"avia_inline_auto\" id=\"style-css-av-9qya5-eba66aaddaf53e9a9c12a1e12365eb20\">\n#top .hr.av-9qya5-eba66aaddaf53e9a9c12a1e12365eb20{\nmargin-top:45px;\nmargin-bottom:30px;\n}\n.hr.av-9qya5-eba66aaddaf53e9a9c12a1e12365eb20 .hr-inner{\nwidth:105px;\nborder-color:#007fbf;\n}\n<\/style>\n<div  class='hr av-9qya5-eba66aaddaf53e9a9c12a1e12365eb20 hr-custom  avia-builder-el-2  el_after_av_heading  el_before_av_one_full  hr-left hr-icon-no'><span class='hr-inner inner-border-av-border-fat'><span class=\"hr-inner-style\"><\/span><\/span><\/div>\n<div class='flex_column av-2k7wzj-d429bb87df41484fd91937a51b4b10a7 av_one_full  avia-builder-el-3  el_after_av_hr  el_before_av_hr  first flex_column_div '     ><style type=\"text\/css\" data-created_by=\"avia_inline_auto\" id=\"style-css-av-33t4t4-ab8c1bd51ee401dc1796095e476aff36\">\n#top .av-special-heading.av-33t4t4-ab8c1bd51ee401dc1796095e476aff36{\npadding-bottom:20px;\nfont-size:40px;\n}\nbody .av-special-heading.av-33t4t4-ab8c1bd51ee401dc1796095e476aff36 .av-special-heading-tag .heading-char{\nfont-size:25px;\n}\n#top #wrap_all .av-special-heading.av-33t4t4-ab8c1bd51ee401dc1796095e476aff36 .av-special-heading-tag{\nfont-size:40px;\n}\n.av-special-heading.av-33t4t4-ab8c1bd51ee401dc1796095e476aff36 .av-subheading{\nfont-size:15px;\n}\n\n@media only screen and (min-width: 480px) and (max-width: 767px){ \n#top #wrap_all .av-special-heading.av-33t4t4-ab8c1bd51ee401dc1796095e476aff36 .av-special-heading-tag{\nfont-size:0.8em;\n}\n}\n\n@media only screen and (max-width: 479px){ \n#top #wrap_all .av-special-heading.av-33t4t4-ab8c1bd51ee401dc1796095e476aff36 .av-special-heading-tag{\nfont-size:0.8em;\n}\n}\n<\/style>\n<div  class='av-special-heading av-33t4t4-ab8c1bd51ee401dc1796095e476aff36 av-special-heading-h2 blockquote modern-quote  avia-builder-el-4  avia-builder-el-no-sibling  av-inherit-size'><h2 class='av-special-heading-tag'  itemprop=\"headline\"  >PARTNERJI DRU\u017dBE FIPRO\u00ae<\/h2><div class=\"special-heading-border\"><div class=\"special-heading-inner-border\"><\/div><\/div><\/div><\/div>\n\n<style type=\"text\/css\" data-created_by=\"avia_inline_auto\" id=\"style-css-av-2e7v7x-b1c400dc36c9faab635934402ec3ed60\">\n#top .hr.hr-invisible.av-2e7v7x-b1c400dc36c9faab635934402ec3ed60{\nheight:50px;\n}\n<\/style>\n<div  class='hr av-2e7v7x-b1c400dc36c9faab635934402ec3ed60 hr-invisible  avia-builder-el-5  el_after_av_one_full  el_before_av_one_full '><span class='hr-inner '><span class=\"hr-inner-style\"><\/span><\/span><\/div>\n<div class='flex_column av-38gor1-47fe1520ab30b23133d3933024e1a2d6 av_one_full  avia-builder-el-6  el_after_av_hr  el_before_av_hr  first flex_column_div '     ><p>\n<style type=\"text\/css\" data-created_by=\"avia_inline_auto\" id=\"style-css-av-lafnjig7-44b464f663289da611947ac35bd59379\">\n#top .av-special-heading.av-lafnjig7-44b464f663289da611947ac35bd59379{\npadding-bottom:20px;\nfont-size:40px;\n}\nbody .av-special-heading.av-lafnjig7-44b464f663289da611947ac35bd59379 .av-special-heading-tag .heading-char{\nfont-size:25px;\n}\n#top #wrap_all .av-special-heading.av-lafnjig7-44b464f663289da611947ac35bd59379 .av-special-heading-tag{\nfont-size:40px;\n}\n.av-special-heading.av-lafnjig7-44b464f663289da611947ac35bd59379 .av-subheading{\nfont-size:15px;\n}\n\n@media only screen and (min-width: 480px) and (max-width: 767px){ \n#top #wrap_all .av-special-heading.av-lafnjig7-44b464f663289da611947ac35bd59379 .av-special-heading-tag{\nfont-size:0.8em;\n}\n}\n\n@media only screen and (max-width: 479px){ \n#top #wrap_all .av-special-heading.av-lafnjig7-44b464f663289da611947ac35bd59379 .av-special-heading-tag{\nfont-size:0.8em;\n}\n}\n<\/style>\n<div  class='av-special-heading av-lafnjig7-44b464f663289da611947ac35bd59379 av-special-heading-h3 blockquote modern-quote  avia-builder-el-7  el_before_av_textblock  avia-builder-el-first  av-inherit-size'><h3 class='av-special-heading-tag'  itemprop=\"headline\"  >Svet<\/h3><div class=\"special-heading-border\"><div class=\"special-heading-inner-border\"><\/div><\/div><\/div><br \/>\n\n<style type=\"text\/css\" data-created_by=\"avia_inline_auto\" id=\"style-css-av-labatzcc-a428a74d7b4af1dc6a48ce8d4ec744c2\">\n#top .av_textblock_section.av-labatzcc-a428a74d7b4af1dc6a48ce8d4ec744c2 .avia_textblock{\ntext-align:center;\n}\n<\/style>\n<section  class='av_textblock_section av-labatzcc-a428a74d7b4af1dc6a48ce8d4ec744c2'  itemscope=\"itemscope\" itemtype=\"https:\/\/schema.org\/CreativeWork\" ><div class='avia_textblock'  itemprop=\"text\" ><p style=\"text-align: left;\"><div id=\"image-map-pro-232\"><\/div><\/p>\n<\/div><\/section><\/p><\/div>\n\n<style type=\"text\/css\" data-created_by=\"avia_inline_auto\" id=\"style-css-av-24jsct-223607dbfee11d4e8d68fd0d05c213f8\">\n#top .hr.hr-invisible.av-24jsct-223607dbfee11d4e8d68fd0d05c213f8{\nheight:50px;\n}\n<\/style>\n<div  class='hr av-24jsct-223607dbfee11d4e8d68fd0d05c213f8 hr-invisible  avia-builder-el-9  el_after_av_one_full  el_before_av_heading '><span class='hr-inner '><span class=\"hr-inner-style\"><\/span><\/span><\/div>\n\n<style type=\"text\/css\" data-created_by=\"avia_inline_auto\" id=\"style-css-av-laqjy57k-5a238d6ae8084797301e53cd8f3eccaa\">\n#top .av-special-heading.av-laqjy57k-5a238d6ae8084797301e53cd8f3eccaa{\npadding-bottom:20px;\nfont-size:20px;\n}\nbody .av-special-heading.av-laqjy57k-5a238d6ae8084797301e53cd8f3eccaa .av-special-heading-tag .heading-char{\nfont-size:25px;\n}\n#top #wrap_all .av-special-heading.av-laqjy57k-5a238d6ae8084797301e53cd8f3eccaa .av-special-heading-tag{\nfont-size:20px;\n}\n.av-special-heading.av-laqjy57k-5a238d6ae8084797301e53cd8f3eccaa .av-subheading{\nfont-size:15px;\n}\n\n@media only screen and (min-width: 480px) and (max-width: 767px){ \n#top #wrap_all .av-special-heading.av-laqjy57k-5a238d6ae8084797301e53cd8f3eccaa .av-special-heading-tag{\nfont-size:0.8em;\n}\n}\n\n@media only screen and (max-width: 479px){ \n#top #wrap_all .av-special-heading.av-laqjy57k-5a238d6ae8084797301e53cd8f3eccaa .av-special-heading-tag{\nfont-size:0.8em;\n}\n}\n<\/style>\n<div  class='av-special-heading av-laqjy57k-5a238d6ae8084797301e53cd8f3eccaa av-special-heading-h3 blockquote modern-quote  avia-builder-el-10  el_after_av_hr  el_before_av_one_third  av-inherit-size'><h3 class='av-special-heading-tag'  itemprop=\"headline\"  >Za ve\u010d informacij kliknite na rde\u010de ozna\u010dena polja.<\/h3><div class=\"special-heading-border\"><div class=\"special-heading-inner-border\"><\/div><\/div><\/div>\n<div class='flex_column av-eqcm5-1284d5d2a5cce79a53eca45ad010edfc av_one_third  avia-builder-el-11  el_after_av_heading  el_before_av_one_third  first flex_column_div '     ><p>\n<style type=\"text\/css\" data-created_by=\"avia_inline_auto\" id=\"style-css-av-lab8o4c7-d65ae21b648c8f60b96d9d031bc535bc\">\n#top .av-special-heading.av-lab8o4c7-d65ae21b648c8f60b96d9d031bc535bc{\npadding-bottom:20px;\nfont-size:40px;\n}\nbody .av-special-heading.av-lab8o4c7-d65ae21b648c8f60b96d9d031bc535bc .av-special-heading-tag .heading-char{\nfont-size:25px;\n}\n#top #wrap_all .av-special-heading.av-lab8o4c7-d65ae21b648c8f60b96d9d031bc535bc .av-special-heading-tag{\nfont-size:40px;\n}\n.av-special-heading.av-lab8o4c7-d65ae21b648c8f60b96d9d031bc535bc .av-subheading{\nfont-size:15px;\n}\n\n@media only screen and (min-width: 480px) and (max-width: 767px){ \n#top #wrap_all .av-special-heading.av-lab8o4c7-d65ae21b648c8f60b96d9d031bc535bc .av-special-heading-tag{\nfont-size:0.8em;\n}\n}\n\n@media only screen and (max-width: 479px){ \n#top #wrap_all .av-special-heading.av-lab8o4c7-d65ae21b648c8f60b96d9d031bc535bc .av-special-heading-tag{\nfont-size:0.8em;\n}\n}\n<\/style>\n<div  class='av-special-heading av-lab8o4c7-d65ae21b648c8f60b96d9d031bc535bc av-special-heading-h3 blockquote modern-quote  avia-builder-el-12  el_before_av_textblock  avia-builder-el-first  av-inherit-size'><h3 class='av-special-heading-tag'  itemprop=\"headline\"  >Nem\u010dija<\/h3><div class=\"special-heading-border\"><div class=\"special-heading-inner-border\"><\/div><\/div><\/div><br \/>\n<section  class='av_textblock_section av-lab7bx65-7e194855dbb7877f7004986271ba3bdd'  itemscope=\"itemscope\" itemtype=\"https:\/\/schema.org\/CreativeWork\" ><div class='avia_textblock'  itemprop=\"text\" ><div id=\"image-map-pro-4432\"><\/div>\n<\/div><\/section><\/p><\/div>\n<div class='flex_column av-87ftp-cc6fab33ac577821e9e7df4b534a441d av_one_third  avia-builder-el-14  el_after_av_one_third  el_before_av_one_third  flex_column_div '     ><p>\n<style type=\"text\/css\" data-created_by=\"avia_inline_auto\" id=\"style-css-av-lab34mna-73426c49bee1ac7acebc1a06b4c26cfa\">\n#top .av-special-heading.av-lab34mna-73426c49bee1ac7acebc1a06b4c26cfa{\npadding-bottom:20px;\nfont-size:40px;\n}\nbody .av-special-heading.av-lab34mna-73426c49bee1ac7acebc1a06b4c26cfa .av-special-heading-tag .heading-char{\nfont-size:25px;\n}\n#top #wrap_all .av-special-heading.av-lab34mna-73426c49bee1ac7acebc1a06b4c26cfa .av-special-heading-tag{\nfont-size:40px;\n}\n.av-special-heading.av-lab34mna-73426c49bee1ac7acebc1a06b4c26cfa .av-subheading{\nfont-size:15px;\n}\n\n@media only screen and (min-width: 480px) and (max-width: 767px){ \n#top #wrap_all .av-special-heading.av-lab34mna-73426c49bee1ac7acebc1a06b4c26cfa .av-special-heading-tag{\nfont-size:0.8em;\n}\n}\n\n@media only screen and (max-width: 479px){ \n#top #wrap_all .av-special-heading.av-lab34mna-73426c49bee1ac7acebc1a06b4c26cfa .av-special-heading-tag{\nfont-size:0.8em;\n}\n}\n<\/style>\n<div  class='av-special-heading av-lab34mna-73426c49bee1ac7acebc1a06b4c26cfa av-special-heading-h3 blockquote modern-quote  avia-builder-el-15  el_before_av_textblock  avia-builder-el-first  av-inherit-size'><h3 class='av-special-heading-tag'  itemprop=\"headline\"  >Italija<\/h3><div class=\"special-heading-border\"><div class=\"special-heading-inner-border\"><\/div><\/div><\/div><br \/>\n<section  class='av_textblock_section av-l5i878sj-2d8e6bcef7dd80438272af4b2256905a'  itemscope=\"itemscope\" itemtype=\"https:\/\/schema.org\/CreativeWork\" ><div class='avia_textblock'  itemprop=\"text\" ><div id=\"image-map-pro-2717\"><\/div>\n<\/div><\/section><\/p><\/div>\n<div class='flex_column av-265vel-f4b0dae29e56c35545c276023c8aa151 av_one_third  avia-builder-el-17  el_after_av_one_third  el_before_av_hr  flex_column_div '     ><p>\n<style type=\"text\/css\" data-created_by=\"avia_inline_auto\" id=\"style-css-av-lab8o8wm-45f94120d73c8700e2939abcfba08b28\">\n#top .av-special-heading.av-lab8o8wm-45f94120d73c8700e2939abcfba08b28{\npadding-bottom:20px;\nfont-size:40px;\n}\nbody .av-special-heading.av-lab8o8wm-45f94120d73c8700e2939abcfba08b28 .av-special-heading-tag .heading-char{\nfont-size:25px;\n}\n#top #wrap_all .av-special-heading.av-lab8o8wm-45f94120d73c8700e2939abcfba08b28 .av-special-heading-tag{\nfont-size:40px;\n}\n.av-special-heading.av-lab8o8wm-45f94120d73c8700e2939abcfba08b28 .av-subheading{\nfont-size:15px;\n}\n\n@media only screen and (min-width: 480px) and (max-width: 767px){ \n#top #wrap_all .av-special-heading.av-lab8o8wm-45f94120d73c8700e2939abcfba08b28 .av-special-heading-tag{\nfont-size:0.8em;\n}\n}\n\n@media only screen and (max-width: 479px){ \n#top #wrap_all .av-special-heading.av-lab8o8wm-45f94120d73c8700e2939abcfba08b28 .av-special-heading-tag{\nfont-size:0.8em;\n}\n}\n<\/style>\n<div  class='av-special-heading av-lab8o8wm-45f94120d73c8700e2939abcfba08b28 av-special-heading-h3 blockquote modern-quote  avia-builder-el-18  el_before_av_textblock  avia-builder-el-first  av-inherit-size'><h3 class='av-special-heading-tag'  itemprop=\"headline\"  >ZDA<\/h3><div class=\"special-heading-border\"><div class=\"special-heading-inner-border\"><\/div><\/div><\/div><br \/>\n<section  class='av_textblock_section av-lab8m872-92d0af39dce0c872dc8a911ec7d3af90'  itemscope=\"itemscope\" itemtype=\"https:\/\/schema.org\/CreativeWork\" ><div class='avia_textblock'  itemprop=\"text\" ><div id=\"image-map-pro-5151\"><\/div>\n<\/div><\/section><\/p><\/div>\n<div  class='hr av-41si0d-f371f3f2e7d6f77f40094b2fede858e6 hr-default  avia-builder-el-20  el_after_av_one_third  el_before_av_one_third '><span class='hr-inner '><span class=\"hr-inner-style\"><\/span><\/span><\/div>\n<div class='flex_column av-28tw71-72eeafc00ca037beea78a5d3cbe9c8c2 av_one_third  avia-builder-el-21  el_after_av_hr  el_before_av_one_fifth  first flex_column_div '     ><p>\n<style type=\"text\/css\" data-created_by=\"avia_inline_auto\" id=\"style-css-av-lab9w3rt-4e059759ec6b1a73371d41e747c349d6\">\n#top .av-special-heading.av-lab9w3rt-4e059759ec6b1a73371d41e747c349d6{\npadding-bottom:20px;\nfont-size:40px;\n}\nbody .av-special-heading.av-lab9w3rt-4e059759ec6b1a73371d41e747c349d6 .av-special-heading-tag .heading-char{\nfont-size:25px;\n}\n#top #wrap_all .av-special-heading.av-lab9w3rt-4e059759ec6b1a73371d41e747c349d6 .av-special-heading-tag{\nfont-size:40px;\n}\n.av-special-heading.av-lab9w3rt-4e059759ec6b1a73371d41e747c349d6 .av-subheading{\nfont-size:15px;\n}\n\n@media only screen and (min-width: 480px) and (max-width: 767px){ \n#top #wrap_all .av-special-heading.av-lab9w3rt-4e059759ec6b1a73371d41e747c349d6 .av-special-heading-tag{\nfont-size:0.8em;\n}\n}\n\n@media only screen and (max-width: 479px){ \n#top #wrap_all .av-special-heading.av-lab9w3rt-4e059759ec6b1a73371d41e747c349d6 .av-special-heading-tag{\nfont-size:0.8em;\n}\n}\n<\/style>\n<div  class='av-special-heading av-lab9w3rt-4e059759ec6b1a73371d41e747c349d6 av-special-heading-h3 blockquote modern-quote  avia-builder-el-22  el_before_av_textblock  avia-builder-el-first  av-inherit-size'><h3 class='av-special-heading-tag'  itemprop=\"headline\"  >Estonija<\/h3><div class=\"special-heading-border\"><div class=\"special-heading-inner-border\"><\/div><\/div><\/div><br \/>\n<section  class='av_textblock_section av-lab9wal5-06d0e95905f7c93bd3b1a394a34f2a39'  itemscope=\"itemscope\" itemtype=\"https:\/\/schema.org\/CreativeWork\" ><div class='avia_textblock'  itemprop=\"text\" ><div id=\"image-map-pro-4112\"><\/div>\n<\/div><\/section><\/p><\/div>\n<div class='flex_column av-31qx1p-8a14ad431e3bd0d630e120d43b8edbdf av_one_fifth  avia-builder-el-24  el_after_av_one_third  el_before_av_hr  flex_column_div '     ><p>\n<style type=\"text\/css\" data-created_by=\"avia_inline_auto\" id=\"style-css-av-labatr5x-4500717ca6c8ada1799c5ee7b53aa141\">\n#top .av-special-heading.av-labatr5x-4500717ca6c8ada1799c5ee7b53aa141{\npadding-bottom:20px;\nfont-size:40px;\n}\nbody .av-special-heading.av-labatr5x-4500717ca6c8ada1799c5ee7b53aa141 .av-special-heading-tag .heading-char{\nfont-size:25px;\n}\n#top #wrap_all .av-special-heading.av-labatr5x-4500717ca6c8ada1799c5ee7b53aa141 .av-special-heading-tag{\nfont-size:40px;\n}\n.av-special-heading.av-labatr5x-4500717ca6c8ada1799c5ee7b53aa141 .av-subheading{\nfont-size:15px;\n}\n\n@media only screen and (min-width: 480px) and (max-width: 767px){ \n#top #wrap_all .av-special-heading.av-labatr5x-4500717ca6c8ada1799c5ee7b53aa141 .av-special-heading-tag{\nfont-size:0.8em;\n}\n}\n\n@media only screen and (max-width: 479px){ \n#top #wrap_all .av-special-heading.av-labatr5x-4500717ca6c8ada1799c5ee7b53aa141 .av-special-heading-tag{\nfont-size:0.8em;\n}\n}\n<\/style>\n<div  class='av-special-heading av-labatr5x-4500717ca6c8ada1799c5ee7b53aa141 av-special-heading-h3 blockquote modern-quote  avia-builder-el-25  el_before_av_textblock  avia-builder-el-first  av-inherit-size'><h3 class='av-special-heading-tag'  itemprop=\"headline\"  >Finska<\/h3><div class=\"special-heading-border\"><div class=\"special-heading-inner-border\"><\/div><\/div><\/div><br \/>\n<section  class='av_textblock_section av-3wpvxp-429d244c4404176b90c5521caaa53fe4'  itemscope=\"itemscope\" itemtype=\"https:\/\/schema.org\/CreativeWork\" ><div class='avia_textblock'  itemprop=\"text\" ><div id=\"image-map-pro-971\"><\/div>\n<\/div><\/section><\/p><\/div>\n\n<style type=\"text\/css\" data-created_by=\"avia_inline_auto\" id=\"style-css-av-aotf1-c9e66209003be2091e27c1d6b72a16fe\">\n#top .hr.hr-invisible.av-aotf1-c9e66209003be2091e27c1d6b72a16fe{\nheight:50px;\n}\n<\/style>\n<div  class='hr av-aotf1-c9e66209003be2091e27c1d6b72a16fe hr-invisible  avia-builder-el-27  el_after_av_one_fifth  avia-builder-el-last '><span class='hr-inner '><span class=\"hr-inner-style\"><\/span><\/span><\/div>\n","protected":false},"excerpt":{"rendered":"","protected":false},"author":1,"featured_media":0,"parent":0,"menu_order":0,"comment_status":"closed","ping_status":"closed","template":"","meta":{"om_disable_all_campaigns":false,"_monsterinsights_skip_tracking":false,"_monsterinsights_sitenote_active":false,"_monsterinsights_sitenote_note":"","_monsterinsights_sitenote_category":0,"footnotes":""},"class_list":["post-5270","page","type-page","status-publish","hentry"],"aioseo_notices":[],"_links":{"self":[{"href":"https:\/\/fipro.si\/sl\/wp-json\/wp\/v2\/pages\/5270"}],"collection":[{"href":"https:\/\/fipro.si\/sl\/wp-json\/wp\/v2\/pages"}],"about":[{"href":"https:\/\/fipro.si\/sl\/wp-json\/wp\/v2\/types\/page"}],"author":[{"embeddable":true,"href":"https:\/\/fipro.si\/sl\/wp-json\/wp\/v2\/users\/1"}],"replies":[{"embeddable":true,"href":"https:\/\/fipro.si\/sl\/wp-json\/wp\/v2\/comments?post=5270"}],"version-history":[{"count":5,"href":"https:\/\/fipro.si\/sl\/wp-json\/wp\/v2\/pages\/5270\/revisions"}],"predecessor-version":[{"id":5295,"href":"https:\/\/fipro.si\/sl\/wp-json\/wp\/v2\/pages\/5270\/revisions\/5295"}],"wp:attachment":[{"href":"https:\/\/fipro.si\/sl\/wp-json\/wp\/v2\/media?parent=5270"}],"curies":[{"name":"wp","href":"https:\/\/api.w.org\/{rel}","templated":true}]}}