{"id":5300,"date":"2022-07-06T14:09:40","date_gmt":"2022-07-06T12:09:40","guid":{"rendered":"https:\/\/www.fipro.si\/fipro-surovo\/"},"modified":"2025-09-30T11:00:07","modified_gmt":"2025-09-30T09:00:07","slug":"fipro-surovo","status":"publish","type":"page","link":"https:\/\/fipro.si\/sl\/fipro-surovo\/","title":{"rendered":"FIPRO-surovo"},"content":{"rendered":"<div class='flex_column av-1s0tyz6-8d60f8fb4bb915e5a86df76e4c48ffbd av_one_full  avia-builder-el-0  el_before_av_hr  avia-builder-el-first  first flex_column_div '     ><style type=\"text\/css\" data-created_by=\"avia_inline_auto\" id=\"style-css-av-l59jydzz-fc5505ebd3ccdc82be2295f9ad8c4e86\">\n.avia-image-container.av-l59jydzz-fc5505ebd3ccdc82be2295f9ad8c4e86 img.avia_image{\nbox-shadow:none;\n}\n.avia-image-container.av-l59jydzz-fc5505ebd3ccdc82be2295f9ad8c4e86 .av-image-caption-overlay-center{\ncolor:#ffffff;\n}\n<\/style>\n<div  class='avia-image-container av-l59jydzz-fc5505ebd3ccdc82be2295f9ad8c4e86 av-styling- avia-align-center  avia-builder-el-1  avia-builder-el-no-sibling '   itemprop=\"image\" itemscope=\"itemscope\" itemtype=\"https:\/\/schema.org\/ImageObject\" ><div class=\"avia-image-container-inner\"><div class=\"avia-image-overlay-wrap\"><img decoding=\"async\" class='wp-image-4873 avia-img-lazy-loading-not-4873 avia_image ' src=\"https:\/\/fipro.si\/wp-content\/uploads\/2022\/07\/FIPRO-raw-board.jpg\" alt='' title='FIPRO-raw-board'  height=\"1000\" width=\"2000\"  itemprop=\"thumbnailUrl\" srcset=\"https:\/\/fipro.si\/wp-content\/uploads\/2022\/07\/FIPRO-raw-board.jpg 2000w, https:\/\/fipro.si\/wp-content\/uploads\/2022\/07\/FIPRO-raw-board-300x150.jpg 300w, https:\/\/fipro.si\/wp-content\/uploads\/2022\/07\/FIPRO-raw-board-1030x515.jpg 1030w, https:\/\/fipro.si\/wp-content\/uploads\/2022\/07\/FIPRO-raw-board-768x384.jpg 768w, https:\/\/fipro.si\/wp-content\/uploads\/2022\/07\/FIPRO-raw-board-1536x768.jpg 1536w, https:\/\/fipro.si\/wp-content\/uploads\/2022\/07\/FIPRO-raw-board-1500x750.jpg 1500w, https:\/\/fipro.si\/wp-content\/uploads\/2022\/07\/FIPRO-raw-board-705x353.jpg 705w\" sizes=\"(max-width: 2000px) 100vw, 2000px\" \/><\/div><\/div><\/div><\/div>\n\n<style type=\"text\/css\" data-created_by=\"avia_inline_auto\" id=\"style-css-av-l59nd17z-97ea2fce58b2e049f1743ef40bd3a171\">\n#top .hr.av-l59nd17z-97ea2fce58b2e049f1743ef40bd3a171{\nmargin-top:45px;\nmargin-bottom:30px;\n}\n.hr.av-l59nd17z-97ea2fce58b2e049f1743ef40bd3a171 .hr-inner{\nwidth:105px;\nborder-color:#007fbf;\n}\n<\/style>\n<div  class='hr av-l59nd17z-97ea2fce58b2e049f1743ef40bd3a171 hr-custom  avia-builder-el-2  el_after_av_one_full  el_before_av_heading  hr-left hr-icon-no'><span class='hr-inner inner-border-av-border-fat'><span class=\"hr-inner-style\"><\/span><\/span><\/div>\n\n<style type=\"text\/css\" data-created_by=\"avia_inline_auto\" id=\"style-css-av-l59nx6j6-ba7a27e4ec78f57aecd99dcb0077a799\">\n#top .av-special-heading.av-l59nx6j6-ba7a27e4ec78f57aecd99dcb0077a799{\npadding-bottom:10px;\n}\nbody .av-special-heading.av-l59nx6j6-ba7a27e4ec78f57aecd99dcb0077a799 .av-special-heading-tag .heading-char{\nfont-size:25px;\n}\n.av-special-heading.av-l59nx6j6-ba7a27e4ec78f57aecd99dcb0077a799 .av-subheading{\nfont-size:15px;\n}\n<\/style>\n<div  class='av-special-heading av-l59nx6j6-ba7a27e4ec78f57aecd99dcb0077a799 av-special-heading-h1 blockquote modern-quote  avia-builder-el-3  el_after_av_hr  el_before_av_hr '><h1 class='av-special-heading-tag'  itemprop=\"headline\"  >FIPRO\u00ae<\/h1><div class='av-subheading av-subheading_below'><p>Vrsta plo\u0161\u010de: Standardna neobdelana plo\u0161\u010da<\/p>\n<\/div><div class=\"special-heading-border\"><div class=\"special-heading-inner-border\"><\/div><\/div><\/div>\n\n<style type=\"text\/css\" data-created_by=\"avia_inline_auto\" id=\"style-css-av-36odma-ebad84d65fc7318099ab2b1f62c689e8\">\n#top .hr.hr-invisible.av-36odma-ebad84d65fc7318099ab2b1f62c689e8{\nheight:5px;\n}\n<\/style>\n<div  class='hr av-36odma-ebad84d65fc7318099ab2b1f62c689e8 hr-invisible  avia-builder-el-4  el_after_av_heading  el_before_av_one_half '><span class='hr-inner '><span class=\"hr-inner-style\"><\/span><\/span><\/div>\n<div class='flex_column av-4xxgxe-3d319dca1a375cfb36d5ae92f7b813ad av_one_half  avia-builder-el-5  el_after_av_hr  el_before_av_one_half  first no_margin flex_column_div '     ><p><section  class='av_textblock_section av-l59jx24y-ccdbe60c2ee247d6f8e84c0aba42bc3c'  itemscope=\"itemscope\" itemtype=\"https:\/\/schema.org\/CreativeWork\" ><div class='avia_textblock'  itemprop=\"text\" ><p><strong>OPIS IZDELKA:<\/strong><\/p>\n<p><strong>FIPRO\u00ae<\/strong> je negorljiva plo\u0161\u010da z gladko povr\u0161ino in v velikih velikostih. Za obdelavo je \u0161e posebej enostaven in \u010dist. Povr\u0161ino <strong>FIPRO\u00ae<\/strong> lahko prekrijete s \u0161tevilnimi zaklju\u010dnimi materiali.<\/p>\n<\/div><\/section><br \/>\n\n<style type=\"text\/css\" data-created_by=\"avia_inline_auto\" id=\"style-css-av-l59nfi1j-8c931f62d143a390bc4301ff1a64c8dc\">\n#top .hr.hr-invisible.av-l59nfi1j-8c931f62d143a390bc4301ff1a64c8dc{\nheight:25px;\n}\n<\/style>\n<div  class='hr av-l59nfi1j-8c931f62d143a390bc4301ff1a64c8dc hr-invisible  avia-builder-el-7  el_after_av_textblock  el_before_av_textblock '><span class='hr-inner '><span class=\"hr-inner-style\"><\/span><\/span><\/div><br \/>\n<section  class='av_textblock_section av-l59koq3a-4de258fafd8306e60cd6d367aad76c13'  itemscope=\"itemscope\" itemtype=\"https:\/\/schema.org\/CreativeWork\" ><div class='avia_textblock'  itemprop=\"text\" ><p><strong>PODRO\u010cJA UPORABE:<\/strong><\/p>\n<p>Negorljive protipo\u017earne plo\u0161\u010de <strong>FIPRO\u00ae<\/strong> se uporabljajo za <strong>konstrukcije razredov A, B in C<\/strong>: pregrade, stropi, obloge, plavajo\u010da tla, vrata in pohi\u0161tvo za ladje in plo\u0161\u010dadi na morju.<\/p>\n<\/div><\/section><\/p><\/div>\n\n<style type=\"text\/css\" data-created_by=\"avia_inline_auto\" id=\"style-css-av-7o4hqa-0ad61be9f77b0dcb9e1f977481cff2ad\">\n.flex_column.av-7o4hqa-0ad61be9f77b0dcb9e1f977481cff2ad{\nbackground-color:#353535;\n}\n<\/style>\n<div class='flex_column av-7o4hqa-0ad61be9f77b0dcb9e1f977481cff2ad av_one_half  avia-builder-el-9  el_after_av_one_half  el_before_av_one_half  no_margin flex_column_div '     ><section  class='av_textblock_section av-6hqn6a-1ceaed4e61088d06c0429b395fb7215b'  itemscope=\"itemscope\" itemtype=\"https:\/\/schema.org\/CreativeWork\" ><div class='avia_textblock'  itemprop=\"text\" ><p style=\"padding-left: 80px;\"><strong><span style=\"color: #ffffff;\">NA VOLJO NA ZAHTEVO:<\/span><\/strong><\/p>\n<ul>\n<li style=\"list-style-type: none;\">\n<ul>\n<li><span style=\"color: #ffffff;\">Surove plo\u0161\u010de, razrezane na posebne velikosti<\/span><\/li>\n<li><span style=\"color: #ffffff;\">Povr\u0161inska obdelava z laminati, lesnimi furnirji itd.<\/span><\/li>\n<li><span style=\"color: #ffffff;\">Lepljene plo\u0161\u010de, razrezane po velikosti<\/span><\/li>\n<li><span style=\"color: #ffffff;\">Plo\u0161\u010de z robnimi trakovi<\/span><\/li>\n<li><span style=\"color: #ffffff;\">Vrezani robovi<\/span><\/li>\n<li><span style=\"color: #ffffff;\">Oblikovani robovi<\/span><\/li>\n<\/ul>\n<\/li>\n<\/ul>\n<ul>\n<li style=\"list-style-type: none;\">\n<ul>\n<li><span style=\"color: #ffffff;\">CERTIFIKATI<\/span><\/li>\n<\/ul>\n<\/li>\n<\/ul>\n<\/div><\/section><\/div>\n<div class='flex_column_table av-42cfaa-747957b86adedde0422ca4c575152ac5 sc-av_one_half av-equal-height-column-flextable'><div class='flex_column av-42cfaa-747957b86adedde0422ca4c575152ac5 av_one_half  avia-builder-el-11  el_after_av_one_half  el_before_av_one_half  first no_margin flex_column_table_cell av-equal-height-column av-align-top column-top-margin'     ><div  class='avia-buttonrow-wrap av-l59s12vv-01df68937580afdd4d6642afca18a743 avia-buttonrow-left  avia-builder-el-12  avia-builder-el-no-sibling '>\n\n<style type=\"text\/css\" data-created_by=\"avia_inline_auto\" id=\"style-css-av-l59ryhuj-6d5adbe1b95827c9f9d7bf475871aade\">\n#top #wrap_all .avia-button.av-l59ryhuj-6d5adbe1b95827c9f9d7bf475871aade{\nbackground-color:#007fbe;\nborder-color:#007fbe;\nborder-style:none;\n-webkit-transition:all 0.4s ease-in-out;\n-moz-transition:all 0.4s ease-in-out;\n-ms-transition:all 0.4s ease-in-out;\n-o-transition:all 0.4s ease-in-out;\ntransition:all 0.4s ease-in-out;\nmargin-bottom:5px;\nmargin-right:5px;\n}\n#top #wrap_all .avia-button.av-l59ryhuj-6d5adbe1b95827c9f9d7bf475871aade:hover{\nbackground-color:#389dcc;\ncolor:white;\n-webkit-transition:all 0.4s ease-in-out;\n-moz-transition:all 0.4s ease-in-out;\n-ms-transition:all 0.4s ease-in-out;\n-o-transition:all 0.4s ease-in-out;\ntransition:all 0.4s ease-in-out;\n}\n<\/style>\n<a href='https:\/\/www.fipro.si\/sl\/pisite-na\/'  class='avia-button av-l59ryhuj-6d5adbe1b95827c9f9d7bf475871aade avia-icon_select-yes-left-icon avia-size-medium avia-font-color-theme-color'  ><span class='avia_button_icon avia_button_icon_left ' aria-hidden='true' data-av_icon='\ue83c' data-av_iconfont='entypo-fontello'><\/span><span class='avia_iconbox_title' > Pi\u0161ite nam<\/span><\/a>\n\n<style type=\"text\/css\" data-created_by=\"avia_inline_auto\" id=\"style-css-av-l59rzi3i-e74797c509741298efb4aac59157db9a\">\n#top #wrap_all .avia-button.av-l59rzi3i-e74797c509741298efb4aac59157db9a{\nbackground-color:#007fbe;\nborder-color:#007fbe;\nborder-style:none;\n-webkit-transition:all 0.4s ease-in-out;\n-moz-transition:all 0.4s ease-in-out;\n-ms-transition:all 0.4s ease-in-out;\n-o-transition:all 0.4s ease-in-out;\ntransition:all 0.4s ease-in-out;\nmargin-bottom:5px;\nmargin-right:5px;\n}\n#top #wrap_all .avia-button.av-l59rzi3i-e74797c509741298efb4aac59157db9a:hover{\nbackground-color:#389dcc;\ncolor:white;\n-webkit-transition:all 0.4s ease-in-out;\n-moz-transition:all 0.4s ease-in-out;\n-ms-transition:all 0.4s ease-in-out;\n-o-transition:all 0.4s ease-in-out;\ntransition:all 0.4s ease-in-out;\n}\n<\/style>\n<a href='https:\/\/mineralka.si\/wp-content\/uploads\/2024\/02\/FIPRO-.pdf'  class='avia-button av-l59rzi3i-e74797c509741298efb4aac59157db9a avia-icon_select-yes-left-icon avia-size-medium avia-font-color-theme-color'  ><span class='avia_button_icon avia_button_icon_left ' aria-hidden='true' data-av_icon='\ue82d' data-av_iconfont='entypo-fontello'><\/span><span class='avia_iconbox_title' > Prenesite podatkovni list FIPRO\u00ae<\/span><\/a>\n<\/div><\/div>\n<div class='flex_column av-7wppe-950e016ea9347368397c69d9efcc5466 av_one_half  avia-builder-el-13  el_after_av_one_half  el_before_av_hr  no_margin flex_column_table_cell av-equal-height-column av-align-top column-top-margin'     ><div  class='avia-buttonrow-wrap av-l59sfisl-2ddc4bc63e2f129df08cee1e872f5199 avia-buttonrow-right  avia-builder-el-14  avia-builder-el-no-sibling '>\n\n<style type=\"text\/css\" data-created_by=\"avia_inline_auto\" id=\"style-css-av-l59sef16-de554d2af9865a1caa5b2fe72cb6f3ba\">\n#top #wrap_all .avia-button.av-l59sef16-de554d2af9865a1caa5b2fe72cb6f3ba{\nbackground-color:#389dcc;\nborder-color:#389dcc;\nborder-style:none;\n-webkit-transition:all 0.4s ease-in-out;\n-moz-transition:all 0.4s ease-in-out;\n-ms-transition:all 0.4s ease-in-out;\n-o-transition:all 0.4s ease-in-out;\ntransition:all 0.4s ease-in-out;\nmargin-bottom:5px;\nmargin-left:5px;\n}\n#top #wrap_all .avia-button.av-l59sef16-de554d2af9865a1caa5b2fe72cb6f3ba:hover{\nbackground-color:#017fbe;\ncolor:white;\n-webkit-transition:all 0.4s ease-in-out;\n-moz-transition:all 0.4s ease-in-out;\n-ms-transition:all 0.4s ease-in-out;\n-o-transition:all 0.4s ease-in-out;\ntransition:all 0.4s ease-in-out;\n}\n<\/style>\n<a href='https:\/\/www.fipro.si\/sl\/fipro-ms-surovo\/'  class='avia-button av-l59sef16-de554d2af9865a1caa5b2fe72cb6f3ba avia-icon_select-yes-left-icon avia-size-medium avia-font-color-theme-color'  ><span class='avia_button_icon avia_button_icon_left ' aria-hidden='true' data-av_icon='\ue871' data-av_iconfont='entypo-fontello'><\/span><span class='avia_iconbox_title' >FIPRO\u00ae MS<\/span><\/a>\n\n<style type=\"text\/css\" data-created_by=\"avia_inline_auto\" id=\"style-css-av-l59sef16-3-1-b14f22c05dbff6bdf0471aae9ac1878d\">\n#top #wrap_all .avia-button.av-l59sef16-3-1-b14f22c05dbff6bdf0471aae9ac1878d{\nbackground-color:#389dcc;\nborder-color:#389dcc;\nborder-style:none;\n-webkit-transition:all 0.4s ease-in-out;\n-moz-transition:all 0.4s ease-in-out;\n-ms-transition:all 0.4s ease-in-out;\n-o-transition:all 0.4s ease-in-out;\ntransition:all 0.4s ease-in-out;\nmargin-bottom:5px;\nmargin-left:5px;\n}\n#top #wrap_all .avia-button.av-l59sef16-3-1-b14f22c05dbff6bdf0471aae9ac1878d:hover{\nbackground-color:#017fbe;\ncolor:white;\n-webkit-transition:all 0.4s ease-in-out;\n-moz-transition:all 0.4s ease-in-out;\n-ms-transition:all 0.4s ease-in-out;\n-o-transition:all 0.4s ease-in-out;\ntransition:all 0.4s ease-in-out;\n}\n<\/style>\n<a href='https:\/\/www.fipro.si\/sl\/fipro-light-400-raw\/'  class='avia-button av-l59sef16-3-1-b14f22c05dbff6bdf0471aae9ac1878d avia-icon_select-yes-left-icon avia-size-medium avia-font-color-theme-color'  ><span class='avia_button_icon avia_button_icon_left ' aria-hidden='true' data-av_icon='\ue871' data-av_iconfont='entypo-fontello'><\/span><span class='avia_iconbox_title' >FIPRO\u00ae Light 400<\/span><\/a>\n\n<style type=\"text\/css\" data-created_by=\"avia_inline_auto\" id=\"style-css-av-l59sef16-3-4c94d64612233ef3d7bdf5c41d1964bd\">\n#top #wrap_all .avia-button.av-l59sef16-3-4c94d64612233ef3d7bdf5c41d1964bd{\nbackground-color:#389dcc;\nborder-color:#389dcc;\nborder-style:none;\n-webkit-transition:all 0.4s ease-in-out;\n-moz-transition:all 0.4s ease-in-out;\n-ms-transition:all 0.4s ease-in-out;\n-o-transition:all 0.4s ease-in-out;\ntransition:all 0.4s ease-in-out;\nmargin-bottom:5px;\nmargin-left:5px;\n}\n#top #wrap_all .avia-button.av-l59sef16-3-4c94d64612233ef3d7bdf5c41d1964bd:hover{\nbackground-color:#017fbe;\ncolor:white;\n-webkit-transition:all 0.4s ease-in-out;\n-moz-transition:all 0.4s ease-in-out;\n-ms-transition:all 0.4s ease-in-out;\n-o-transition:all 0.4s ease-in-out;\ntransition:all 0.4s ease-in-out;\n}\n<\/style>\n<a href='https:\/\/www.fipro.si\/sl\/fipro-light-500-raw\/'  class='avia-button av-l59sef16-3-4c94d64612233ef3d7bdf5c41d1964bd avia-icon_select-yes-left-icon avia-size-medium avia-font-color-theme-color'  ><span class='avia_button_icon avia_button_icon_left ' aria-hidden='true' data-av_icon='\ue871' data-av_iconfont='entypo-fontello'><\/span><span class='avia_iconbox_title' >FIPRO\u00ae Light 500<\/span><\/a>\n<\/div><\/div><\/div><!--close column table wrapper. Autoclose: 1 -->\n\n<style type=\"text\/css\" data-created_by=\"avia_inline_auto\" id=\"style-css-av-34i59e-7c014dd8d52f2ebcf4c354c9cc2a49f9\">\n#top .hr.hr-invisible.av-34i59e-7c014dd8d52f2ebcf4c354c9cc2a49f9{\nheight:25px;\n}\n<\/style>\n<div  class='hr av-34i59e-7c014dd8d52f2ebcf4c354c9cc2a49f9 hr-invisible  avia-builder-el-15  el_after_av_one_half  el_before_av_heading '><span class='hr-inner '><span class=\"hr-inner-style\"><\/span><\/span><\/div>\n\n<style type=\"text\/css\" data-created_by=\"avia_inline_auto\" id=\"style-css-av-l59p495z-4074203dd201760d0a68c35e29a017fc\">\n#top .av-special-heading.av-l59p495z-4074203dd201760d0a68c35e29a017fc{\npadding-bottom:10px;\n}\nbody .av-special-heading.av-l59p495z-4074203dd201760d0a68c35e29a017fc .av-special-heading-tag .heading-char{\nfont-size:25px;\n}\n.av-special-heading.av-l59p495z-4074203dd201760d0a68c35e29a017fc .av-subheading{\nfont-size:15px;\n}\n<\/style>\n<div  class='av-special-heading av-l59p495z-4074203dd201760d0a68c35e29a017fc av-special-heading-h3 blockquote modern-quote  avia-builder-el-16  el_after_av_hr  el_before_av_table '><h3 class='av-special-heading-tag'  itemprop=\"headline\"  > Tehni\u010dna specifikacija*<\/h3><div class=\"special-heading-border\"><div class=\"special-heading-inner-border\"><\/div><\/div><\/div>\n<div class='avia-data-table-wrap av-1prdnpe-619df3f7e4b0afdf645577693bc16c8f avia_responsive_table avia-table-1'><table  class='avia-table avia-data-table avia_pricing_default  avia-builder-el-17  el_after_av_heading  el_before_av_textblock '  itemscope=\"itemscope\" itemtype=\"https:\/\/schema.org\/Table\" ><tbody><tr class=''><td class=''>Odziv na ogenj (IMO Res. MSC 307(88) FTP(2010) <\/td><td class=''>Nevnetljivi<br \/>\n<\/td><\/tr><tr class=''><td class=''>Gostota<\/td><td class=''>800 kg\/m\u00b3 (\u00b1 10 %)<br \/>\n<\/td><\/tr><tr class=''><td class=''>Standardna dimenzija (mm) ali na zahtevo <\/td><td class=''>2440 x 1220 | 2500 x 1250 | 2800 x 1250 | 3100 x 1250<br \/>\n<\/td><\/tr><tr class=''><td class=''>Toleranca pri dimenziji<\/td><td class=''>\u00b1 1,0 mm<br \/>\n<\/td><\/tr><tr class=''><td class=''>Standardna debelina (mm) ali na zahtevo <\/td><td class=''>8, 10, 12, 16, 19, 25, 30, 32, 40, 50<br \/>\n<\/td><\/tr><tr class=''><td class=''>Toleranca debeline<\/td><td class=''>+0,3 \/ -0,2 mm<br \/>\n<\/td><\/tr><tr class=''><td class=''>Upogibna trdnost (EN 12809 Var.B) <\/td><td class=''>4,0 MPa<br \/>\n<\/td><\/tr><tr class=''><td class=''>Povr\u0161ina in rob za izvle\u010denje vijakov** (EN 320) <\/td><td class=''>250 N<br \/>\n<\/td><\/tr><tr class=''><td class=''>Natezna trdnost (EN 319) <\/td><td class=''>0,3 MPa<br \/>\n<\/td><\/tr><tr class=''><td class=''>Mo\u010d delaminacije (EN 311) <\/td><td class=''>0,8 MPa<br \/>\n<\/td><\/tr><tr class=''><td class=''>Ostanek vlage (franko tovarna) (EN 322) <\/td><td class=''>2 &#8211; 7 %<br \/>\n<\/td><\/tr><\/tbody><\/table><\/div>\n<section  class='av_textblock_section av-l59p583y-8ba0c19fadafd9aeaec4c5ef034e65f1'  itemscope=\"itemscope\" itemtype=\"https:\/\/schema.org\/CreativeWork\" ><div class='avia_textblock'  itemprop=\"text\" ><p><small><em> *Vsi navedeni tehni\u010dni podatki so povpre\u010dne vrednosti iz proizvodnje in so informativne narave.Mineralka si pridr\u017euje pravico, da kadar koli in brez predhodnega obvestila spremeni specifikacije izdelka. Varnostni list in priro\u010dnik sta na voljo na zahtevo.<\/em><\/small><\/p>\n<p><em><small>** Od debeline 15 mm naprej. <\/small><\/em><\/p>\n<\/div><\/section>\n\n<style type=\"text\/css\" data-created_by=\"avia_inline_auto\" id=\"style-css-av-2va9gj6-09db46c76fcd9994d5da1c7415521dd5\">\n#top .hr.hr-invisible.av-2va9gj6-09db46c76fcd9994d5da1c7415521dd5{\nheight:25px;\n}\n<\/style>\n<div  class='hr av-2va9gj6-09db46c76fcd9994d5da1c7415521dd5 hr-invisible  avia-builder-el-19  el_after_av_textblock  el_before_av_table '><span class='hr-inner '><span class=\"hr-inner-style\"><\/span><\/span><\/div>\n<div class='avia-data-table-wrap av-2u0qnma-4c69d51ce2e939999794b190f4327216 avia_responsive_table avia-table-2'><table  class='avia-table avia-data-table avia_pricing_default  avia-builder-el-20  el_after_av_hr  el_before_av_hr '  itemscope=\"itemscope\" itemtype=\"https:\/\/schema.org\/Table\" ><tbody><tr class=''><td class=''>Debelina (mm)<\/td><td class=''>Te\u017ea <sup>kg\/m2<\/sup><\/td><td class=''>Koli\u010dina kosov\/paleta<br \/>\n| 2440 x 1220 mm | 2500 x 1250 mm <\/td><td class=''>Koli\u010dina kosov\/paleta<br \/>\n| 2800 x 1250 mm | 3100 x 1250 mm<\/td><\/tr><tr class=''><td class=''>8<\/td><td class=''>6.8<\/td><td class=''>100<\/td><td class=''>86<\/td><\/tr><tr class=''><td class=''>10<\/td><td class=''>8.3<\/td><td class=''>80<\/td><td class=''>69<\/td><\/tr><tr class=''><td class=''>12<\/td><td class=''>9.8<\/td><td class=''>67<\/td><td class=''>58<\/td><\/tr><tr class=''><td class=''>16<\/td><td class=''>12.6<\/td><td class=''>53<\/td><td class=''>46<\/td><\/tr><tr class=''><td class=''>19<\/td><td class=''>15.0<\/td><td class=''>49<\/td><td class=''>42<\/td><\/tr><tr class=''><td class=''>25<\/td><td class=''>19.5<\/td><td class=''>37<\/td><td class=''>32<\/td><\/tr><tr class=''><td class=''>30<\/td><td class=''>23.1<\/td><td class=''>31<\/td><td class=''>26<\/td><\/tr><tr class=''><td class=''>32<\/td><td class=''>24.6<\/td><td class=''>29<\/td><td class=''>24<\/td><\/tr><tr class=''><td class=''>40<\/td><td class=''>29.6<\/td><td class=''>23<\/td><td class=''>20<\/td><\/tr><tr class=''><td class=''>50 <\/td><td class=''>37.0<\/td><td class=''>18<\/td><td class=''>16<\/td><\/tr><\/tbody><\/table><\/div>\n\n<style type=\"text\/css\" data-created_by=\"avia_inline_auto\" id=\"style-css-av-2sbtxu-48ad5fe7b4d18e4de15b0b07e35b86ce\">\n#top .hr.hr-invisible.av-2sbtxu-48ad5fe7b4d18e4de15b0b07e35b86ce{\nheight:25px;\n}\n<\/style>\n<div  class='hr av-2sbtxu-48ad5fe7b4d18e4de15b0b07e35b86ce hr-invisible  avia-builder-el-21  el_after_av_table  avia-builder-el-last '><span class='hr-inner '><span class=\"hr-inner-style\"><\/span><\/span><\/div>\n","protected":false},"excerpt":{"rendered":"","protected":false},"author":1,"featured_media":0,"parent":0,"menu_order":0,"comment_status":"closed","ping_status":"closed","template":"","meta":{"om_disable_all_campaigns":false,"_monsterinsights_skip_tracking":false,"_monsterinsights_sitenote_active":false,"_monsterinsights_sitenote_note":"","_monsterinsights_sitenote_category":0,"footnotes":""},"class_list":["post-5300","page","type-page","status-publish","hentry"],"aioseo_notices":[],"_links":{"self":[{"href":"https:\/\/fipro.si\/sl\/wp-json\/wp\/v2\/pages\/5300"}],"collection":[{"href":"https:\/\/fipro.si\/sl\/wp-json\/wp\/v2\/pages"}],"about":[{"href":"https:\/\/fipro.si\/sl\/wp-json\/wp\/v2\/types\/page"}],"author":[{"embeddable":true,"href":"https:\/\/fipro.si\/sl\/wp-json\/wp\/v2\/users\/1"}],"replies":[{"embeddable":true,"href":"https:\/\/fipro.si\/sl\/wp-json\/wp\/v2\/comments?post=5300"}],"version-history":[{"count":15,"href":"https:\/\/fipro.si\/sl\/wp-json\/wp\/v2\/pages\/5300\/revisions"}],"predecessor-version":[{"id":5965,"href":"https:\/\/fipro.si\/sl\/wp-json\/wp\/v2\/pages\/5300\/revisions\/5965"}],"wp:attachment":[{"href":"https:\/\/fipro.si\/sl\/wp-json\/wp\/v2\/media?parent=5300"}],"curies":[{"name":"wp","href":"https:\/\/api.w.org\/{rel}","templated":true}]}}