{"id":5445,"date":"2023-11-24T13:22:37","date_gmt":"2023-11-24T12:22:37","guid":{"rendered":"https:\/\/www.fipro.si\/?page_id=5445"},"modified":"2023-11-24T13:24:42","modified_gmt":"2023-11-24T12:24:42","slug":"energetsko-ucinkovit-sistem-stenske-obloge-hpb","status":"publish","type":"page","link":"https:\/\/fipro.si\/sl\/energetsko-ucinkovit-sistem-stenske-obloge-hpb\/","title":{"rendered":"Energetsko u\u010dinkovit sistem stenske obloge HPB"},"content":{"rendered":"<p><strong>Naslov projekta: <\/strong>Energetsko u\u010dinkovit sistem stenske obloge HPB<\/p>\n<p><strong>\u00a0<\/strong><\/p>\n<p>Projekt, opisuje stensko oblogo, ki se bo uporabljala v notranjih prostorih. Namen projekta je razvoj novega izdelka, ki bo omogo\u010dil energetske prihranke pri ogrevanju in hlajenju v kontekstu bivalnega ugodja in bla\u017eenja podnebnih sprememb.<\/p>\n<p>&nbsp;<\/p>\n<p>Skupna vrednost projekta v katerem sodelujejo ALPOD d.o.o., MINERALKA d.o.o. in MITOL d.o.o., Se\u017eana zna\u0161a 726.791,94 EUR. Nalo\u017eba je del ukrepov na\u010drta, ki se financira iz Mehanizma za okrevanje in odpornost (<a href=\"http:\/\/www.noo.gov.si\">www.noo.gov.si<\/a>) v znesku 299.994,77 EUR.<\/p>\n<p>Projekt traja od 1.11.2023 in se zaklju\u010di 31. 10. 2025.<\/p>\n<p>Z izvedbo projekta bomo razvili nov produkt z uporabo reciklatov.<\/p>\n<p>&nbsp;<\/p>\n<p><a href=\"https:\/\/www.gov.si\/drzavni-organi\/ministrstva\/ministrstvo-za-gospodarstvo-turizem-in-sport\/\"><img loading=\"lazy\" decoding=\"async\" class=\"alignnone wp-image-5452 size-medium\" src=\"https:\/\/fipro.si\/wp-content\/uploads\/2023\/11\/M-rs-1-300x52.jpg\" alt=\"\" width=\"300\" height=\"52\" srcset=\"https:\/\/fipro.si\/wp-content\/uploads\/2023\/11\/M-rs-1-300x52.jpg 300w, https:\/\/fipro.si\/wp-content\/uploads\/2023\/11\/M-rs-1-768x134.jpg 768w, https:\/\/fipro.si\/wp-content\/uploads\/2023\/11\/M-rs-1-705x123.jpg 705w, https:\/\/fipro.si\/wp-content\/uploads\/2023\/11\/M-rs-1.jpg 802w\" sizes=\"(max-width: 300px) 100vw, 300px\" \/><\/a><\/p>\n<p><a href=\"https:\/\/www.spiritslovenia.si\/\"><img loading=\"lazy\" decoding=\"async\" class=\"alignnone wp-image-5454 size-full\" src=\"https:\/\/fipro.si\/wp-content\/uploads\/2023\/11\/m-sp-1.png\" alt=\"\" width=\"250\" height=\"93\" \/><\/a><\/p>\n<p><a href=\"https:\/\/www.gov.si\/zbirke\/projekti-in-programi\/nacrt-za-okrevanje-in-odpornost\"><img loading=\"lazy\" decoding=\"async\" class=\"alignnone wp-image-5448 size-medium\" src=\"https:\/\/fipro.si\/wp-content\/uploads\/2023\/11\/m-eu-1-300x92.png\" alt=\"\" width=\"300\" height=\"92\" srcset=\"https:\/\/fipro.si\/wp-content\/uploads\/2023\/11\/m-eu-1-300x92.png 300w, https:\/\/fipro.si\/wp-content\/uploads\/2023\/11\/m-eu-1.png 405w\" sizes=\"(max-width: 300px) 100vw, 300px\" \/><\/a><\/p>\n","protected":false},"excerpt":{"rendered":"<p>Naslov projekta: Energetsko u\u010dinkovit sistem stenske obloge HPB \u00a0 Projekt, opisuje stensko oblogo, ki se bo uporabljala v notranjih prostorih. Namen projekta je razvoj novega izdelka, ki bo omogo\u010dil energetske prihranke pri ogrevanju in hlajenju v kontekstu bivalnega ugodja in bla\u017eenja podnebnih sprememb. &nbsp; Skupna vrednost projekta v katerem sodelujejo ALPOD d.o.o., MINERALKA d.o.o. in [&hellip;]<\/p>\n","protected":false},"author":2,"featured_media":0,"parent":0,"menu_order":0,"comment_status":"closed","ping_status":"closed","template":"","meta":{"om_disable_all_campaigns":false,"_monsterinsights_skip_tracking":false,"_monsterinsights_sitenote_active":false,"_monsterinsights_sitenote_note":"","_monsterinsights_sitenote_category":0,"footnotes":""},"class_list":["post-5445","page","type-page","status-publish","hentry"],"aioseo_notices":[],"_links":{"self":[{"href":"https:\/\/fipro.si\/sl\/wp-json\/wp\/v2\/pages\/5445"}],"collection":[{"href":"https:\/\/fipro.si\/sl\/wp-json\/wp\/v2\/pages"}],"about":[{"href":"https:\/\/fipro.si\/sl\/wp-json\/wp\/v2\/types\/page"}],"author":[{"embeddable":true,"href":"https:\/\/fipro.si\/sl\/wp-json\/wp\/v2\/users\/2"}],"replies":[{"embeddable":true,"href":"https:\/\/fipro.si\/sl\/wp-json\/wp\/v2\/comments?post=5445"}],"version-history":[{"count":3,"href":"https:\/\/fipro.si\/sl\/wp-json\/wp\/v2\/pages\/5445\/revisions"}],"predecessor-version":[{"id":5447,"href":"https:\/\/fipro.si\/sl\/wp-json\/wp\/v2\/pages\/5445\/revisions\/5447"}],"wp:attachment":[{"href":"https:\/\/fipro.si\/sl\/wp-json\/wp\/v2\/media?parent=5445"}],"curies":[{"name":"wp","href":"https:\/\/api.w.org\/{rel}","templated":true}]}}