{"id":6001,"date":"2025-10-24T14:14:15","date_gmt":"2025-10-24T12:14:15","guid":{"rendered":"https:\/\/fipro.si\/?page_id=6001"},"modified":"2025-10-24T14:50:24","modified_gmt":"2025-10-24T12:50:24","slug":"zaposlitev","status":"publish","type":"page","link":"https:\/\/fipro.si\/sl\/zaposlitev\/","title":{"rendered":"zaposlitev"},"content":{"rendered":"<div id='full_slider_1'  class='avia-fullwidth-slider main_color avia-shadow   avia-builder-el-0  el_before_av_hr  avia-builder-el-first   container_wrap sidebar_right'  ><div  class='avia-slideshow av-mh4tdbtr-a8c7d852e0a6399133a3888fa688d0d6 avia-slideshow-featured av_slideshow_full avia-slide-slider av-slideshow-ui av-control-default av-slideshow-manual av-loop-once av-loop-manual-endless av-default-height-applied   avia-slideshow-1' data-slideshow-options=\"{&quot;animation&quot;:&quot;slide&quot;,&quot;autoplay&quot;:false,&quot;loop_autoplay&quot;:&quot;once&quot;,&quot;interval&quot;:5,&quot;loop_manual&quot;:&quot;manual-endless&quot;,&quot;autoplay_stopper&quot;:false,&quot;noNavigation&quot;:false,&quot;bg_slider&quot;:false,&quot;keep_padding&quot;:false,&quot;hoverpause&quot;:false,&quot;show_slide_delay&quot;:0}\"  itemprop=\"image\" itemscope=\"itemscope\" itemtype=\"https:\/\/schema.org\/ImageObject\" ><ul class='avia-slideshow-inner ' style='padding-bottom: 28.666666666667%;'><li  class='avia-slideshow-slide av-mh4tdbtr-a8c7d852e0a6399133a3888fa688d0d6__0  av-single-slide slide-1 slide-odd'><div data-rel='slideshow-1' class='avia-slide-wrap '   ><img decoding=\"async\" class=\"wp-image-5981 avia-img-lazy-loading-not-5981\"  src=\"https:\/\/fipro.si\/wp-content\/uploads\/2025\/10\/company-representatives-reading-applicant-resume-hiring-1500x430.jpg\" width=\"1500\" height=\"430\" title='Company representatives reading applicant resume at hiring' alt=''  itemprop=\"thumbnailUrl\"   \/><\/div><\/li><\/ul><\/div><\/div><div id='after_full_slider_1'  class='main_color av_default_container_wrap container_wrap sidebar_right'  ><div class='container av-section-cont-open' ><div class='template-page content  av-content-small alpha units'><div class='post-entry post-entry-type-page post-entry-6001'><div class='entry-content-wrapper clearfix'>\n\n<style type=\"text\/css\" data-created_by=\"avia_inline_auto\" id=\"style-css-av-mh4tdu06-0d171cc152c1cf93b14cdc5fa3f99e62\">\n#top .hr.hr-invisible.av-mh4tdu06-0d171cc152c1cf93b14cdc5fa3f99e62{\nheight:15px;\n}\n<\/style>\n<div  class='hr av-mh4tdu06-0d171cc152c1cf93b14cdc5fa3f99e62 hr-invisible  avia-builder-el-1  el_after_av_slideshow_full  el_before_av_heading  avia-builder-el-first '><span class='hr-inner '><span class=\"hr-inner-style\"><\/span><\/span><\/div>\n\n<style type=\"text\/css\" data-created_by=\"avia_inline_auto\" id=\"style-css-av-mh4telg0-acfc66e0f7683a53ff2ba2c129306f05\">\n#top .av-special-heading.av-mh4telg0-acfc66e0f7683a53ff2ba2c129306f05{\npadding-bottom:10px;\n}\nbody .av-special-heading.av-mh4telg0-acfc66e0f7683a53ff2ba2c129306f05 .av-special-heading-tag .heading-char{\nfont-size:25px;\n}\n.av-special-heading.av-mh4telg0-acfc66e0f7683a53ff2ba2c129306f05 .av-subheading{\nfont-size:15px;\n}\n<\/style>\n<div  class='av-special-heading av-mh4telg0-acfc66e0f7683a53ff2ba2c129306f05 av-special-heading-h3 blockquote modern-quote  avia-builder-el-2  el_after_av_hr  el_before_av_hr '><h3 class='av-special-heading-tag'  itemprop=\"headline\"  >Postani del na\u0161e zgodbe!<\/h3><div class=\"special-heading-border\"><div class=\"special-heading-inner-border\"><\/div><\/div><\/div>\n\n<style type=\"text\/css\" data-created_by=\"avia_inline_auto\" id=\"style-css-av-mh4tfvnz-a995017599c8299f8927e5dbd78eb266\">\n#top .hr.av-mh4tfvnz-a995017599c8299f8927e5dbd78eb266{\nmargin-top:45px;\nmargin-bottom:30px;\n}\n.hr.av-mh4tfvnz-a995017599c8299f8927e5dbd78eb266 .hr-inner{\nwidth:105px;\nborder-color:#007fbf;\n}\n<\/style>\n<div  class='hr av-mh4tfvnz-a995017599c8299f8927e5dbd78eb266 hr-custom  avia-builder-el-3  el_after_av_heading  el_before_av_heading  hr-left hr-icon-no'><span class='hr-inner inner-border-av-border-fat'><span class=\"hr-inner-style\"><\/span><\/span><\/div>\n\n<style type=\"text\/css\" data-created_by=\"avia_inline_auto\" id=\"style-css-av-mh4tgbzm-4f268811b3a91180babb2c02ce284d94\">\n#top .av-special-heading.av-mh4tgbzm-4f268811b3a91180babb2c02ce284d94{\npadding-bottom:10px;\n}\nbody .av-special-heading.av-mh4tgbzm-4f268811b3a91180babb2c02ce284d94 .av-special-heading-tag .heading-char{\nfont-size:25px;\n}\n.av-special-heading.av-mh4tgbzm-4f268811b3a91180babb2c02ce284d94 .av-subheading{\nfont-size:15px;\n}\n<\/style>\n<div  class='av-special-heading av-mh4tgbzm-4f268811b3a91180babb2c02ce284d94 av-special-heading-h1 blockquote modern-quote  avia-builder-el-4  el_after_av_hr  el_before_av_hr '><h1 class='av-special-heading-tag'  itemprop=\"headline\"  >PRIDRU\u017dI SE NA\u0160I EKIPI!<\/h1><div class=\"special-heading-border\"><div class=\"special-heading-inner-border\"><\/div><\/div><\/div>\n\n<style type=\"text\/css\" data-created_by=\"avia_inline_auto\" id=\"style-css-av-mh4tgvdn-da59093267902fa9a120684a56563475\">\n#top .hr.hr-invisible.av-mh4tgvdn-da59093267902fa9a120684a56563475{\nheight:30px;\n}\n<\/style>\n<div  class='hr av-mh4tgvdn-da59093267902fa9a120684a56563475 hr-invisible  avia-builder-el-5  el_after_av_heading  el_before_av_textblock '><span class='hr-inner '><span class=\"hr-inner-style\"><\/span><\/span><\/div>\n<section  class='av_textblock_section av-mh4thbe6-d882611d5dffd1cd72aa3af5cf06b36d'  itemscope=\"itemscope\" itemtype=\"https:\/\/schema.org\/CreativeWork\" ><div class='avia_textblock'  itemprop=\"text\" ><p data-start=\"184\" data-end=\"441\">V podjetju <strong data-start=\"222\" data-end=\"238\">Mineralka.si<\/strong> verjamemo, da je uspeh zgrajen na dobri ekipi, pozitivni energiji in skupnih ciljih. I\u0161\u010demo zanesljive, odgovorne in motivirane posameznike, ki \u017eelijo delati v prijetnem okolju in skupaj z nami rasti.<\/p>\n<p data-start=\"443\" data-end=\"473\"><span data-start=\"446\" data-end=\"471\">\u00a0 <\/span><strong data-start=\"446\" data-end=\"471\">Kaj lahko pri\u010dakuje\u0161:<\/strong><\/p>\n<ul data-start=\"474\" data-end=\"778\">\n<li data-start=\"474\" data-end=\"536\">\n<p data-start=\"476\" data-end=\"536\"><strong data-start=\"476\" data-end=\"500\">Stimulativno pla\u010dilo<\/strong> \u2013 tvoje delo cenimo in nagradimo.<\/p>\n<\/li>\n<li data-start=\"537\" data-end=\"606\">\n<p data-start=\"539\" data-end=\"606\"><strong data-start=\"539\" data-end=\"560\">Reden delovni \u010das<\/strong> \u2013 ker verjamemo, da je ravnovesje pomembno.<\/p>\n<\/li>\n<li data-start=\"607\" data-end=\"700\">\n<p data-start=\"609\" data-end=\"700\"><strong data-start=\"609\" data-end=\"636\">Prijetno delovno okolje<\/strong> \u2013 sodelovanje, spo\u0161tovanje in dobra volja so pri nas vsakdan.<\/p>\n<\/li>\n<li data-start=\"701\" data-end=\"778\">\n<p data-start=\"703\" data-end=\"778\"><strong data-start=\"703\" data-end=\"722\">Mo\u017enost razvoja<\/strong> \u2013 z veseljem pomagamo pri tvojem strokovnem napredku.<\/p>\n<\/li>\n<\/ul>\n<p data-start=\"780\" data-end=\"897\">\u010ce \u017eeli\u0161 postati del na\u0161e ekipe, izpolni spodnji obrazec in nam napi\u0161i nekaj o sebi. Veselimo se tvojega sporo\u010dila!<\/p>\n<\/div><\/section>\n<div class='flex_column av-4wq0ep-df538198f2ee3f986f0aa251690d79ce av_one_half  avia-builder-el-7  el_after_av_textblock  el_before_av_one_half  first flex_column_div column-top-margin'     ><form action=\"https:\/\/fipro.si\/sl\/zaposlitev\/\" method=\"post\"  class=\"avia_ajax_form av-form-labels-visible   avia-builder-el-8  avia-builder-el-no-sibling   \" data-avia-form-id=\"1\" data-avia-redirect='' ><fieldset><p class='  first_form  form_element form_fullwidth' id='element_avia_1_1'><label for=\"avia_1_1\">Ime in priimek: <abbr class=\"required\" title=\"required\">*<\/abbr><\/label> <input name=\"avia_1_1\" class=\"text_input is_empty\" type=\"text\" id=\"avia_1_1\" value=\"\" \/><\/p><p class='  first_form  form_element form_fullwidth' id='element_avia_2_1'><label for=\"avia_2_1\">Telefon <abbr class=\"required\" title=\"required\">*<\/abbr><\/label> <input name=\"avia_2_1\" class=\"text_input is_phone\" type=\"text\" id=\"avia_2_1\" value=\"\" \/><\/p><p class='  first_form  form_element form_fullwidth' id='element_avia_3_1'><label for=\"avia_3_1\">E-Mail <abbr class=\"required\" title=\"required\">*<\/abbr><\/label> <input name=\"avia_3_1\" class=\"text_input is_email\" type=\"text\" id=\"avia_3_1\" value=\"\" \/><\/p><p class='  first_form  form_element form_fullwidth' id='element_avia_4_1'><label for=\"avia_4_1\">Zadeva <abbr class=\"required\" title=\"required\">*<\/abbr><\/label> <input name=\"avia_4_1\" class=\"text_input is_empty\" type=\"text\" id=\"avia_4_1\" value=\"\" \/><\/p><p class='  first_form  form_element form_fullwidth av-last-visible-form-element' id='element_avia_5_1'><label for=\"avia_5_1\" class=\"textare_label hidden textare_label_avia_5_1\">Sporo\u010dilo<\/label><textarea  name=\"avia_5_1\" class=\"text_area \" cols=\"40\" rows=\"7\" id=\"avia_5_1\" ><\/textarea><\/p><p class=\"hidden\"><input type=\"text\" name=\"avia_6_1\" class=\"hidden \" id=\"avia_6_1\" value=\"\" \/><\/p><p class=\"form_element \"><input type=\"hidden\" value=\"1\" name=\"avia_generated_form1\" \/><input type=\"submit\" value=\"Po\u0161lji\" class=\"button\"  data-sending-label=\"Sending\"\/><\/p><\/fieldset><\/form><div id=\"ajaxresponse_1\" class=\"ajaxresponse ajaxresponse_1 hidden\"><\/div><\/div><div class='flex_column av-325bjl-6e05f9a42e9a1366628c367f39f7fcf6 av_one_half  avia-builder-el-9  el_after_av_one_half  el_before_av_hr  flex_column_div column-top-margin'     ><p>\n<style type=\"text\/css\" data-created_by=\"avia_inline_auto\" id=\"style-css-av-mh4tisma-9c09e02aac941ce7555800af47e02844\">\n.avia-image-container.av-mh4tisma-9c09e02aac941ce7555800af47e02844 img.avia_image{\nbox-shadow:none;\n}\n.avia-image-container.av-mh4tisma-9c09e02aac941ce7555800af47e02844 .av-image-caption-overlay-center{\ncolor:#ffffff;\n}\n<\/style>\n<div  class='avia-image-container av-mh4tisma-9c09e02aac941ce7555800af47e02844 av-styling- avia-align-center  avia-builder-el-10  el_before_av_hr  avia-builder-el-first '   itemprop=\"image\" itemscope=\"itemscope\" itemtype=\"https:\/\/schema.org\/ImageObject\" ><div class=\"avia-image-container-inner\"><div class=\"avia-image-overlay-wrap\"><img decoding=\"async\" class='wp-image-4954 avia-img-lazy-loading-not-4954 avia_image ' src=\"https:\/\/fipro.si\/wp-content\/uploads\/2022\/07\/MINERALKA-Logo-1030x231.png\" alt='' title='MINERALKA-Logo'  height=\"231\" width=\"1030\"  itemprop=\"thumbnailUrl\" srcset=\"https:\/\/fipro.si\/wp-content\/uploads\/2022\/07\/MINERALKA-Logo-1030x231.png 1030w, https:\/\/fipro.si\/wp-content\/uploads\/2022\/07\/MINERALKA-Logo-300x67.png 300w, https:\/\/fipro.si\/wp-content\/uploads\/2022\/07\/MINERALKA-Logo-768x172.png 768w, https:\/\/fipro.si\/wp-content\/uploads\/2022\/07\/MINERALKA-Logo-705x158.png 705w, https:\/\/fipro.si\/wp-content\/uploads\/2022\/07\/MINERALKA-Logo.png 1200w\" sizes=\"(max-width: 1030px) 100vw, 1030px\" \/><\/div><\/div><\/div><br \/>\n\n<style type=\"text\/css\" data-created_by=\"avia_inline_auto\" id=\"style-css-av-mh4tlk00-df8eb8b503b1aa5157c16c1844018891\">\n#top .hr.hr-invisible.av-mh4tlk00-df8eb8b503b1aa5157c16c1844018891{\nheight:50px;\n}\n<\/style>\n<div  class='hr av-mh4tlk00-df8eb8b503b1aa5157c16c1844018891 hr-invisible  avia-builder-el-11  el_after_av_image  el_before_av_textblock '><span class='hr-inner '><span class=\"hr-inner-style\"><\/span><\/span><\/div><br \/>\n<section  class='av_textblock_section av-mh4tltel-204e0a48d1583fe58feb26c6b9b68acb'  itemscope=\"itemscope\" itemtype=\"https:\/\/schema.org\/CreativeWork\" ><div class='avia_textblock'  itemprop=\"text\" ><h4>Proizvodnja:<\/h4>\n<p>MINERALKA d.o.o.<br \/>\nCesta pod Slivnico 24<br \/>\nSi-1380 Cerknica, Slovenia<br \/>\nTel: +386 1709 0000 | +386 1709 0020<br \/>\nFax: +386 1709 0002 | +386 1709 0022<br \/>\nE-mail: <a href=\"mailto:info@si.tp-group.com\">info@si.tp-group.com<\/a><\/p>\n<\/div><\/section><br \/>\n\n<style type=\"text\/css\" data-created_by=\"avia_inline_auto\" id=\"style-css-av-mh4tmd05-61ea3ecb30be4dbf6302f58a16a5d7b8\">\n#top .hr.hr-invisible.av-mh4tmd05-61ea3ecb30be4dbf6302f58a16a5d7b8{\nheight:50px;\n}\n<\/style>\n<div  class='hr av-mh4tmd05-61ea3ecb30be4dbf6302f58a16a5d7b8 hr-invisible  avia-builder-el-13  el_after_av_textblock  avia-builder-el-last '><span class='hr-inner '><span class=\"hr-inner-style\"><\/span><\/span><\/div><\/p><\/div><\/p>\n\n<style type=\"text\/css\" data-created_by=\"avia_inline_auto\" id=\"style-css-av-mh4tp76y-ad8b29abf21f46b17c5d44c03f7436b9\">\n#top .hr.hr-invisible.av-mh4tp76y-ad8b29abf21f46b17c5d44c03f7436b9{\nheight:15px;\n}\n<\/style>\n<div  class='hr av-mh4tp76y-ad8b29abf21f46b17c5d44c03f7436b9 hr-invisible  avia-builder-el-14  el_after_av_one_half  avia-builder-el-last '><span class='hr-inner '><span class=\"hr-inner-style\"><\/span><\/span><\/div>\n","protected":false},"excerpt":{"rendered":"","protected":false},"author":4,"featured_media":0,"parent":0,"menu_order":0,"comment_status":"closed","ping_status":"closed","template":"","meta":{"om_disable_all_campaigns":false,"_monsterinsights_skip_tracking":false,"_monsterinsights_sitenote_active":false,"_monsterinsights_sitenote_note":"","_monsterinsights_sitenote_category":0,"footnotes":""},"class_list":["post-6001","page","type-page","status-publish","hentry"],"aioseo_notices":[],"_links":{"self":[{"href":"https:\/\/fipro.si\/sl\/wp-json\/wp\/v2\/pages\/6001"}],"collection":[{"href":"https:\/\/fipro.si\/sl\/wp-json\/wp\/v2\/pages"}],"about":[{"href":"https:\/\/fipro.si\/sl\/wp-json\/wp\/v2\/types\/page"}],"author":[{"embeddable":true,"href":"https:\/\/fipro.si\/sl\/wp-json\/wp\/v2\/users\/4"}],"replies":[{"embeddable":true,"href":"https:\/\/fipro.si\/sl\/wp-json\/wp\/v2\/comments?post=6001"}],"version-history":[{"count":7,"href":"https:\/\/fipro.si\/sl\/wp-json\/wp\/v2\/pages\/6001\/revisions"}],"predecessor-version":[{"id":6011,"href":"https:\/\/fipro.si\/sl\/wp-json\/wp\/v2\/pages\/6001\/revisions\/6011"}],"wp:attachment":[{"href":"https:\/\/fipro.si\/sl\/wp-json\/wp\/v2\/media?parent=6001"}],"curies":[{"name":"wp","href":"https:\/\/api.w.org\/{rel}","templated":true}]}}